{"id":16376,"date":"2020-07-15T13:14:26","date_gmt":"2020-07-15T12:14:26","guid":{"rendered":"https:\/\/www.totem-formation.fr\/treinamento\/"},"modified":"2025-07-18T10:50:20","modified_gmt":"2025-07-18T09:50:20","slug":"treinamento","status":"publish","type":"page","link":"https:\/\/www.totem-formation.fr\/pt-pt\/treinamento\/","title":{"rendered":"O COACHING"},"content":{"rendered":"<div class=\"wpb-content-wrapper\"><p>[vc_row full_width=&#8221;stretch_row&#8221; parallax=&#8221;content-moving&#8221; parallax_image=&#8221;14761&#8243;][vc_column][vc_custom_heading text=&#8221;O COACHING&#8221; font_container=&#8221;tag:h1|font_size:48|text_align:left|color:%23ffffff&#8221; use_theme_fonts=&#8221;yes&#8221; css=&#8221;.vc_custom_1594815089009{padding-top: 50px !important;padding-bottom: 60px !important;}&#8221;][\/vc_column][\/vc_row][vc_row css=&#8221;.vc_custom_1594817292356{padding-top: 80px !important;}&#8221;][vc_column][vc_column_text]<\/p>\n<h2>A MELHOR FORMA DE DESENVOLVER A AUTONOMIA E O DESEMPENHO DAS SUAS EQUIPAS<\/h2>\n<p>[\/vc_column_text][vc_column_text]<strong>O coaching \u00e9 um estado de esp\u00edrito e uma forma de trabalhar no dia a dia<\/strong>. Tem por objetivo motivar e desenvolver a autonomia e o desempenho de um indiv\u00edduo ou de uma equipa. \u00c9 uma etapa importante na medida em que cada um precisa do ponto de vista do outro para progredir.  <\/p>\n<p>&nbsp;<\/p>\n<blockquote><p>No Totem, o gestor actua como um &#8220;espelho&#8221;, facilitando o desenvolvimento das suas equipas.<\/p><\/blockquote>\n<p>&nbsp;<\/p>\n<p><strong>O que \u00e9 um coaching eficaz?<\/strong><br \/>\nUma inten\u00e7\u00e3o clara, capacidade de dar sentido e motiva\u00e7\u00e3o, de aportar valor acrescentado objetivo, de mobilizar e responsabilizar, e tamb\u00e9m de medir o impacto gerado.[\/vc_column_text][\/vc_column][\/vc_row][vc_row css=&#8221;.vc_custom_1594817138532{padding-top: 25px !important;padding-bottom: 25px !important;}&#8221;][vc_column][vc_zigzag el_border_width=&#8221;8&#8243;][\/vc_column][\/vc_row][vc_row css=&#8221;.vc_custom_1594817297757{padding-bottom: 40px !important;}&#8221;][vc_column][vc_column_text css=&#8221;.vc_custom_1595000716246{padding-bottom: 35px !important;}&#8221;]<\/p>\n<h3>INDIVIDUAL<\/h3>\n<p>Estamos conscientes de que <strong>as necessidades de gest\u00e3o de cada um s\u00e3o diferentes<\/strong> e que certas mudan\u00e7as ser\u00e3o mais eficazes e vis\u00edveis se forem vistas no decurso de um coaching individual.<\/p>\n<p>&nbsp;<\/p>\n<p><strong>Estas sess\u00f5es de coaching s\u00e3o adaptadas<\/strong> ao cargo, \u00e0s responsabilidades e aos desafios de cada indiv\u00edduo. Podem ser <strong>presenciais ou \u00e0 dist\u00e2ncia<\/strong> (reuni\u00f5es telef\u00f3nicas, Zoom, Skype, etc.) e centram-se frequentemente na gest\u00e3o de conflitos, na gest\u00e3o da mudan\u00e7a ou na consolida\u00e7\u00e3o e desenvolvimento do estilo de gest\u00e3o.[\/vc_column_text][\/vc_column][\/vc_row][vc_row][vc_column width=&#8221;1\/4&#8243;][vc_single_image image=&#8221;14392&#8243; img_size=&#8221;full&#8221;][\/vc_column][vc_column width=&#8221;3\/4&#8243;][vc_column_text]<\/p>\n<h4 style=\"text-align: left;\">Exemplo de coaching individual para um diretor de vendas<\/h4>\n<p>&nbsp;<\/p>\n<p><strong>Passo 1: Define o foco do trabalho e a forma como este ser\u00e1 abordado<\/strong><\/p>\n<ul>\n<li>Uma entrevista colaborativa com a dura\u00e7\u00e3o de cerca de vinte minutos para identificar as principais quest\u00f5es de coaching.<\/li>\n<li>Um plano de a\u00e7\u00e3o inicial para tomar medidas e identificar imediatamente o que est\u00e1 a funcionar e o que est\u00e1 a causar problemas.<\/li>\n<li>Um relat\u00f3rio sobre este primeiro plano de a\u00e7\u00e3o e o in\u00edcio do trabalho de auto-questionamento individual do coachee.<\/li>\n<\/ul>\n<p><strong>Etapa 2: Coaching \u00e0 medida, com o tempo necess\u00e1rio para ver os primeiros progressos concretos<\/strong><\/p>\n<ul>\n<li>A promessa de um compromisso concreto e mensur\u00e1vel de transfer\u00eancia de know-how para uma equipa.<\/li>\n<li>Avalia\u00e7\u00f5es regulares para verificar os progressos realizados e a forma como o coachee os alcan\u00e7ou.<\/li>\n<li>Formas inovadoras e estimulantes de coaching: flash trainings e sess\u00f5es de trabalho para aplicar, treinar, cair e recuperar.<\/li>\n<\/ul>\n<p><strong>Passo 3: Faz progressos concretos a longo prazo<\/strong><\/p>\n<ul>\n<li>Um objetivo para monitorizar e desafiar at\u00e9 que a meta seja atingida.<\/li>\n<li>Prepara reuni\u00f5es, feedback e relat\u00f3rios.<\/li>\n<li>Reuni\u00f5es telef\u00f3nicas dedicadas para analisar o progresso entre 2 dias no terreno.<\/li>\n<\/ul>\n<p>[\/vc_column_text][\/vc_column][\/vc_row][vc_row css=&#8221;.vc_custom_1594817138532{padding-top: 25px !important;padding-bottom: 25px !important;}&#8221;][vc_column][vc_zigzag el_border_width=&#8221;8&#8243;][\/vc_column][\/vc_row][vc_row css=&#8221;.vc_custom_1594817236343{padding-bottom: 50px !important;}&#8221;][vc_column][vc_column_text]<\/p>\n<h3>COLECTIVO<\/h3>\n<p>O coaching em grupo beneficia da partilha de ideias e da reflex\u00e3o de todos os participantes. Esta <strong>sinergia<\/strong> \u00e9 particularmente ben\u00e9fica quando se trata de treinar equipas inteiras ou grupos de participantes com as mesmas responsabilidades dentro da empresa. <\/p>\n<p>&nbsp;<\/p>\n<p><strong>Porqu\u00ea?<\/strong><\/p>\n<p>Porque procuras <strong>unir<\/strong> as suas equipas em torno da identidade e dos projetos da sua empresa, ou porque <strong>a mudan\u00e7a<\/strong> que tem de apoiar exige uma reflex\u00e3o de grupo aprofundada sobre<strong>quest\u00f5es-chave<\/strong>. Ou porque a situa\u00e7\u00e3o parece exigir uma<strong>&#8220;interven\u00e7\u00e3o externa<\/strong>&#8221; para &#8220;sa\u00edres por cima&#8221;. Todas estas raz\u00f5es, e outras, s\u00e3o boas e n\u00e3o devem ser ignoradas.  <\/p>\n<p>&nbsp;<\/p>\n<p><strong>Como?<\/strong><\/p>\n<p>O coaching de grupo realiza-se da mesma forma que o coaching individual, com um n\u00famero pr\u00e9-definido de <strong>sess\u00f5es<\/strong> (normalmente 6 a 14) distribu\u00eddas ao longo do ano. Os grupos s\u00e3o constitu\u00eddos por <strong>4 a 6 gestores<\/strong> do mesmo n\u00edvel. O coach recolhe <strong>as expectativas<\/strong> da sess\u00e3o e <strong>orienta<\/strong> a sess\u00e3o em fun\u00e7\u00e3o das mesmas, principalmente atrav\u00e9s dos exemplos utilizados. <strong>As dramatiza\u00e7\u00f5es e os cen\u00e1rios<\/strong> s\u00e3o frequentemente utilizados para quebrar o gelo e criar uma <strong>din\u00e2mica de grupo<\/strong> durante estas sess\u00f5es de forma\u00e7\u00e3o. Dependendo do n\u00famero de participantes, <strong>as sess\u00f5es<\/strong> duram entre 2 horas e meio dia.   <\/p>\n<p>No final de cada sess\u00e3o, o grupo <strong>analisa<\/strong> as situa\u00e7\u00f5es e sugere \u00e1reas de melhoria. O coach <strong>fornece um quadro para<\/strong> esta reflex\u00e3o, apresentando vias semelhantes e mais ambiciosas para considera\u00e7\u00e3o, antes de recolher o feedback inicial. Finalmente, o coach tamb\u00e9m ajuda cada gestor a elaborar <strong>roteiros e planos de a\u00e7\u00e3o individuais<\/strong>.  <\/p>\n<p>&nbsp;<\/p>\n<p><strong>Quais s\u00e3o os benef\u00edcios?<\/strong><\/p>\n<p>Melhor <strong>comunica\u00e7\u00e3o<\/strong> interna e externa, <strong>resultados<\/strong> <strong>comerciais<\/strong> mais concretos e r\u00e1pidos, equipas mais <strong>motivadas<\/strong> e uma nova <strong>pr\u00f3-atividade<\/strong>!<\/p>\n<p>&nbsp;<\/p>\n<p>&nbsp;<\/p>\n<blockquote><p>Juntarmo-nos \u00e9 um come\u00e7o, mantermo-nos juntos \u00e9 um progresso, <b>trabalharmos<\/b> juntos \u00e9 um sucesso. - Henry Ford <\/p><\/blockquote>\n<p>[\/vc_column_text][\/vc_column][\/vc_row]<\/p>\n<\/div>","protected":false},"excerpt":{"rendered":"<p>[vc_row full_width=&#8221;stretch_row&#8221; parallax=&#8221;content-moving&#8221; parallax_image=&#8221;14761&#8243;][vc_column][vc_custom_heading text=&#8221;O COACHING&#8221; font_container=&#8221;tag:h1|font_size:48|text_align:left|color:%23ffffff&#8221; use_theme_fonts=&#8221;yes&#8221; css=&#8221;.vc_custom_1594815089009{padding-top: 50px !important;padding-bottom: 60px !important;}&#8221;][\/vc_column][\/vc_row][vc_row css=&#8221;.vc_custom_1594817292356{padding-top: 80px !important;}&#8221;][vc_column][vc_column_text] A MELHOR FORMA DE DESENVOLVER A AUTONOMIA E O DESEMPENHO DAS SUAS EQUIPAS [\/vc_column_text][vc_column_text]O coaching \u00e9 um estado de esp\u00edrito e uma forma de trabalhar no dia a dia. Tem por objetivo motivar e desenvolver a autonomia e o&hellip;<\/p>\n","protected":false},"author":1,"featured_media":0,"parent":0,"menu_order":0,"comment_status":"closed","ping_status":"closed","template":"","meta":{"_acf_changed":false,"footnotes":""},"class_list":["post-16376","page","type-page","status-publish","hentry"],"acf":[],"yoast_head":"<!-- This site is optimized with the Yoast SEO plugin v25.1 - https:\/\/yoast.com\/wordpress\/plugins\/seo\/ -->\n<title>O COACHING - Totem<\/title>\n<meta name=\"robots\" content=\"index, follow, max-snippet:-1, max-image-preview:large, max-video-preview:-1\" \/>\n<link rel=\"canonical\" href=\"https:\/\/www.totem-formation.fr\/pt-pt\/treinamento\/\" \/>\n<meta property=\"og:locale\" content=\"pt_PT\" \/>\n<meta property=\"og:type\" content=\"article\" \/>\n<meta property=\"og:title\" content=\"O COACHING - Totem\" \/>\n<meta property=\"og:description\" content=\"[vc_row full_width=&#8221;stretch_row&#8221; parallax=&#8221;content-moving&#8221; parallax_image=&#8221;14761&#8243;][vc_column][vc_custom_heading text=&#8221;O COACHING&#8221; font_container=&#8221;tag:h1|font_size:48|text_align:left|color:%23ffffff&#8221; use_theme_fonts=&#8221;yes&#8221; css=&#8221;.vc_custom_1594815089009{padding-top: 50px !important;padding-bottom: 60px !important;}&#8221;][\/vc_column][\/vc_row][vc_row css=&#8221;.vc_custom_1594817292356{padding-top: 80px !important;}&#8221;][vc_column][vc_column_text] A MELHOR FORMA DE DESENVOLVER A AUTONOMIA E O DESEMPENHO DAS SUAS EQUIPAS [\/vc_column_text][vc_column_text]O coaching \u00e9 um estado de esp\u00edrito e uma forma de trabalhar no dia a dia. Tem por objetivo motivar e desenvolver a autonomia e o&hellip;\" \/>\n<meta property=\"og:url\" content=\"https:\/\/www.totem-formation.fr\/pt-pt\/treinamento\/\" \/>\n<meta property=\"og:site_name\" content=\"Totem\" \/>\n<meta property=\"article:publisher\" content=\"http:\/\/www.facebook.com\/TotemConseilFormation\" \/>\n<meta property=\"article:modified_time\" content=\"2025-07-18T09:50:20+00:00\" \/>\n<meta name=\"twitter:card\" content=\"summary_large_image\" \/>\n<meta name=\"twitter:site\" content=\"@totem_cpl\" \/>\n<meta name=\"twitter:label1\" content=\"Tempo estimado de leitura\" \/>\n\t<meta name=\"twitter:data1\" content=\"5 minutos\" \/>\n<script type=\"application\/ld+json\" class=\"yoast-schema-graph\">{\"@context\":\"https:\/\/schema.org\",\"@graph\":[{\"@type\":\"WebPage\",\"@id\":\"https:\/\/www.totem-formation.fr\/pt-pt\/treinamento\/\",\"url\":\"https:\/\/www.totem-formation.fr\/pt-pt\/treinamento\/\",\"name\":\"O COACHING - Totem\",\"isPartOf\":{\"@id\":\"https:\/\/www.totem-formation.fr\/pt-pt\/#website\"},\"datePublished\":\"2020-07-15T12:14:26+00:00\",\"dateModified\":\"2025-07-18T09:50:20+00:00\",\"breadcrumb\":{\"@id\":\"https:\/\/www.totem-formation.fr\/pt-pt\/treinamento\/#breadcrumb\"},\"inLanguage\":\"pt-PT\",\"potentialAction\":[{\"@type\":\"ReadAction\",\"target\":[\"https:\/\/www.totem-formation.fr\/pt-pt\/treinamento\/\"]}]},{\"@type\":\"BreadcrumbList\",\"@id\":\"https:\/\/www.totem-formation.fr\/pt-pt\/treinamento\/#breadcrumb\",\"itemListElement\":[{\"@type\":\"ListItem\",\"position\":1,\"name\":\"Accueil\",\"item\":\"https:\/\/www.totem-formation.fr\/pt-pt\/inicio-novo\/\"},{\"@type\":\"ListItem\",\"position\":2,\"name\":\"O COACHING\"}]},{\"@type\":\"WebSite\",\"@id\":\"https:\/\/www.totem-formation.fr\/pt-pt\/#website\",\"url\":\"https:\/\/www.totem-formation.fr\/pt-pt\/\",\"name\":\"Totem\",\"description\":\"Conseil et Formation\",\"publisher\":{\"@id\":\"https:\/\/www.totem-formation.fr\/pt-pt\/#organization\"},\"potentialAction\":[{\"@type\":\"SearchAction\",\"target\":{\"@type\":\"EntryPoint\",\"urlTemplate\":\"https:\/\/www.totem-formation.fr\/pt-pt\/?s={search_term_string}\"},\"query-input\":{\"@type\":\"PropertyValueSpecification\",\"valueRequired\":true,\"valueName\":\"search_term_string\"}}],\"inLanguage\":\"pt-PT\"},{\"@type\":\"Organization\",\"@id\":\"https:\/\/www.totem-formation.fr\/pt-pt\/#organization\",\"name\":\"Totem Formation\",\"url\":\"https:\/\/www.totem-formation.fr\/pt-pt\/\",\"logo\":{\"@type\":\"ImageObject\",\"inLanguage\":\"pt-PT\",\"@id\":\"https:\/\/www.totem-formation.fr\/pt-pt\/#\/schema\/logo\/image\/\",\"url\":\"https:\/\/www.totem-formation.fr\/wp-content\/uploads\/2015\/07\/logo-totem-moyen.png\",\"contentUrl\":\"https:\/\/www.totem-formation.fr\/wp-content\/uploads\/2015\/07\/logo-totem-moyen.png\",\"width\":400,\"height\":130,\"caption\":\"Totem Formation\"},\"image\":{\"@id\":\"https:\/\/www.totem-formation.fr\/pt-pt\/#\/schema\/logo\/image\/\"},\"sameAs\":[\"http:\/\/www.facebook.com\/TotemConseilFormation\",\"https:\/\/x.com\/totem_cpl\"]}]}<\/script>\n<!-- \/ Yoast SEO plugin. -->","yoast_head_json":{"title":"O COACHING - Totem","robots":{"index":"index","follow":"follow","max-snippet":"max-snippet:-1","max-image-preview":"max-image-preview:large","max-video-preview":"max-video-preview:-1"},"canonical":"https:\/\/www.totem-formation.fr\/pt-pt\/treinamento\/","og_locale":"pt_PT","og_type":"article","og_title":"O COACHING - Totem","og_description":"[vc_row full_width=&#8221;stretch_row&#8221; parallax=&#8221;content-moving&#8221; parallax_image=&#8221;14761&#8243;][vc_column][vc_custom_heading text=&#8221;O COACHING&#8221; font_container=&#8221;tag:h1|font_size:48|text_align:left|color:%23ffffff&#8221; use_theme_fonts=&#8221;yes&#8221; css=&#8221;.vc_custom_1594815089009{padding-top: 50px !important;padding-bottom: 60px !important;}&#8221;][\/vc_column][\/vc_row][vc_row css=&#8221;.vc_custom_1594817292356{padding-top: 80px !important;}&#8221;][vc_column][vc_column_text] A MELHOR FORMA DE DESENVOLVER A AUTONOMIA E O DESEMPENHO DAS SUAS EQUIPAS [\/vc_column_text][vc_column_text]O coaching \u00e9 um estado de esp\u00edrito e uma forma de trabalhar no dia a dia. Tem por objetivo motivar e desenvolver a autonomia e o&hellip;","og_url":"https:\/\/www.totem-formation.fr\/pt-pt\/treinamento\/","og_site_name":"Totem","article_publisher":"http:\/\/www.facebook.com\/TotemConseilFormation","article_modified_time":"2025-07-18T09:50:20+00:00","twitter_card":"summary_large_image","twitter_site":"@totem_cpl","twitter_misc":{"Tempo estimado de leitura":"5 minutos"},"schema":{"@context":"https:\/\/schema.org","@graph":[{"@type":"WebPage","@id":"https:\/\/www.totem-formation.fr\/pt-pt\/treinamento\/","url":"https:\/\/www.totem-formation.fr\/pt-pt\/treinamento\/","name":"O COACHING - Totem","isPartOf":{"@id":"https:\/\/www.totem-formation.fr\/pt-pt\/#website"},"datePublished":"2020-07-15T12:14:26+00:00","dateModified":"2025-07-18T09:50:20+00:00","breadcrumb":{"@id":"https:\/\/www.totem-formation.fr\/pt-pt\/treinamento\/#breadcrumb"},"inLanguage":"pt-PT","potentialAction":[{"@type":"ReadAction","target":["https:\/\/www.totem-formation.fr\/pt-pt\/treinamento\/"]}]},{"@type":"BreadcrumbList","@id":"https:\/\/www.totem-formation.fr\/pt-pt\/treinamento\/#breadcrumb","itemListElement":[{"@type":"ListItem","position":1,"name":"Accueil","item":"https:\/\/www.totem-formation.fr\/pt-pt\/inicio-novo\/"},{"@type":"ListItem","position":2,"name":"O COACHING"}]},{"@type":"WebSite","@id":"https:\/\/www.totem-formation.fr\/pt-pt\/#website","url":"https:\/\/www.totem-formation.fr\/pt-pt\/","name":"Totem","description":"Conseil et Formation","publisher":{"@id":"https:\/\/www.totem-formation.fr\/pt-pt\/#organization"},"potentialAction":[{"@type":"SearchAction","target":{"@type":"EntryPoint","urlTemplate":"https:\/\/www.totem-formation.fr\/pt-pt\/?s={search_term_string}"},"query-input":{"@type":"PropertyValueSpecification","valueRequired":true,"valueName":"search_term_string"}}],"inLanguage":"pt-PT"},{"@type":"Organization","@id":"https:\/\/www.totem-formation.fr\/pt-pt\/#organization","name":"Totem Formation","url":"https:\/\/www.totem-formation.fr\/pt-pt\/","logo":{"@type":"ImageObject","inLanguage":"pt-PT","@id":"https:\/\/www.totem-formation.fr\/pt-pt\/#\/schema\/logo\/image\/","url":"https:\/\/www.totem-formation.fr\/wp-content\/uploads\/2015\/07\/logo-totem-moyen.png","contentUrl":"https:\/\/www.totem-formation.fr\/wp-content\/uploads\/2015\/07\/logo-totem-moyen.png","width":400,"height":130,"caption":"Totem Formation"},"image":{"@id":"https:\/\/www.totem-formation.fr\/pt-pt\/#\/schema\/logo\/image\/"},"sameAs":["http:\/\/www.facebook.com\/TotemConseilFormation","https:\/\/x.com\/totem_cpl"]}]}},"_links":{"self":[{"href":"https:\/\/www.totem-formation.fr\/pt-pt\/wp-json\/wp\/v2\/pages\/16376","targetHints":{"allow":["GET"]}}],"collection":[{"href":"https:\/\/www.totem-formation.fr\/pt-pt\/wp-json\/wp\/v2\/pages"}],"about":[{"href":"https:\/\/www.totem-formation.fr\/pt-pt\/wp-json\/wp\/v2\/types\/page"}],"author":[{"embeddable":true,"href":"https:\/\/www.totem-formation.fr\/pt-pt\/wp-json\/wp\/v2\/users\/1"}],"replies":[{"embeddable":true,"href":"https:\/\/www.totem-formation.fr\/pt-pt\/wp-json\/wp\/v2\/comments?post=16376"}],"version-history":[{"count":7,"href":"https:\/\/www.totem-formation.fr\/pt-pt\/wp-json\/wp\/v2\/pages\/16376\/revisions"}],"predecessor-version":[{"id":16518,"href":"https:\/\/www.totem-formation.fr\/pt-pt\/wp-json\/wp\/v2\/pages\/16376\/revisions\/16518"}],"wp:attachment":[{"href":"https:\/\/www.totem-formation.fr\/pt-pt\/wp-json\/wp\/v2\/media?parent=16376"}],"curies":[{"name":"wp","href":"https:\/\/api.w.org\/{rel}","templated":true}]}}