{"id":16257,"date":"2015-06-25T10:05:20","date_gmt":"2015-06-25T09:05:20","guid":{"rendered":"https:\/\/www.totem-formation.fr\/desempenho-comercial\/"},"modified":"2025-07-18T11:25:07","modified_gmt":"2025-07-18T10:25:07","slug":"desempenho-comercial","status":"publish","type":"page","link":"https:\/\/www.totem-formation.fr\/pt-pt\/desempenho-comercial\/","title":{"rendered":"Desempenho comercial"},"content":{"rendered":"<div class=\"wpb-content-wrapper\"><p>[vc_row][vc_column][vc_separator color=&#8221;black&#8221; style=&#8221;shadow&#8221;][\/vc_column][\/vc_row][vc_row row_type=&#8221;normal&#8221; parallax_bg=&#8221;&#8221; css=&#8221;.vc_custom_1436256604136{padding-top: 35px !important;padding-bottom: 35px !important;}&#8221; gmbt_prlx_bg_type=&#8221;parallax&#8221; gmbt_prlx_break_parents=&#8221;0&#8243; gmbt_prlx_smooth_scrolling=&#8221;&#8221; gmbt_prlx_video_youtube_mute=&#8221;&#8221; gmbt_prlx_video_youtube_loop_trigger=&#8221;0&#8243; gmbt_prlx_video_aspect_ratio=&#8221;16:9&#8243; gmbt_prlx_parallax=&#8221;none&#8221; gmbt_prlx_speed=&#8221;0.3&#8243; gmbt_prlx_enable_mobile=&#8221;&#8221;][vc_column width=&#8221;2\/3&#8243;][vc_column_text]<\/p>\n<h1>Desempenho comercial<\/h1>\n<p><strong>Num clima econ\u00f3mico tenso, as empresas precisam mais do que nunca de formar as suas equipas para enfrentar os desafios de um neg\u00f3cio complexo.<\/strong><\/p>\n<p>No Totem, a nossa principal ambi\u00e7\u00e3o \u00e9 ensinar os comerciais a &#8220;colocarem-se no lugar do cliente&#8221; para melhor compreenderem as suas expectativas. Deve aprender a antecipar e a otimizar o seu tempo, a analisar os constrangimentos e as prioridades, a aconselhar sem simplificar a sua mensagem e a partilhar os seus conhecimentos e, por fim, a comprometer-se pessoalmente, estando dispon\u00edvel e recetivo. Desta forma, ser\u00e1 capaz de identificar e aproveitar as oportunidades de neg\u00f3cio&#8230;[\/vc_column_text][vc_column_text css=&#8221;.vc_custom_1436257663075{padding-top: 35px !important;padding-bottom: 35px !important;}&#8221;]<\/p>\n<blockquote><p><b> <\/b><b>&#8220;Para ganhares bem, o saber-fazer \u00e9 melhor do que o saber&#8221;<\/b><br \/>\nBeaumarchais, O Barbeiro de Sevilha<\/p><\/blockquote>\n<h2><\/h2>\n<p>[\/vc_column_text][vc_column_text css=&#8221;.vc_custom_1487923212303{padding-top: 35px !important;padding-bottom: 0px !important;}&#8221;]<\/p>\n<h4><b><\/b><span style=\"color: #333333;\"><b>A resposta TOTEM : <\/b><strong>uma abordagem de responsabilidade partilhada<\/strong><\/span><b><br \/>\n<\/b><\/h4>\n<p>O papel do cliente \u00e9 decidir, e o papel do vendedor \u00e9 ajud\u00e1-lo a tomar a decis\u00e3o correta.<\/p>\n<p><span style=\"color: #f0592b;\">-<\/span> <span style=\"color: #333333;\">Caracterizo a situa\u00e7\u00e3o de venda<br \/>\n - Decido: &#8220;Inten\u00e7\u00e3o de venda&#8221;<br \/>\n - Desenvolvo t\u00e9cnicas de venda ad hoc<br \/>\n -<span style=\"color: #f0592b;\"> Me\u00e7o <\/span>o efeito produzido<br \/>\n<\/span>[\/vc_column_text][vc_column_text css=&#8221;.vc_custom_1487923190953{padding-top: 35px !important;}&#8221;]<\/p>\n<h4><b><\/b><span style=\"color: #333333;\"><b>Os percursos de venda ToTEM : <\/b><strong>M\u00f3dulos progressivos para situa\u00e7\u00f5es de venda complexas<\/strong><\/span><b><br \/>\n<\/b><\/h4>\n<p>Consideramos que a passagem de um m\u00f3dulo para outro n\u00e3o \u00e9 autom\u00e1tica. Porqu\u00ea desenvolver um princ\u00edpio de elegibilidade? Para tornar os vendedores mais respons\u00e1veis nos seus esfor\u00e7os de aplica\u00e7\u00e3o dos m\u00f3dulos e para dar sentido ao coaching do gestor.  <\/p>\n<p><span style=\"color: #f0592b;\">-<\/span><span style=\"color: #333333;\"><strong> M\u00f3dulo 1:<\/strong> Informar e convencer um cliente cooperativo ou relutante<br \/>\n<\/span><span style=\"color: #f0592b;\">-<\/span> <span style=\"color: #333333;\"><strong>M\u00f3dulo 2:<\/strong> Influenciar um cliente que manifesta uma obje\u00e7\u00e3o genu\u00edna ou indiferen\u00e7a<br \/>\n<\/span><span style=\"color: #f0592b;\">-<\/span><strong> <span style=\"color: #333333;\">M\u00f3dulo 3:<\/span><\/strong><span style=\"color: #333333;\"> Fazer a diferen\u00e7a numa situa\u00e7\u00e3o de negocia\u00e7\u00e3o. <\/span>[\/vc_column_text][vc_column_text css=&#8221;.vc_custom_1442394730323{padding-top: 35px !important;padding-bottom: 35px !important;}&#8221;]<\/p>\n<h4><b><\/b><span style=\"color: #333333;\"><b>Diferencia\u00e7\u00e3o do Totem : <\/b><strong>a cria\u00e7\u00e3o de campus e escolas de vendas<\/strong><\/span><b><br \/>\n<\/b><\/h4>\n<p>H\u00e1 v\u00e1rios anos que o Totem desenvolve campus e escolas de vendas internas para transmitir o seu know-how aos seus clientes. Ao ajudar as empresas a formar as suas equipas para melhor responderem aos desafios comerciais, alimentamos as suas ambi\u00e7\u00f5es da melhor forma poss\u00edvel. As equipas de gest\u00e3o s\u00e3o fortemente implicadas, os comerciais s\u00e3o responsabilizados a montante e estes &#8220;sistemas propriet\u00e1rios&#8221; permitem-lhes desenvolver uma verdadeira autonomia na atualiza\u00e7\u00e3o da forma\u00e7\u00e3o em fun\u00e7\u00e3o do seu contexto comercial. Para os nossos clientes, o retorno do investimento resultante da cria\u00e7\u00e3o destas estruturas \u00e9 inquestion\u00e1vel.[\/vc_column_text][\/vc_column][vc_column width=&#8221;1\/3&#8243;][vc_single_image image=&#8221;13189&#8243; img_size=&#8221;large&#8221;][vc_column_text]<b>REFER\u00caNCIAS DOS CLIENTES<br \/>\n<\/b><strong>Campus de vendas nacionais:<\/strong><br \/>\nMondelez, Delpeyrat, Lotus<\/p>\n<p><strong>Campus de vendas internacionais:<\/strong><br \/>\nBoiron, Remy Cointreau, Heineken[\/vc_column_text][vc_btn title=&#8221;Efic\u00e1cia do Coaching&#8221; color=&#8221;warning&#8221; size=&#8221;lg&#8221; link=&#8221;url:http%3A%2F%2Fwww.totem-formation.fr%2Fefficacite-coaching%2F|title:Efici%C3%AAncia%20de%20coatching|&#8221;][vc_btn title=&#8221;Gest\u00e3o&#8221; color=&#8221;warning&#8221; size=&#8221;lg&#8221; link=&#8221;url:https%3A%2F%2Fwww.totem-formation.fr%2Fpt-pt%2Fvalor-acrescentado-da-gestao%2F|title:Gest%C3%A3o|&#8221;][vc_btn title=&#8221;Ensino&#8221; color=&#8221;warning&#8221; size=&#8221;lg&#8221; link=&#8221;url:https%3A%2F%2Fwww.totem-formation.fr%2Fpt-pt%2Fensino%2F|title:Ensino|&#8221;][vc_btn title=&#8221;Aplica\u00e7\u00e3o no terreno&#8221; color=&#8221;warning&#8221; size=&#8221;lg&#8221; link=&#8221;url:https%3A%2F%2Fwww.totem-formation.fr%2Fpt-pt%2Faplicacao-no-terreno%2F|title:Aplica%C3%A7%C3%A3o%20no%20terreno|&#8221;][\/vc_column][\/vc_row]<\/p>\n<\/div>","protected":false},"excerpt":{"rendered":"<p>[vc_row][vc_column][vc_separator color=&#8221;black&#8221; style=&#8221;shadow&#8221;][\/vc_column][\/vc_row][vc_row row_type=&#8221;normal&#8221; parallax_bg=&#8221;&#8221; css=&#8221;.vc_custom_1436256604136{padding-top: 35px !important;padding-bottom: 35px !important;}&#8221; gmbt_prlx_bg_type=&#8221;parallax&#8221; gmbt_prlx_break_parents=&#8221;0&#8243; gmbt_prlx_smooth_scrolling=&#8221;&#8221; gmbt_prlx_video_youtube_mute=&#8221;&#8221; gmbt_prlx_video_youtube_loop_trigger=&#8221;0&#8243; gmbt_prlx_video_aspect_ratio=&#8221;16:9&#8243; gmbt_prlx_parallax=&#8221;none&#8221; gmbt_prlx_speed=&#8221;0.3&#8243; gmbt_prlx_enable_mobile=&#8221;&#8221;][vc_column width=&#8221;2\/3&#8243;][vc_column_text] Desempenho comercial Num clima econ\u00f3mico tenso, as empresas precisam mais do que nunca de formar as suas equipas para enfrentar os desafios de um neg\u00f3cio complexo. No Totem, a nossa principal ambi\u00e7\u00e3o \u00e9 ensinar os&hellip;<\/p>\n","protected":false},"author":1,"featured_media":0,"parent":0,"menu_order":0,"comment_status":"open","ping_status":"open","template":"","meta":{"_acf_changed":false,"footnotes":""},"class_list":["post-16257","page","type-page","status-publish","hentry"],"acf":[],"yoast_head":"<!-- This site is optimized with the Yoast SEO plugin v25.1 - https:\/\/yoast.com\/wordpress\/plugins\/seo\/ -->\n<title>Desempenho comercial - Totem<\/title>\n<meta name=\"description\" content=\"Na Totem, a nossa principal ambi\u00e7\u00e3o \u00e9 ensinar os vendedores a &quot;colocarem-se no lugar do cliente&quot; para compreenderem melhor as suas expectativas.\" \/>\n<meta name=\"robots\" content=\"index, follow, max-snippet:-1, max-image-preview:large, max-video-preview:-1\" \/>\n<link rel=\"canonical\" href=\"https:\/\/www.totem-formation.fr\/pt-pt\/desempenho-comercial\/\" \/>\n<meta property=\"og:locale\" content=\"pt_PT\" \/>\n<meta property=\"og:type\" content=\"article\" \/>\n<meta property=\"og:title\" content=\"Desempenho comercial - Totem\" \/>\n<meta property=\"og:description\" content=\"Na Totem, a nossa principal ambi\u00e7\u00e3o \u00e9 ensinar os vendedores a &quot;colocarem-se no lugar do cliente&quot; para compreenderem melhor as suas expectativas.\" \/>\n<meta property=\"og:url\" content=\"https:\/\/www.totem-formation.fr\/pt-pt\/desempenho-comercial\/\" \/>\n<meta property=\"og:site_name\" content=\"Totem\" \/>\n<meta property=\"article:publisher\" content=\"http:\/\/www.facebook.com\/TotemConseilFormation\" \/>\n<meta property=\"article:modified_time\" content=\"2025-07-18T10:25:07+00:00\" \/>\n<meta name=\"twitter:card\" content=\"summary_large_image\" \/>\n<meta name=\"twitter:site\" content=\"@totem_cpl\" \/>\n<meta name=\"twitter:label1\" content=\"Tempo estimado de leitura\" \/>\n\t<meta name=\"twitter:data1\" content=\"3 minutos\" \/>\n<script type=\"application\/ld+json\" class=\"yoast-schema-graph\">{\"@context\":\"https:\/\/schema.org\",\"@graph\":[{\"@type\":\"WebPage\",\"@id\":\"https:\/\/www.totem-formation.fr\/pt-pt\/desempenho-comercial\/\",\"url\":\"https:\/\/www.totem-formation.fr\/pt-pt\/desempenho-comercial\/\",\"name\":\"Desempenho comercial - Totem\",\"isPartOf\":{\"@id\":\"https:\/\/www.totem-formation.fr\/pt-pt\/#website\"},\"datePublished\":\"2015-06-25T09:05:20+00:00\",\"dateModified\":\"2025-07-18T10:25:07+00:00\",\"description\":\"Na Totem, a nossa principal ambi\u00e7\u00e3o \u00e9 ensinar os vendedores a \\\"colocarem-se no lugar do cliente\\\" para compreenderem melhor as suas expectativas.\",\"breadcrumb\":{\"@id\":\"https:\/\/www.totem-formation.fr\/pt-pt\/desempenho-comercial\/#breadcrumb\"},\"inLanguage\":\"pt-PT\",\"potentialAction\":[{\"@type\":\"ReadAction\",\"target\":[\"https:\/\/www.totem-formation.fr\/pt-pt\/desempenho-comercial\/\"]}]},{\"@type\":\"BreadcrumbList\",\"@id\":\"https:\/\/www.totem-formation.fr\/pt-pt\/desempenho-comercial\/#breadcrumb\",\"itemListElement\":[{\"@type\":\"ListItem\",\"position\":1,\"name\":\"Accueil\",\"item\":\"https:\/\/www.totem-formation.fr\/pt-pt\/inicio-novo\/\"},{\"@type\":\"ListItem\",\"position\":2,\"name\":\"Desempenho comercial\"}]},{\"@type\":\"WebSite\",\"@id\":\"https:\/\/www.totem-formation.fr\/pt-pt\/#website\",\"url\":\"https:\/\/www.totem-formation.fr\/pt-pt\/\",\"name\":\"Totem\",\"description\":\"Conseil et Formation\",\"publisher\":{\"@id\":\"https:\/\/www.totem-formation.fr\/pt-pt\/#organization\"},\"potentialAction\":[{\"@type\":\"SearchAction\",\"target\":{\"@type\":\"EntryPoint\",\"urlTemplate\":\"https:\/\/www.totem-formation.fr\/pt-pt\/?s={search_term_string}\"},\"query-input\":{\"@type\":\"PropertyValueSpecification\",\"valueRequired\":true,\"valueName\":\"search_term_string\"}}],\"inLanguage\":\"pt-PT\"},{\"@type\":\"Organization\",\"@id\":\"https:\/\/www.totem-formation.fr\/pt-pt\/#organization\",\"name\":\"Totem Formation\",\"url\":\"https:\/\/www.totem-formation.fr\/pt-pt\/\",\"logo\":{\"@type\":\"ImageObject\",\"inLanguage\":\"pt-PT\",\"@id\":\"https:\/\/www.totem-formation.fr\/pt-pt\/#\/schema\/logo\/image\/\",\"url\":\"https:\/\/www.totem-formation.fr\/wp-content\/uploads\/2015\/07\/logo-totem-moyen.png\",\"contentUrl\":\"https:\/\/www.totem-formation.fr\/wp-content\/uploads\/2015\/07\/logo-totem-moyen.png\",\"width\":400,\"height\":130,\"caption\":\"Totem Formation\"},\"image\":{\"@id\":\"https:\/\/www.totem-formation.fr\/pt-pt\/#\/schema\/logo\/image\/\"},\"sameAs\":[\"http:\/\/www.facebook.com\/TotemConseilFormation\",\"https:\/\/x.com\/totem_cpl\"]}]}<\/script>\n<!-- \/ Yoast SEO plugin. -->","yoast_head_json":{"title":"Desempenho comercial - Totem","description":"Na Totem, a nossa principal ambi\u00e7\u00e3o \u00e9 ensinar os vendedores a \"colocarem-se no lugar do cliente\" para compreenderem melhor as suas expectativas.","robots":{"index":"index","follow":"follow","max-snippet":"max-snippet:-1","max-image-preview":"max-image-preview:large","max-video-preview":"max-video-preview:-1"},"canonical":"https:\/\/www.totem-formation.fr\/pt-pt\/desempenho-comercial\/","og_locale":"pt_PT","og_type":"article","og_title":"Desempenho comercial - Totem","og_description":"Na Totem, a nossa principal ambi\u00e7\u00e3o \u00e9 ensinar os vendedores a \"colocarem-se no lugar do cliente\" para compreenderem melhor as suas expectativas.","og_url":"https:\/\/www.totem-formation.fr\/pt-pt\/desempenho-comercial\/","og_site_name":"Totem","article_publisher":"http:\/\/www.facebook.com\/TotemConseilFormation","article_modified_time":"2025-07-18T10:25:07+00:00","twitter_card":"summary_large_image","twitter_site":"@totem_cpl","twitter_misc":{"Tempo estimado de leitura":"3 minutos"},"schema":{"@context":"https:\/\/schema.org","@graph":[{"@type":"WebPage","@id":"https:\/\/www.totem-formation.fr\/pt-pt\/desempenho-comercial\/","url":"https:\/\/www.totem-formation.fr\/pt-pt\/desempenho-comercial\/","name":"Desempenho comercial - Totem","isPartOf":{"@id":"https:\/\/www.totem-formation.fr\/pt-pt\/#website"},"datePublished":"2015-06-25T09:05:20+00:00","dateModified":"2025-07-18T10:25:07+00:00","description":"Na Totem, a nossa principal ambi\u00e7\u00e3o \u00e9 ensinar os vendedores a \"colocarem-se no lugar do cliente\" para compreenderem melhor as suas expectativas.","breadcrumb":{"@id":"https:\/\/www.totem-formation.fr\/pt-pt\/desempenho-comercial\/#breadcrumb"},"inLanguage":"pt-PT","potentialAction":[{"@type":"ReadAction","target":["https:\/\/www.totem-formation.fr\/pt-pt\/desempenho-comercial\/"]}]},{"@type":"BreadcrumbList","@id":"https:\/\/www.totem-formation.fr\/pt-pt\/desempenho-comercial\/#breadcrumb","itemListElement":[{"@type":"ListItem","position":1,"name":"Accueil","item":"https:\/\/www.totem-formation.fr\/pt-pt\/inicio-novo\/"},{"@type":"ListItem","position":2,"name":"Desempenho comercial"}]},{"@type":"WebSite","@id":"https:\/\/www.totem-formation.fr\/pt-pt\/#website","url":"https:\/\/www.totem-formation.fr\/pt-pt\/","name":"Totem","description":"Conseil et Formation","publisher":{"@id":"https:\/\/www.totem-formation.fr\/pt-pt\/#organization"},"potentialAction":[{"@type":"SearchAction","target":{"@type":"EntryPoint","urlTemplate":"https:\/\/www.totem-formation.fr\/pt-pt\/?s={search_term_string}"},"query-input":{"@type":"PropertyValueSpecification","valueRequired":true,"valueName":"search_term_string"}}],"inLanguage":"pt-PT"},{"@type":"Organization","@id":"https:\/\/www.totem-formation.fr\/pt-pt\/#organization","name":"Totem Formation","url":"https:\/\/www.totem-formation.fr\/pt-pt\/","logo":{"@type":"ImageObject","inLanguage":"pt-PT","@id":"https:\/\/www.totem-formation.fr\/pt-pt\/#\/schema\/logo\/image\/","url":"https:\/\/www.totem-formation.fr\/wp-content\/uploads\/2015\/07\/logo-totem-moyen.png","contentUrl":"https:\/\/www.totem-formation.fr\/wp-content\/uploads\/2015\/07\/logo-totem-moyen.png","width":400,"height":130,"caption":"Totem Formation"},"image":{"@id":"https:\/\/www.totem-formation.fr\/pt-pt\/#\/schema\/logo\/image\/"},"sameAs":["http:\/\/www.facebook.com\/TotemConseilFormation","https:\/\/x.com\/totem_cpl"]}]}},"_links":{"self":[{"href":"https:\/\/www.totem-formation.fr\/pt-pt\/wp-json\/wp\/v2\/pages\/16257","targetHints":{"allow":["GET"]}}],"collection":[{"href":"https:\/\/www.totem-formation.fr\/pt-pt\/wp-json\/wp\/v2\/pages"}],"about":[{"href":"https:\/\/www.totem-formation.fr\/pt-pt\/wp-json\/wp\/v2\/types\/page"}],"author":[{"embeddable":true,"href":"https:\/\/www.totem-formation.fr\/pt-pt\/wp-json\/wp\/v2\/users\/1"}],"replies":[{"embeddable":true,"href":"https:\/\/www.totem-formation.fr\/pt-pt\/wp-json\/wp\/v2\/comments?post=16257"}],"version-history":[{"count":13,"href":"https:\/\/www.totem-formation.fr\/pt-pt\/wp-json\/wp\/v2\/pages\/16257\/revisions"}],"predecessor-version":[{"id":16536,"href":"https:\/\/www.totem-formation.fr\/pt-pt\/wp-json\/wp\/v2\/pages\/16257\/revisions\/16536"}],"wp:attachment":[{"href":"https:\/\/www.totem-formation.fr\/pt-pt\/wp-json\/wp\/v2\/media?parent=16257"}],"curies":[{"name":"wp","href":"https:\/\/api.w.org\/{rel}","templated":true}]}}