{"id":16253,"date":"2015-06-25T10:05:40","date_gmt":"2015-06-25T09:05:40","guid":{"rendered":"https:\/\/www.totem-formation.fr\/valor-acrescentado-da-gestao\/"},"modified":"2025-07-18T14:31:52","modified_gmt":"2025-07-18T13:31:52","slug":"valor-acrescentado-da-gestao","status":"publish","type":"page","link":"https:\/\/www.totem-formation.fr\/pt-pt\/valor-acrescentado-da-gestao\/","title":{"rendered":"Valor acrescentado da gest\u00e3o"},"content":{"rendered":"<div class=\"wpb-content-wrapper\"><p>[vc_row][vc_column][vc_column_text]`[\/vc_column_text][\/vc_column][\/vc_row][vc_row][vc_column][vc_separator color=&#8221;black&#8221; style=&#8221;shadow&#8221;][\/vc_column][\/vc_row][vc_row row_type=&#8221;normal&#8221; parallax_bg=&#8221;&#8221; css=&#8221;.vc_custom_1436256604136{padding-top: 35px !important;padding-bottom: 35px !important;}&#8221; gmbt_prlx_bg_type=&#8221;parallax&#8221; gmbt_prlx_break_parents=&#8221;0&#8243; gmbt_prlx_smooth_scrolling=&#8221;&#8221; gmbt_prlx_video_youtube_mute=&#8221;&#8221; gmbt_prlx_video_youtube_loop_trigger=&#8221;0&#8243; gmbt_prlx_video_aspect_ratio=&#8221;16:9&#8243; gmbt_prlx_parallax=&#8221;none&#8221; gmbt_prlx_speed=&#8221;0.3&#8243; gmbt_prlx_enable_mobile=&#8221;&#8221;][vc_column width=&#8221;2\/3&#8243;][vc_column_text]<\/p>\n<h1><b>Valor acrescentado da gest\u00e3o<\/b><\/h1>\n<p><b>Na Totem, acreditamos que a alquimia do valor acrescentado da gest\u00e3o \u00e9 uma mentalidade que inclui o ensino, a preocupa\u00e7\u00e3o com a transpar\u00eancia, a humildade genu\u00edna, o compromisso sincero e a capacidade de se questionar.  <\/b><\/p>\n<p>Um bom <strong>gestor<\/strong> tem de saber prestar aten\u00e7\u00e3o aos outros, colocar-se no lugar das suas equipas, mas tamb\u00e9m dos seus colegas e clientes. Deve ser capaz de observar as situa\u00e7\u00f5es para as <strong>analisar<\/strong> mais eficazmente e mostrar<strong>inten\u00e7\u00e3o de gest\u00e3o<\/strong> para decidir o que quer corrigir e melhorar. Por fim, a sua capacidade <strong>de comunica\u00e7\u00e3o<\/strong> deve ser irrepreens\u00edvel e deve ser sempre capaz de se avaliar e melhorar em conformidade&#8230;[\/vc_column_text][vc_column_text css=&#8221;.vc_custom_1549892542474{padding-top: 35px !important;padding-bottom: 35px !important;}&#8221;]<\/p>\n<h3><strong>De gestor a l\u00edder<\/strong><\/h3>\n<blockquote><p><b>&#8221; <\/b><b><i>O gestor sabe o que fazer, o l\u00edder sabe o que fazer, porqu\u00ea e como. <\/i><\/b> <\/p><\/blockquote>\n<ul>\n<li> <strong>Os gestores<\/strong> s\u00e3o avaliados pelos seus resultados (em que medida)<\/li>\n<li>Parte do sucesso depende da tua capacidade de <strong>dar sentido \u00e0s tuas equipas<\/strong> (Porqu\u00ea)<\/li>\n<li>E para os envolver na a\u00e7\u00e3o e <strong>profissionalizar as suas pr\u00e1ticas<\/strong> (Como)<\/li>\n<\/ul>\n<p>[\/vc_column_text][vc_column_text]<\/p>\n<h3><b>Resultados no final de um curso de gest\u00e3o Totem  <\/b><\/h3>\n<p>O gestor \u00e9 capaz de :<\/p>\n<ul>\n<li>Compreender a contribui\u00e7\u00e3o esperada do gestor<\/li>\n<li>Compreender o poder da inten\u00e7\u00e3o e a import\u00e2ncia de medir o efeito produzido<\/li>\n<li>Apresentar um objetivo\/mudan\u00e7a para conseguir a ades\u00e3o de uma equipa<\/li>\n<li>Aproveita as oportunidades para obter feedback diariamente<\/li>\n<li>Saber porqu\u00ea e como treinar, individual e coletivamente<\/li>\n<li>Lidar com desacordos (decidir, assumir a responsabilidade e explicar uma decis\u00e3o)<\/li>\n<li>Defini\u00e7\u00e3o de um objetivo, cria\u00e7\u00e3o de ac\u00e7\u00f5es de delega\u00e7\u00e3o<\/li>\n<li>Orientar-te num ambiente multicultural<\/li>\n<li>Desfrutar da gest\u00e3o (ou redescobri-la)<\/li>\n<\/ul>\n<p>[\/vc_column_text][\/vc_column][vc_column width=&#8221;1\/3&#8243;][vc_single_image image=&#8221;13189&#8243; img_size=&#8221;large&#8221;][vc_column_text]<b>REFER\u00caNCIAS DE CLIENTES<br \/>\n<\/b>As nossas refer\u00eancias demonstram a nossa capacidade de aumentar o valor acrescentado da gest\u00e3o, qualquer que seja o ambiente: f\u00e1brica, vendas, servi\u00e7os de apoio,<\/p>\n<p><strong>FRAN\u00c7A BOISSON:<\/strong> Curso VAM (Valor Acrescentado de Gest\u00e3o)<br \/>\n<i>250 Gestores em todas as fun\u00e7\u00f5es \/ 27 promo\u00e7\u00f5es  <\/i><\/p>\n<p><strong>LACTALIS:<\/strong> Curso VAM (Valor Acrescentado Gerencial)<br \/>\n<i>70 Gestores de Vendas \/ 9 promo\u00e7\u00f5es, incluindo 7 Gestores de For\u00e7a de Vendas<br \/>\n<\/i><\/p>\n<p><strong>HEINEKEN <em>:<\/em><\/strong><em> Programa de Identidade de Dire\u00e7\u00e3o &#8220;MILES<br \/>\n<\/em><i>60 Gestores \/ 8 promo\u00e7\u00f5es transversais: Sede, Vendas, Cervejarias, Cadeia de Fornecimento<br \/>\n<\/i><\/p>\n<p><strong>MONDELEZ:<\/strong> Curso PMI (Curso de Gestor Industrial)<br \/>\n<i>140 Gestores Chefes de Equipa: 16 promo\u00e7\u00f5es em 12 f\u00e1bricas  <\/i>[\/vc_column_text][vc_btn title=&#8221;Efic\u00e1cia do coaching&#8221; color=&#8221;warning&#8221; size=&#8221;lg&#8221; link=&#8221;url:https%3A%2F%2Fwww.totem-formation.fr%2Fpt-pt%2Feficacia-do-coaching%2F|title:Efic%C3%A1cia%20do%20coaching|&#8221;][vc_btn title=&#8221;Ensino&#8221; color=&#8221;warning&#8221; size=&#8221;lg&#8221; link=&#8221;url:https%3A%2F%2Fwww.totem-formation.fr%2Fpt-pt%2Fensino%2F|title:Ensino|&#8221;][vc_btn title=&#8221;Desempenho das vendas&#8221; color=&#8221;warning&#8221; size=&#8221;lg&#8221; link=&#8221;url:https%3A%2F%2Fwww.totem-formation.fr%2Fpt-pt%2Fdesempenho-comercial%2F|title:Desempenho%20comercial|&#8221;][vc_btn title=&#8221;Aplica\u00e7\u00e3o no terreno&#8221; color=&#8221;warning&#8221; size=&#8221;lg&#8221; link=&#8221;url:https%3A%2F%2Fwww.totem-formation.fr%2Fpt-pt%2Faplicacao-no-terreno%2F|title:Aplica%C3%A7%C3%A3o%20no%20terreno|&#8221;][\/vc_column][\/vc_row]<\/p>\n<\/div>","protected":false},"excerpt":{"rendered":"<p>[vc_row][vc_column][vc_column_text]`[\/vc_column_text][\/vc_column][\/vc_row][vc_row][vc_column][vc_separator color=&#8221;black&#8221; style=&#8221;shadow&#8221;][\/vc_column][\/vc_row][vc_row row_type=&#8221;normal&#8221; parallax_bg=&#8221;&#8221; css=&#8221;.vc_custom_1436256604136{padding-top: 35px !important;padding-bottom: 35px !important;}&#8221; gmbt_prlx_bg_type=&#8221;parallax&#8221; gmbt_prlx_break_parents=&#8221;0&#8243; gmbt_prlx_smooth_scrolling=&#8221;&#8221; gmbt_prlx_video_youtube_mute=&#8221;&#8221; gmbt_prlx_video_youtube_loop_trigger=&#8221;0&#8243; gmbt_prlx_video_aspect_ratio=&#8221;16:9&#8243; gmbt_prlx_parallax=&#8221;none&#8221; gmbt_prlx_speed=&#8221;0.3&#8243; gmbt_prlx_enable_mobile=&#8221;&#8221;][vc_column width=&#8221;2\/3&#8243;][vc_column_text] Valor acrescentado da gest\u00e3o Na Totem, acreditamos que a alquimia do valor acrescentado da gest\u00e3o \u00e9 uma mentalidade que inclui o ensino, a preocupa\u00e7\u00e3o com a transpar\u00eancia, a humildade genu\u00edna, o compromisso sincero e a&hellip;<\/p>\n","protected":false},"author":1,"featured_media":0,"parent":0,"menu_order":0,"comment_status":"open","ping_status":"open","template":"","meta":{"_acf_changed":false,"footnotes":""},"class_list":["post-16253","page","type-page","status-publish","hentry"],"acf":[],"yoast_head":"<!-- This site is optimized with the Yoast SEO plugin v25.1 - https:\/\/yoast.com\/wordpress\/plugins\/seo\/ -->\n<title>Valor acrescentado da gest\u00e3o - Totem Consultoria e forma\u00e7\u00e3o<\/title>\n<meta name=\"description\" content=\"A alquimia do valor acrescentado da gest\u00e3o \u00e9 uma mentalidade que inclui o ensino, o empenho e a capacidade de se desafiar a si pr\u00f3prio.\" \/>\n<meta name=\"robots\" content=\"index, follow, max-snippet:-1, max-image-preview:large, max-video-preview:-1\" \/>\n<link rel=\"canonical\" href=\"https:\/\/www.totem-formation.fr\/pt-pt\/valor-acrescentado-da-gestao\/\" \/>\n<meta property=\"og:locale\" content=\"pt_PT\" \/>\n<meta property=\"og:type\" content=\"article\" \/>\n<meta property=\"og:title\" content=\"Valor acrescentado da gest\u00e3o - Totem Consultoria e forma\u00e7\u00e3o\" \/>\n<meta property=\"og:description\" content=\"A alquimia do valor acrescentado da gest\u00e3o \u00e9 uma mentalidade que inclui o ensino, o empenho e a capacidade de se desafiar a si pr\u00f3prio.\" \/>\n<meta property=\"og:url\" content=\"https:\/\/www.totem-formation.fr\/pt-pt\/valor-acrescentado-da-gestao\/\" \/>\n<meta property=\"og:site_name\" content=\"Totem\" \/>\n<meta property=\"article:publisher\" content=\"http:\/\/www.facebook.com\/TotemConseilFormation\" \/>\n<meta property=\"article:modified_time\" content=\"2025-07-18T13:31:52+00:00\" \/>\n<meta name=\"twitter:card\" content=\"summary_large_image\" \/>\n<meta name=\"twitter:site\" content=\"@totem_cpl\" \/>\n<meta name=\"twitter:label1\" content=\"Tempo estimado de leitura\" \/>\n\t<meta name=\"twitter:data1\" content=\"3 minutos\" \/>\n<script type=\"application\/ld+json\" class=\"yoast-schema-graph\">{\"@context\":\"https:\/\/schema.org\",\"@graph\":[{\"@type\":\"WebPage\",\"@id\":\"https:\/\/www.totem-formation.fr\/pt-pt\/valor-acrescentado-da-gestao\/\",\"url\":\"https:\/\/www.totem-formation.fr\/pt-pt\/valor-acrescentado-da-gestao\/\",\"name\":\"Valor acrescentado da gest\u00e3o - Totem Consultoria e forma\u00e7\u00e3o\",\"isPartOf\":{\"@id\":\"https:\/\/www.totem-formation.fr\/pt-pt\/#website\"},\"datePublished\":\"2015-06-25T09:05:40+00:00\",\"dateModified\":\"2025-07-18T13:31:52+00:00\",\"description\":\"A alquimia do valor acrescentado da gest\u00e3o \u00e9 uma mentalidade que inclui o ensino, o empenho e a capacidade de se desafiar a si pr\u00f3prio.\",\"breadcrumb\":{\"@id\":\"https:\/\/www.totem-formation.fr\/pt-pt\/valor-acrescentado-da-gestao\/#breadcrumb\"},\"inLanguage\":\"pt-PT\",\"potentialAction\":[{\"@type\":\"ReadAction\",\"target\":[\"https:\/\/www.totem-formation.fr\/pt-pt\/valor-acrescentado-da-gestao\/\"]}]},{\"@type\":\"BreadcrumbList\",\"@id\":\"https:\/\/www.totem-formation.fr\/pt-pt\/valor-acrescentado-da-gestao\/#breadcrumb\",\"itemListElement\":[{\"@type\":\"ListItem\",\"position\":1,\"name\":\"Accueil\",\"item\":\"https:\/\/www.totem-formation.fr\/pt-pt\/inicio-novo\/\"},{\"@type\":\"ListItem\",\"position\":2,\"name\":\"Valor acrescentado da gest\u00e3o\"}]},{\"@type\":\"WebSite\",\"@id\":\"https:\/\/www.totem-formation.fr\/pt-pt\/#website\",\"url\":\"https:\/\/www.totem-formation.fr\/pt-pt\/\",\"name\":\"Totem\",\"description\":\"Conseil et Formation\",\"publisher\":{\"@id\":\"https:\/\/www.totem-formation.fr\/pt-pt\/#organization\"},\"potentialAction\":[{\"@type\":\"SearchAction\",\"target\":{\"@type\":\"EntryPoint\",\"urlTemplate\":\"https:\/\/www.totem-formation.fr\/pt-pt\/?s={search_term_string}\"},\"query-input\":{\"@type\":\"PropertyValueSpecification\",\"valueRequired\":true,\"valueName\":\"search_term_string\"}}],\"inLanguage\":\"pt-PT\"},{\"@type\":\"Organization\",\"@id\":\"https:\/\/www.totem-formation.fr\/pt-pt\/#organization\",\"name\":\"Totem Formation\",\"url\":\"https:\/\/www.totem-formation.fr\/pt-pt\/\",\"logo\":{\"@type\":\"ImageObject\",\"inLanguage\":\"pt-PT\",\"@id\":\"https:\/\/www.totem-formation.fr\/pt-pt\/#\/schema\/logo\/image\/\",\"url\":\"https:\/\/www.totem-formation.fr\/wp-content\/uploads\/2015\/07\/logo-totem-moyen.png\",\"contentUrl\":\"https:\/\/www.totem-formation.fr\/wp-content\/uploads\/2015\/07\/logo-totem-moyen.png\",\"width\":400,\"height\":130,\"caption\":\"Totem Formation\"},\"image\":{\"@id\":\"https:\/\/www.totem-formation.fr\/pt-pt\/#\/schema\/logo\/image\/\"},\"sameAs\":[\"http:\/\/www.facebook.com\/TotemConseilFormation\",\"https:\/\/x.com\/totem_cpl\"]}]}<\/script>\n<!-- \/ Yoast SEO plugin. -->","yoast_head_json":{"title":"Valor acrescentado da gest\u00e3o - Totem Consultoria e forma\u00e7\u00e3o","description":"A alquimia do valor acrescentado da gest\u00e3o \u00e9 uma mentalidade que inclui o ensino, o empenho e a capacidade de se desafiar a si pr\u00f3prio.","robots":{"index":"index","follow":"follow","max-snippet":"max-snippet:-1","max-image-preview":"max-image-preview:large","max-video-preview":"max-video-preview:-1"},"canonical":"https:\/\/www.totem-formation.fr\/pt-pt\/valor-acrescentado-da-gestao\/","og_locale":"pt_PT","og_type":"article","og_title":"Valor acrescentado da gest\u00e3o - Totem Consultoria e forma\u00e7\u00e3o","og_description":"A alquimia do valor acrescentado da gest\u00e3o \u00e9 uma mentalidade que inclui o ensino, o empenho e a capacidade de se desafiar a si pr\u00f3prio.","og_url":"https:\/\/www.totem-formation.fr\/pt-pt\/valor-acrescentado-da-gestao\/","og_site_name":"Totem","article_publisher":"http:\/\/www.facebook.com\/TotemConseilFormation","article_modified_time":"2025-07-18T13:31:52+00:00","twitter_card":"summary_large_image","twitter_site":"@totem_cpl","twitter_misc":{"Tempo estimado de leitura":"3 minutos"},"schema":{"@context":"https:\/\/schema.org","@graph":[{"@type":"WebPage","@id":"https:\/\/www.totem-formation.fr\/pt-pt\/valor-acrescentado-da-gestao\/","url":"https:\/\/www.totem-formation.fr\/pt-pt\/valor-acrescentado-da-gestao\/","name":"Valor acrescentado da gest\u00e3o - Totem Consultoria e forma\u00e7\u00e3o","isPartOf":{"@id":"https:\/\/www.totem-formation.fr\/pt-pt\/#website"},"datePublished":"2015-06-25T09:05:40+00:00","dateModified":"2025-07-18T13:31:52+00:00","description":"A alquimia do valor acrescentado da gest\u00e3o \u00e9 uma mentalidade que inclui o ensino, o empenho e a capacidade de se desafiar a si pr\u00f3prio.","breadcrumb":{"@id":"https:\/\/www.totem-formation.fr\/pt-pt\/valor-acrescentado-da-gestao\/#breadcrumb"},"inLanguage":"pt-PT","potentialAction":[{"@type":"ReadAction","target":["https:\/\/www.totem-formation.fr\/pt-pt\/valor-acrescentado-da-gestao\/"]}]},{"@type":"BreadcrumbList","@id":"https:\/\/www.totem-formation.fr\/pt-pt\/valor-acrescentado-da-gestao\/#breadcrumb","itemListElement":[{"@type":"ListItem","position":1,"name":"Accueil","item":"https:\/\/www.totem-formation.fr\/pt-pt\/inicio-novo\/"},{"@type":"ListItem","position":2,"name":"Valor acrescentado da gest\u00e3o"}]},{"@type":"WebSite","@id":"https:\/\/www.totem-formation.fr\/pt-pt\/#website","url":"https:\/\/www.totem-formation.fr\/pt-pt\/","name":"Totem","description":"Conseil et Formation","publisher":{"@id":"https:\/\/www.totem-formation.fr\/pt-pt\/#organization"},"potentialAction":[{"@type":"SearchAction","target":{"@type":"EntryPoint","urlTemplate":"https:\/\/www.totem-formation.fr\/pt-pt\/?s={search_term_string}"},"query-input":{"@type":"PropertyValueSpecification","valueRequired":true,"valueName":"search_term_string"}}],"inLanguage":"pt-PT"},{"@type":"Organization","@id":"https:\/\/www.totem-formation.fr\/pt-pt\/#organization","name":"Totem Formation","url":"https:\/\/www.totem-formation.fr\/pt-pt\/","logo":{"@type":"ImageObject","inLanguage":"pt-PT","@id":"https:\/\/www.totem-formation.fr\/pt-pt\/#\/schema\/logo\/image\/","url":"https:\/\/www.totem-formation.fr\/wp-content\/uploads\/2015\/07\/logo-totem-moyen.png","contentUrl":"https:\/\/www.totem-formation.fr\/wp-content\/uploads\/2015\/07\/logo-totem-moyen.png","width":400,"height":130,"caption":"Totem Formation"},"image":{"@id":"https:\/\/www.totem-formation.fr\/pt-pt\/#\/schema\/logo\/image\/"},"sameAs":["http:\/\/www.facebook.com\/TotemConseilFormation","https:\/\/x.com\/totem_cpl"]}]}},"_links":{"self":[{"href":"https:\/\/www.totem-formation.fr\/pt-pt\/wp-json\/wp\/v2\/pages\/16253","targetHints":{"allow":["GET"]}}],"collection":[{"href":"https:\/\/www.totem-formation.fr\/pt-pt\/wp-json\/wp\/v2\/pages"}],"about":[{"href":"https:\/\/www.totem-formation.fr\/pt-pt\/wp-json\/wp\/v2\/types\/page"}],"author":[{"embeddable":true,"href":"https:\/\/www.totem-formation.fr\/pt-pt\/wp-json\/wp\/v2\/users\/1"}],"replies":[{"embeddable":true,"href":"https:\/\/www.totem-formation.fr\/pt-pt\/wp-json\/wp\/v2\/comments?post=16253"}],"version-history":[{"count":4,"href":"https:\/\/www.totem-formation.fr\/pt-pt\/wp-json\/wp\/v2\/pages\/16253\/revisions"}],"predecessor-version":[{"id":16582,"href":"https:\/\/www.totem-formation.fr\/pt-pt\/wp-json\/wp\/v2\/pages\/16253\/revisions\/16582"}],"wp:attachment":[{"href":"https:\/\/www.totem-formation.fr\/pt-pt\/wp-json\/wp\/v2\/media?parent=16253"}],"curies":[{"name":"wp","href":"https:\/\/api.w.org\/{rel}","templated":true}]}}