{"id":16243,"date":"2015-06-25T10:05:57","date_gmt":"2015-06-25T09:05:57","guid":{"rendered":"https:\/\/www.totem-formation.fr\/ensino\/"},"modified":"2025-07-18T11:21:12","modified_gmt":"2025-07-18T10:21:12","slug":"ensino","status":"publish","type":"page","link":"https:\/\/www.totem-formation.fr\/pt-pt\/ensino\/","title":{"rendered":"Ensino"},"content":{"rendered":"<div class=\"wpb-content-wrapper\"><p>[vc_row][vc_column width=&#8221;2\/3&#8243; css=&#8221;.vc_custom_1435332034719{padding-bottom: 35px !important;}&#8221; popover_placement=&#8221;top&#8221;][vc_column_text]<\/p>\n<h1>Ensino<\/h1>\n<p><strong><b>Antes dos nossos cursos de forma\u00e7\u00e3o, todos os documentos preparat\u00f3rios s\u00e3o disponibilizados aos participantes no nosso local de trabalho do Sistema de Gest\u00e3o da Aprendizagem.<\/b><\/strong><\/p>\n<p>Desta forma, atrav\u00e9s de uma <strong>interface digital<\/strong>, todos podem familiarizar-se com o conte\u00fado, familiarizar-se com os conceitos abordados e formalizar o trabalho preparat\u00f3rio.<\/p>\n<p>Durante a <strong>forma\u00e7\u00e3o<\/strong>, para al\u00e9m dos conceitos e t\u00e9cnicas partilhados com os participantes, os nossos consultores centram-se na aplica\u00e7\u00e3o e nas actividades de forma\u00e7\u00e3o. Os exerc\u00edcios de forma\u00e7\u00e3o e o role-playing permitem-nos n\u00e3o s\u00f3 <strong>compreender<\/strong>, mas tamb\u00e9m <strong>praticar<\/strong>.[\/vc_column_text][vc_column_text css=&#8221;.vc_custom_1549553573238{padding-bottom: 10px !important;}&#8221;]<\/p>\n<blockquote><p><b>&#8220;Aprende a conhecer, aprende a fazer, aprende a dar a conhecer aos outros&#8221;.<br \/>\n<\/b><strong>Louis Pauwels<\/strong><\/p><\/blockquote>\n<p>&nbsp;<\/p>\n<h2>Os quatro pilares da pedagogia ToTEM<\/h2>\n<p><strong>Partilha interactiva<\/strong><br \/>\nOs nossos formadores asseguram que todo o grupo compreende os resultados esperados: <em>o que estamos a fazer e porque o estamos a fazer<\/em>?<\/p>\n<p><strong>Consciencializa\u00e7\u00e3o<\/strong><br \/>\nOs participantes numa promo\u00e7\u00e3o s\u00e3o convidados a questionarem-se, a tomarem consci\u00eancia das diferen\u00e7as de pr\u00e1ticas no seio do grupo e a experimentarem novas formas de fazer as coisas.<\/p>\n<p><strong>Aplica\u00e7\u00e3o<\/strong><br \/>\nOs participantes definem as compet\u00eancias adquiridas num plano de a\u00e7\u00e3o pessoal; \u00e0 medida que a forma\u00e7\u00e3o avan\u00e7a, escrevem o que aprenderam em cada sequ\u00eancia, as \u00e1reas de trabalho que identificaram e a forma como podem ser aplicadas na pr\u00e1tica, tudo isto formalizado e partilhado com o formador e o seu gestor.<\/p>\n<p><strong>Forma\u00e7\u00e3o<\/strong><br \/>\nS\u00e3o propostos exerc\u00edcios pr\u00e1ticos para que cada participante possa n\u00e3o s\u00f3 aplicar as t\u00e9cnicas aprendidas, mas tamb\u00e9m adquirir reflexos reais no dia a dia.[\/vc_column_text][\/vc_column][vc_column width=&#8221;1\/3&#8243;][vc_single_image image=&#8221;13189&#8243; img_size=&#8221;large&#8221; popover_placement=&#8221;top&#8221;][vc_button2 title=&#8221;Treino&#8221; color=&#8221;orange&#8221; size=&#8221;lg&#8221; link=&#8221;url:https%3A%2F%2Fwww.totem-formation.fr%2Fpt-pt%2Feficacia-do-coaching%2F|&#8221;][vc_button2 title=&#8221;Desempenho comercial&#8221; color=&#8221;orange&#8221; size=&#8221;lg&#8221; link=&#8221;url:https%3A%2F%2Fwww.totem-formation.fr%2Fperformance-commerciale%2F|&#8221;][vc_button2 title=&#8221;Gest\u00e3o&#8221; color=&#8221;orange&#8221; size=&#8221;lg&#8221; link=&#8221;url:https%3A%2F%2Fwww.totem-formation.fr%2Fvaleur-ajoute-manageriale%2F|&#8221;][vc_button2 title=&#8221;Aplica\u00e7\u00e3o no terreno&#8221; color=&#8221;orange&#8221; size=&#8221;lg&#8221; link=&#8221;url:https%3A%2F%2Fwww.totem-formation.fr%2Fpt-pt%2Faplicacao-no-terreno%2F|&#8221;][\/vc_column][\/vc_row]<\/p>\n<\/div>","protected":false},"excerpt":{"rendered":"<p>[vc_row][vc_column width=&#8221;2\/3&#8243; css=&#8221;.vc_custom_1435332034719{padding-bottom: 35px !important;}&#8221; popover_placement=&#8221;top&#8221;][vc_column_text] Ensino Antes dos nossos cursos de forma\u00e7\u00e3o, todos os documentos preparat\u00f3rios s\u00e3o disponibilizados aos participantes no nosso local de trabalho do Sistema de Gest\u00e3o da Aprendizagem. Desta forma, atrav\u00e9s de uma interface digital, todos podem familiarizar-se com o conte\u00fado, familiarizar-se com os conceitos abordados e formalizar o trabalho preparat\u00f3rio.&hellip;<\/p>\n","protected":false},"author":1,"featured_media":0,"parent":0,"menu_order":0,"comment_status":"open","ping_status":"open","template":"","meta":{"_acf_changed":false,"footnotes":""},"class_list":["post-16243","page","type-page","status-publish","hentry"],"acf":[],"yoast_head":"<!-- This site is optimized with the Yoast SEO plugin v25.1 - https:\/\/yoast.com\/wordpress\/plugins\/seo\/ -->\n<title>Ensino TOTEM - Totem Consultoria e forma\u00e7\u00e3o<\/title>\n<meta name=\"description\" content=\"Os manuais ser\u00e3o fornecidos com alguns dias de anteced\u00eancia para que possas familiarizar-te com os conte\u00fados e conceitos abordados.\" \/>\n<meta name=\"robots\" content=\"index, follow, max-snippet:-1, max-image-preview:large, max-video-preview:-1\" \/>\n<link rel=\"canonical\" href=\"https:\/\/www.totem-formation.fr\/pt-pt\/ensino\/\" \/>\n<meta property=\"og:locale\" content=\"pt_PT\" \/>\n<meta property=\"og:type\" content=\"article\" \/>\n<meta property=\"og:title\" content=\"Ensino TOTEM - Totem Consultoria e forma\u00e7\u00e3o\" \/>\n<meta property=\"og:description\" content=\"Os manuais ser\u00e3o fornecidos com alguns dias de anteced\u00eancia para que possas familiarizar-te com os conte\u00fados e conceitos abordados.\" \/>\n<meta property=\"og:url\" content=\"https:\/\/www.totem-formation.fr\/pt-pt\/ensino\/\" \/>\n<meta property=\"og:site_name\" content=\"Totem\" \/>\n<meta property=\"article:publisher\" content=\"http:\/\/www.facebook.com\/TotemConseilFormation\" \/>\n<meta property=\"article:modified_time\" content=\"2025-07-18T10:21:12+00:00\" \/>\n<meta name=\"twitter:card\" content=\"summary_large_image\" \/>\n<meta name=\"twitter:site\" content=\"@totem_cpl\" \/>\n<meta name=\"twitter:label1\" content=\"Tempo estimado de leitura\" \/>\n\t<meta name=\"twitter:data1\" content=\"2 minutos\" \/>\n<script type=\"application\/ld+json\" class=\"yoast-schema-graph\">{\"@context\":\"https:\/\/schema.org\",\"@graph\":[{\"@type\":\"WebPage\",\"@id\":\"https:\/\/www.totem-formation.fr\/pt-pt\/ensino\/\",\"url\":\"https:\/\/www.totem-formation.fr\/pt-pt\/ensino\/\",\"name\":\"Ensino TOTEM - Totem Consultoria e forma\u00e7\u00e3o\",\"isPartOf\":{\"@id\":\"https:\/\/www.totem-formation.fr\/pt-pt\/#website\"},\"datePublished\":\"2015-06-25T09:05:57+00:00\",\"dateModified\":\"2025-07-18T10:21:12+00:00\",\"description\":\"Os manuais ser\u00e3o fornecidos com alguns dias de anteced\u00eancia para que possas familiarizar-te com os conte\u00fados e conceitos abordados.\",\"breadcrumb\":{\"@id\":\"https:\/\/www.totem-formation.fr\/pt-pt\/ensino\/#breadcrumb\"},\"inLanguage\":\"pt-PT\",\"potentialAction\":[{\"@type\":\"ReadAction\",\"target\":[\"https:\/\/www.totem-formation.fr\/pt-pt\/ensino\/\"]}]},{\"@type\":\"BreadcrumbList\",\"@id\":\"https:\/\/www.totem-formation.fr\/pt-pt\/ensino\/#breadcrumb\",\"itemListElement\":[{\"@type\":\"ListItem\",\"position\":1,\"name\":\"Accueil\",\"item\":\"https:\/\/www.totem-formation.fr\/pt-pt\/inicio-novo\/\"},{\"@type\":\"ListItem\",\"position\":2,\"name\":\"Ensino\"}]},{\"@type\":\"WebSite\",\"@id\":\"https:\/\/www.totem-formation.fr\/pt-pt\/#website\",\"url\":\"https:\/\/www.totem-formation.fr\/pt-pt\/\",\"name\":\"Totem\",\"description\":\"Conseil et Formation\",\"publisher\":{\"@id\":\"https:\/\/www.totem-formation.fr\/pt-pt\/#organization\"},\"potentialAction\":[{\"@type\":\"SearchAction\",\"target\":{\"@type\":\"EntryPoint\",\"urlTemplate\":\"https:\/\/www.totem-formation.fr\/pt-pt\/?s={search_term_string}\"},\"query-input\":{\"@type\":\"PropertyValueSpecification\",\"valueRequired\":true,\"valueName\":\"search_term_string\"}}],\"inLanguage\":\"pt-PT\"},{\"@type\":\"Organization\",\"@id\":\"https:\/\/www.totem-formation.fr\/pt-pt\/#organization\",\"name\":\"Totem Formation\",\"url\":\"https:\/\/www.totem-formation.fr\/pt-pt\/\",\"logo\":{\"@type\":\"ImageObject\",\"inLanguage\":\"pt-PT\",\"@id\":\"https:\/\/www.totem-formation.fr\/pt-pt\/#\/schema\/logo\/image\/\",\"url\":\"https:\/\/www.totem-formation.fr\/wp-content\/uploads\/2015\/07\/logo-totem-moyen.png\",\"contentUrl\":\"https:\/\/www.totem-formation.fr\/wp-content\/uploads\/2015\/07\/logo-totem-moyen.png\",\"width\":400,\"height\":130,\"caption\":\"Totem Formation\"},\"image\":{\"@id\":\"https:\/\/www.totem-formation.fr\/pt-pt\/#\/schema\/logo\/image\/\"},\"sameAs\":[\"http:\/\/www.facebook.com\/TotemConseilFormation\",\"https:\/\/x.com\/totem_cpl\"]}]}<\/script>\n<!-- \/ Yoast SEO plugin. -->","yoast_head_json":{"title":"Ensino TOTEM - Totem Consultoria e forma\u00e7\u00e3o","description":"Os manuais ser\u00e3o fornecidos com alguns dias de anteced\u00eancia para que possas familiarizar-te com os conte\u00fados e conceitos abordados.","robots":{"index":"index","follow":"follow","max-snippet":"max-snippet:-1","max-image-preview":"max-image-preview:large","max-video-preview":"max-video-preview:-1"},"canonical":"https:\/\/www.totem-formation.fr\/pt-pt\/ensino\/","og_locale":"pt_PT","og_type":"article","og_title":"Ensino TOTEM - Totem Consultoria e forma\u00e7\u00e3o","og_description":"Os manuais ser\u00e3o fornecidos com alguns dias de anteced\u00eancia para que possas familiarizar-te com os conte\u00fados e conceitos abordados.","og_url":"https:\/\/www.totem-formation.fr\/pt-pt\/ensino\/","og_site_name":"Totem","article_publisher":"http:\/\/www.facebook.com\/TotemConseilFormation","article_modified_time":"2025-07-18T10:21:12+00:00","twitter_card":"summary_large_image","twitter_site":"@totem_cpl","twitter_misc":{"Tempo estimado de leitura":"2 minutos"},"schema":{"@context":"https:\/\/schema.org","@graph":[{"@type":"WebPage","@id":"https:\/\/www.totem-formation.fr\/pt-pt\/ensino\/","url":"https:\/\/www.totem-formation.fr\/pt-pt\/ensino\/","name":"Ensino TOTEM - Totem Consultoria e forma\u00e7\u00e3o","isPartOf":{"@id":"https:\/\/www.totem-formation.fr\/pt-pt\/#website"},"datePublished":"2015-06-25T09:05:57+00:00","dateModified":"2025-07-18T10:21:12+00:00","description":"Os manuais ser\u00e3o fornecidos com alguns dias de anteced\u00eancia para que possas familiarizar-te com os conte\u00fados e conceitos abordados.","breadcrumb":{"@id":"https:\/\/www.totem-formation.fr\/pt-pt\/ensino\/#breadcrumb"},"inLanguage":"pt-PT","potentialAction":[{"@type":"ReadAction","target":["https:\/\/www.totem-formation.fr\/pt-pt\/ensino\/"]}]},{"@type":"BreadcrumbList","@id":"https:\/\/www.totem-formation.fr\/pt-pt\/ensino\/#breadcrumb","itemListElement":[{"@type":"ListItem","position":1,"name":"Accueil","item":"https:\/\/www.totem-formation.fr\/pt-pt\/inicio-novo\/"},{"@type":"ListItem","position":2,"name":"Ensino"}]},{"@type":"WebSite","@id":"https:\/\/www.totem-formation.fr\/pt-pt\/#website","url":"https:\/\/www.totem-formation.fr\/pt-pt\/","name":"Totem","description":"Conseil et Formation","publisher":{"@id":"https:\/\/www.totem-formation.fr\/pt-pt\/#organization"},"potentialAction":[{"@type":"SearchAction","target":{"@type":"EntryPoint","urlTemplate":"https:\/\/www.totem-formation.fr\/pt-pt\/?s={search_term_string}"},"query-input":{"@type":"PropertyValueSpecification","valueRequired":true,"valueName":"search_term_string"}}],"inLanguage":"pt-PT"},{"@type":"Organization","@id":"https:\/\/www.totem-formation.fr\/pt-pt\/#organization","name":"Totem Formation","url":"https:\/\/www.totem-formation.fr\/pt-pt\/","logo":{"@type":"ImageObject","inLanguage":"pt-PT","@id":"https:\/\/www.totem-formation.fr\/pt-pt\/#\/schema\/logo\/image\/","url":"https:\/\/www.totem-formation.fr\/wp-content\/uploads\/2015\/07\/logo-totem-moyen.png","contentUrl":"https:\/\/www.totem-formation.fr\/wp-content\/uploads\/2015\/07\/logo-totem-moyen.png","width":400,"height":130,"caption":"Totem Formation"},"image":{"@id":"https:\/\/www.totem-formation.fr\/pt-pt\/#\/schema\/logo\/image\/"},"sameAs":["http:\/\/www.facebook.com\/TotemConseilFormation","https:\/\/x.com\/totem_cpl"]}]}},"_links":{"self":[{"href":"https:\/\/www.totem-formation.fr\/pt-pt\/wp-json\/wp\/v2\/pages\/16243","targetHints":{"allow":["GET"]}}],"collection":[{"href":"https:\/\/www.totem-formation.fr\/pt-pt\/wp-json\/wp\/v2\/pages"}],"about":[{"href":"https:\/\/www.totem-formation.fr\/pt-pt\/wp-json\/wp\/v2\/types\/page"}],"author":[{"embeddable":true,"href":"https:\/\/www.totem-formation.fr\/pt-pt\/wp-json\/wp\/v2\/users\/1"}],"replies":[{"embeddable":true,"href":"https:\/\/www.totem-formation.fr\/pt-pt\/wp-json\/wp\/v2\/comments?post=16243"}],"version-history":[{"count":5,"href":"https:\/\/www.totem-formation.fr\/pt-pt\/wp-json\/wp\/v2\/pages\/16243\/revisions"}],"predecessor-version":[{"id":16533,"href":"https:\/\/www.totem-formation.fr\/pt-pt\/wp-json\/wp\/v2\/pages\/16243\/revisions\/16533"}],"wp:attachment":[{"href":"https:\/\/www.totem-formation.fr\/pt-pt\/wp-json\/wp\/v2\/media?parent=16243"}],"curies":[{"name":"wp","href":"https:\/\/api.w.org\/{rel}","templated":true}]}}