{"id":16216,"date":"2015-06-25T10:11:49","date_gmt":"2015-06-25T09:11:49","guid":{"rendered":"https:\/\/www.totem-formation.fr\/aplicacao-no-terreno\/"},"modified":"2025-07-07T15:25:43","modified_gmt":"2025-07-07T14:25:43","slug":"aplicacao-no-terreno","status":"publish","type":"page","link":"https:\/\/www.totem-formation.fr\/pt-pt\/aplicacao-no-terreno\/","title":{"rendered":"Aplica\u00e7\u00e3o no terreno"},"content":{"rendered":"<div class=\"wpb-content-wrapper\"><p>[vc_row][vc_column width=&#8221;2\/3&#8243;][vc_column_text]<\/p>\n<h1>Aplica\u00e7\u00e3o no terreno<\/h1>\n<p><b>O que \u00e9 um sistema de forma\u00e7\u00e3o eficaz? Embora a maioria das empresas tenha implementado medidas para avaliar a qualidade da sua forma\u00e7\u00e3o, n\u00e3o sabem como estimar o que realmente esperam dela. No Totem, come\u00e7amos por definir as compet\u00eancias a adquirir e garantimos n\u00e3o s\u00f3 que s\u00e3o assimiladas pelos participantes, mas tamb\u00e9m que s\u00e3o implementadas na empresa e que t\u00eam um impacto real nos resultados atrav\u00e9s de um sistema de avalia\u00e7\u00e3o e medi\u00e7\u00e3o. <\/b>[\/vc_column_text][vc_column_text css=&#8221;.vc_custom_1547461952593{padding-bottom: 35px !important;}&#8221;]<\/p>\n<blockquote>\n<p><b>&#8220;Aquele que desiste de tentar ser melhor, j\u00e1 deixou de ser bom&#8221;.<br \/><\/b><em>Oliver Cromwell<\/em><\/p>\n<\/blockquote>\n<p>&nbsp;<\/p>\n<h2><b>As condi\u00e7\u00f5es de sucesso TOTEM<\/b><\/h2>\n<p>- <b><span style=\"color: #f0592b;\">A<\/span> empresa est\u00e1 empenhada<\/b> em trabalhar no Como ter sucesso com o Quanto<\/p>\n<p>- <b>As equipas<span style=\"color: #f0592b;\">s\u00e3o <\/span>responsabilizadas<\/b> antes e depois dos cursos de forma\u00e7\u00e3o<\/p>\n<p>- <b><span style=\"color: #f0592b;\">S\u00e3o <\/span><\/b> implementados <b>planos de a\u00e7\u00e3o pessoais<\/b>, apoiados por um acompanhamento a longo prazo no terreno<\/p>\n<p>- <b>As sess\u00f5es de forma\u00e7\u00e3o<\/b> da equipa <b><span style=\"color: #f0592b;\">s\u00e3o <\/span><\/b> organizadas regularmente.<\/p>\n<p>- <b>Os gestores e os<span style=\"color: #f0592b;\">N+1 <\/span><\/b> envolvem-se pessoalmente<\/p>\n<p>- <b><span style=\"color: #f0592b;\">Os N+1 <\/span>s\u00e3o formados e apoiados pela ToTEM<\/b>, como um intermedi\u00e1rio para a forma\u00e7\u00e3o das suas equipas.<\/p>\n<p>- \u00c9 estabelecido <b><span style=\"color: #f0592b;\">um <\/span>acompanhamento telef\u00f3nico regular<\/b> entre o gestor e o formador.<\/p>\n<p>- <b>As confer\u00eancias Web<\/b> <b><span style=\"color: #f0592b;\">permitem que <\/span><\/b> os membros de uma turma partilhem informa\u00e7\u00f5es \u00e0 dist\u00e2ncia<\/p>\n<p>- <b><span style=\"color: #f0592b;\">S\u00e3o <\/span><\/b> criados <b>webinars, blogues e espa\u00e7os de trabalho colaborativos<\/b> para incentivar a mudan\u00e7a<\/p>\n<p>- <b><span style=\"color: #f0592b;\">Foram <\/span><\/b> criados <b>instrumentos de acompanhamento<\/b>: contratos de candidatura, passaportes de forma\u00e7\u00e3o, avalia\u00e7\u00f5es de carreira, etc.[\/vc_column_text][\/vc_column][vc_column width=&#8221;1\/3&#8243;][vc_single_image image=&#8221;13189&#8243; img_size=&#8221;large&#8221; popover_placement=&#8221;top&#8221;][vc_column_text][\/vc_column_text][vc_button2 title=&#8221;Treino&#8221; color=&#8221;orange&#8221; size=&#8221;lg&#8221;][vc_button2 title=&#8221;Gest\u00e3o&#8221; color=&#8221;orange&#8221; size=&#8221;lg&#8221;][vc_button2 title=&#8221;Ensino&#8221; color=&#8221;orange&#8221; size=&#8221;lg&#8221; link=&#8221;url:https%3A%2F%2Fwww.totem-formation.fr%2Fpedagogie-totem%2F|&#8221;][vc_button2 title=&#8221;Desempenho comercial&#8221; color=&#8221;orange&#8221; size=&#8221;lg&#8221; link=&#8221;url:https%3A%2F%2Fwww.totem-formation.fr%2Fperformance-commerciale%2F|&#8221;][\/vc_column][\/vc_row]<\/p>\n<\/div>","protected":false},"excerpt":{"rendered":"<p>[vc_row][vc_column width=&#8221;2\/3&#8243;][vc_column_text] Aplica\u00e7\u00e3o no terreno O que \u00e9 um sistema de forma\u00e7\u00e3o eficaz? Embora a maioria das empresas tenha implementado medidas para avaliar a qualidade da sua forma\u00e7\u00e3o, n\u00e3o sabem como estimar o que realmente esperam dela. No Totem, come\u00e7amos por definir as compet\u00eancias a adquirir e garantimos n\u00e3o s\u00f3 que s\u00e3o assimiladas pelos participantes,&hellip;<\/p>\n","protected":false},"author":1,"featured_media":0,"parent":0,"menu_order":0,"comment_status":"open","ping_status":"open","template":"","meta":{"_acf_changed":false,"footnotes":""},"class_list":["post-16216","page","type-page","status-publish","hentry"],"acf":[],"yoast_head":"<!-- This site is optimized with the Yoast SEO plugin v25.1 - https:\/\/yoast.com\/wordpress\/plugins\/seo\/ -->\n<title>Aplica\u00e7\u00e3o no terreno- Totem Consultoria e forma\u00e7\u00e3o<\/title>\n<meta name=\"description\" content=\"Em Totem Conseil et Formation, passa da inten\u00e7\u00e3o \u00e0 a\u00e7\u00e3o com os nossos programas de team-building e de estrat\u00e9gia de alian\u00e7as feitos \u00e0 medida!\" \/>\n<meta name=\"robots\" content=\"index, follow, max-snippet:-1, max-image-preview:large, max-video-preview:-1\" \/>\n<link rel=\"canonical\" href=\"https:\/\/www.totem-formation.fr\/pt-pt\/aplicacao-no-terreno\/\" \/>\n<meta property=\"og:locale\" content=\"pt_PT\" \/>\n<meta property=\"og:type\" content=\"article\" \/>\n<meta property=\"og:title\" content=\"Aplica\u00e7\u00e3o no terreno- Totem Consultoria e forma\u00e7\u00e3o\" \/>\n<meta property=\"og:description\" content=\"Em Totem Conseil et Formation, passa da inten\u00e7\u00e3o \u00e0 a\u00e7\u00e3o com os nossos programas de team-building e de estrat\u00e9gia de alian\u00e7as feitos \u00e0 medida!\" \/>\n<meta property=\"og:url\" content=\"https:\/\/www.totem-formation.fr\/pt-pt\/aplicacao-no-terreno\/\" \/>\n<meta property=\"og:site_name\" content=\"Totem\" \/>\n<meta property=\"article:publisher\" content=\"http:\/\/www.facebook.com\/TotemConseilFormation\" \/>\n<meta property=\"article:modified_time\" content=\"2025-07-07T14:25:43+00:00\" \/>\n<meta name=\"twitter:card\" content=\"summary_large_image\" \/>\n<meta name=\"twitter:site\" content=\"@totem_cpl\" \/>\n<meta name=\"twitter:label1\" content=\"Tempo estimado de leitura\" \/>\n\t<meta name=\"twitter:data1\" content=\"2 minutos\" \/>\n<script type=\"application\/ld+json\" class=\"yoast-schema-graph\">{\"@context\":\"https:\/\/schema.org\",\"@graph\":[{\"@type\":\"WebPage\",\"@id\":\"https:\/\/www.totem-formation.fr\/pt-pt\/aplicacao-no-terreno\/\",\"url\":\"https:\/\/www.totem-formation.fr\/pt-pt\/aplicacao-no-terreno\/\",\"name\":\"Aplica\u00e7\u00e3o no terreno- Totem Consultoria e forma\u00e7\u00e3o\",\"isPartOf\":{\"@id\":\"https:\/\/www.totem-formation.fr\/pt-pt\/#website\"},\"datePublished\":\"2015-06-25T09:11:49+00:00\",\"dateModified\":\"2025-07-07T14:25:43+00:00\",\"description\":\"Em Totem Conseil et Formation, passa da inten\u00e7\u00e3o \u00e0 a\u00e7\u00e3o com os nossos programas de team-building e de estrat\u00e9gia de alian\u00e7as feitos \u00e0 medida!\",\"breadcrumb\":{\"@id\":\"https:\/\/www.totem-formation.fr\/pt-pt\/aplicacao-no-terreno\/#breadcrumb\"},\"inLanguage\":\"pt-PT\",\"potentialAction\":[{\"@type\":\"ReadAction\",\"target\":[\"https:\/\/www.totem-formation.fr\/pt-pt\/aplicacao-no-terreno\/\"]}]},{\"@type\":\"BreadcrumbList\",\"@id\":\"https:\/\/www.totem-formation.fr\/pt-pt\/aplicacao-no-terreno\/#breadcrumb\",\"itemListElement\":[{\"@type\":\"ListItem\",\"position\":1,\"name\":\"Accueil\",\"item\":\"https:\/\/www.totem-formation.fr\/pt-pt\/inicio-novo\/\"},{\"@type\":\"ListItem\",\"position\":2,\"name\":\"Aplica\u00e7\u00e3o no terreno\"}]},{\"@type\":\"WebSite\",\"@id\":\"https:\/\/www.totem-formation.fr\/pt-pt\/#website\",\"url\":\"https:\/\/www.totem-formation.fr\/pt-pt\/\",\"name\":\"Totem\",\"description\":\"Conseil et Formation\",\"publisher\":{\"@id\":\"https:\/\/www.totem-formation.fr\/pt-pt\/#organization\"},\"potentialAction\":[{\"@type\":\"SearchAction\",\"target\":{\"@type\":\"EntryPoint\",\"urlTemplate\":\"https:\/\/www.totem-formation.fr\/pt-pt\/?s={search_term_string}\"},\"query-input\":{\"@type\":\"PropertyValueSpecification\",\"valueRequired\":true,\"valueName\":\"search_term_string\"}}],\"inLanguage\":\"pt-PT\"},{\"@type\":\"Organization\",\"@id\":\"https:\/\/www.totem-formation.fr\/pt-pt\/#organization\",\"name\":\"Totem Formation\",\"url\":\"https:\/\/www.totem-formation.fr\/pt-pt\/\",\"logo\":{\"@type\":\"ImageObject\",\"inLanguage\":\"pt-PT\",\"@id\":\"https:\/\/www.totem-formation.fr\/pt-pt\/#\/schema\/logo\/image\/\",\"url\":\"https:\/\/www.totem-formation.fr\/wp-content\/uploads\/2015\/07\/logo-totem-moyen.png\",\"contentUrl\":\"https:\/\/www.totem-formation.fr\/wp-content\/uploads\/2015\/07\/logo-totem-moyen.png\",\"width\":400,\"height\":130,\"caption\":\"Totem Formation\"},\"image\":{\"@id\":\"https:\/\/www.totem-formation.fr\/pt-pt\/#\/schema\/logo\/image\/\"},\"sameAs\":[\"http:\/\/www.facebook.com\/TotemConseilFormation\",\"https:\/\/x.com\/totem_cpl\"]}]}<\/script>\n<!-- \/ Yoast SEO plugin. -->","yoast_head_json":{"title":"Aplica\u00e7\u00e3o no terreno- Totem Consultoria e forma\u00e7\u00e3o","description":"Em Totem Conseil et Formation, passa da inten\u00e7\u00e3o \u00e0 a\u00e7\u00e3o com os nossos programas de team-building e de estrat\u00e9gia de alian\u00e7as feitos \u00e0 medida!","robots":{"index":"index","follow":"follow","max-snippet":"max-snippet:-1","max-image-preview":"max-image-preview:large","max-video-preview":"max-video-preview:-1"},"canonical":"https:\/\/www.totem-formation.fr\/pt-pt\/aplicacao-no-terreno\/","og_locale":"pt_PT","og_type":"article","og_title":"Aplica\u00e7\u00e3o no terreno- Totem Consultoria e forma\u00e7\u00e3o","og_description":"Em Totem Conseil et Formation, passa da inten\u00e7\u00e3o \u00e0 a\u00e7\u00e3o com os nossos programas de team-building e de estrat\u00e9gia de alian\u00e7as feitos \u00e0 medida!","og_url":"https:\/\/www.totem-formation.fr\/pt-pt\/aplicacao-no-terreno\/","og_site_name":"Totem","article_publisher":"http:\/\/www.facebook.com\/TotemConseilFormation","article_modified_time":"2025-07-07T14:25:43+00:00","twitter_card":"summary_large_image","twitter_site":"@totem_cpl","twitter_misc":{"Tempo estimado de leitura":"2 minutos"},"schema":{"@context":"https:\/\/schema.org","@graph":[{"@type":"WebPage","@id":"https:\/\/www.totem-formation.fr\/pt-pt\/aplicacao-no-terreno\/","url":"https:\/\/www.totem-formation.fr\/pt-pt\/aplicacao-no-terreno\/","name":"Aplica\u00e7\u00e3o no terreno- Totem Consultoria e forma\u00e7\u00e3o","isPartOf":{"@id":"https:\/\/www.totem-formation.fr\/pt-pt\/#website"},"datePublished":"2015-06-25T09:11:49+00:00","dateModified":"2025-07-07T14:25:43+00:00","description":"Em Totem Conseil et Formation, passa da inten\u00e7\u00e3o \u00e0 a\u00e7\u00e3o com os nossos programas de team-building e de estrat\u00e9gia de alian\u00e7as feitos \u00e0 medida!","breadcrumb":{"@id":"https:\/\/www.totem-formation.fr\/pt-pt\/aplicacao-no-terreno\/#breadcrumb"},"inLanguage":"pt-PT","potentialAction":[{"@type":"ReadAction","target":["https:\/\/www.totem-formation.fr\/pt-pt\/aplicacao-no-terreno\/"]}]},{"@type":"BreadcrumbList","@id":"https:\/\/www.totem-formation.fr\/pt-pt\/aplicacao-no-terreno\/#breadcrumb","itemListElement":[{"@type":"ListItem","position":1,"name":"Accueil","item":"https:\/\/www.totem-formation.fr\/pt-pt\/inicio-novo\/"},{"@type":"ListItem","position":2,"name":"Aplica\u00e7\u00e3o no terreno"}]},{"@type":"WebSite","@id":"https:\/\/www.totem-formation.fr\/pt-pt\/#website","url":"https:\/\/www.totem-formation.fr\/pt-pt\/","name":"Totem","description":"Conseil et Formation","publisher":{"@id":"https:\/\/www.totem-formation.fr\/pt-pt\/#organization"},"potentialAction":[{"@type":"SearchAction","target":{"@type":"EntryPoint","urlTemplate":"https:\/\/www.totem-formation.fr\/pt-pt\/?s={search_term_string}"},"query-input":{"@type":"PropertyValueSpecification","valueRequired":true,"valueName":"search_term_string"}}],"inLanguage":"pt-PT"},{"@type":"Organization","@id":"https:\/\/www.totem-formation.fr\/pt-pt\/#organization","name":"Totem Formation","url":"https:\/\/www.totem-formation.fr\/pt-pt\/","logo":{"@type":"ImageObject","inLanguage":"pt-PT","@id":"https:\/\/www.totem-formation.fr\/pt-pt\/#\/schema\/logo\/image\/","url":"https:\/\/www.totem-formation.fr\/wp-content\/uploads\/2015\/07\/logo-totem-moyen.png","contentUrl":"https:\/\/www.totem-formation.fr\/wp-content\/uploads\/2015\/07\/logo-totem-moyen.png","width":400,"height":130,"caption":"Totem Formation"},"image":{"@id":"https:\/\/www.totem-formation.fr\/pt-pt\/#\/schema\/logo\/image\/"},"sameAs":["http:\/\/www.facebook.com\/TotemConseilFormation","https:\/\/x.com\/totem_cpl"]}]}},"_links":{"self":[{"href":"https:\/\/www.totem-formation.fr\/pt-pt\/wp-json\/wp\/v2\/pages\/16216","targetHints":{"allow":["GET"]}}],"collection":[{"href":"https:\/\/www.totem-formation.fr\/pt-pt\/wp-json\/wp\/v2\/pages"}],"about":[{"href":"https:\/\/www.totem-formation.fr\/pt-pt\/wp-json\/wp\/v2\/types\/page"}],"author":[{"embeddable":true,"href":"https:\/\/www.totem-formation.fr\/pt-pt\/wp-json\/wp\/v2\/users\/1"}],"replies":[{"embeddable":true,"href":"https:\/\/www.totem-formation.fr\/pt-pt\/wp-json\/wp\/v2\/comments?post=16216"}],"version-history":[{"count":2,"href":"https:\/\/www.totem-formation.fr\/pt-pt\/wp-json\/wp\/v2\/pages\/16216\/revisions"}],"predecessor-version":[{"id":16218,"href":"https:\/\/www.totem-formation.fr\/pt-pt\/wp-json\/wp\/v2\/pages\/16216\/revisions\/16218"}],"wp:attachment":[{"href":"https:\/\/www.totem-formation.fr\/pt-pt\/wp-json\/wp\/v2\/media?parent=16216"}],"curies":[{"name":"wp","href":"https:\/\/api.w.org\/{rel}","templated":true}]}}