{"id":16190,"date":"2015-06-25T10:05:04","date_gmt":"2015-06-25T09:05:04","guid":{"rendered":"https:\/\/www.totem-formation.fr\/eficacia-do-coaching\/"},"modified":"2025-07-18T14:31:55","modified_gmt":"2025-07-18T13:31:55","slug":"eficacia-do-coaching","status":"publish","type":"page","link":"https:\/\/www.totem-formation.fr\/pt-pt\/eficacia-do-coaching\/","title":{"rendered":"Efic\u00e1cia do Coaching"},"content":{"rendered":"<div class=\"wpb-content-wrapper\"><p>[vc_row][vc_column][vc_separator color=&#8221;black&#8221; style=&#8221;shadow&#8221;][\/vc_column][\/vc_row][vc_row row_type=&#8221;normal&#8221; parallax_bg=&#8221;&#8221; css=&#8221;.vc_custom_1436256604136{padding-top: 35px !important;padding-bottom: 35px !important;}&#8221; gmbt_prlx_bg_type=&#8221;parallax&#8221; gmbt_prlx_break_parents=&#8221;0&#8243; gmbt_prlx_smooth_scrolling=&#8221;&#8221; gmbt_prlx_video_youtube_mute=&#8221;&#8221; gmbt_prlx_video_youtube_loop_trigger=&#8221;0&#8243; gmbt_prlx_video_aspect_ratio=&#8221;16:9&#8243; gmbt_prlx_parallax=&#8221;none&#8221; gmbt_prlx_speed=&#8221;0.3&#8243; gmbt_prlx_enable_mobile=&#8221;&#8221;][vc_column width=&#8221;2\/3&#8243;][vc_column_text]<\/p>\n<h1>Efic\u00e1cia do Coaching<\/h1>\n<p><b>O coaching \u00e9 um estado de esp\u00edrito, uma forma de trabalhar no dia a dia, concebida para motivar e desenvolver a autonomia e o desempenho de uma equipa. Trata-se de uma etapa importante, na medida em que cada um precisa de se ver nos olhos dos outros para progredir: o gestor \u00e9 um &#8220;espelho&#8221; que facilita o desenvolvimento das suas equipas.<\/b><\/p>\n<p><b>O que \u00e9 um coaching eficaz?<\/b> Uma inten\u00e7\u00e3o clara, capacidade de dar sentido e motiva\u00e7\u00e3o, de aportar valor acrescentado objetivo, de mobilizar e responsabilizar, e tamb\u00e9m de medir o impacto gerado.[\/vc_column_text][vc_column_text css=&#8221;.vc_custom_1549537725775{padding-bottom: 35px !important;}&#8221;]<\/p>\n<blockquote><p><b>&#8220;<\/b><b>O coaching n\u00e3o consiste apenas em avaliar uma lacuna, mas em trabalhar com o colaborador para a corrigir e melhorar objetivamente a pr\u00e1tica.<\/b><b style=\"line-height: 1.5;\">&#8220;TOTEM Conseil et Formation<\/b><\/p><\/blockquote>\n<p>&nbsp;<\/p>\n<h3><span style=\"color: #999999;\">Exemplo:<\/span><b><br \/>\nCoaching de compromisso para um Diretor de Vendas <\/b> <\/h3>\n<p>&nbsp;<\/p>\n<h4><b>Profissionalizar o desenvolvimento  <\/b><\/h4>\n<p>- Entrevistas de colabora\u00e7\u00e3o <span style=\"color: #f0592b;\"> para<\/span> atribuir responsabilidade por uma determinada \u00e1rea de trabalho<br \/>\n- Prepara <span style=\"color: #f0592b;\"> um<\/span> dia no terreno com um menu ad hoc<br \/>\n- <span style=\"color: #f0592b;\"> Um<\/span> relat\u00f3rio sobre o dia no terreno, dando in\u00edcio ao trabalho individual<\/p>\n<p>&nbsp;<\/p>\n<h4><b>Corrigir &#8220;Mudar o jogo<\/b><\/h4>\n<p>- <span style=\"color: #f0592b;\"> Assume<\/span> o compromisso de transferir conhecimentos para uma equipa<br \/>\n- <span style=\"color: #f0592b;\"> O que<\/span> me leva a dizer, no final do dia, que o vendedor fez progressos?<br \/>\n- <span style=\"color: #f0592b;\"> Dar<\/span> o exemplo e transferir conhecimentos<br \/>\n- Flash <span style=\"color: #f0592b;\"> trainings<\/span>, sess\u00f5es de trabalho: aplicar, formar, falhar, recuperar<\/p>\n<p>&nbsp;<\/p>\n<h4><b>Acompanhamento e desafio <\/b><\/h4>\n<p>- <span style=\"color: #f0592b;\"> Prepara\u00e7\u00e3o de<\/span> reuni\u00f5es, discuss\u00f5es p\u00f3s-visita, feedback, debriefing<br \/>\n- <span style=\"color: #f0592b;\"> Briefings<\/span> telef\u00f3nicos dedicados, actualiza\u00e7\u00f5es do progresso entre 2 dias no terreno<br \/>\n- <span style=\"color: #f0592b;\"> Iniciativas<\/span> quotidianas &#8220;Conta-me!?[\/vc_column_text][\/vc_column][vc_column width=&#8221;1\/3&#8243;][vc_single_image image=&#8221;13189&#8243; img_size=&#8221;large&#8221;][vc_column_text]<\/p>\n<h3>Refer\u00eancias de clientes :<\/h3>\n<p>Heineken Alimentaire et CHD, Mondelez, Delpeyrat, Lotus Bakeries, Eckes Granini: Um sistema de coaching &#8220;em cascata&#8221; adotado pela organiza\u00e7\u00e3o de vendas,<br \/>\ndo Diretor de Vendas ao Chefe de Vendas, com instru\u00e7\u00f5es de utiliza\u00e7\u00e3o em que todos s\u00e3o capacitados e desafiados no desenvolvimento dos seus empregados.[\/vc_column_text][vc_btn title=&#8221;Gest\u00e3o&#8221; color=&#8221;warning&#8221; size=&#8221;lg&#8221; link=&#8221;url:https%3A%2F%2Fwww.totem-formation.fr%2Fpt-pt%2Fvalor-acrescentado-da-gestao%2F|title:gest%C3%A3o|&#8221;][vc_btn title=&#8221;Desempenho das vendas&#8221; color=&#8221;warning&#8221; size=&#8221;lg&#8221; link=&#8221;url:https%3A%2F%2Fwww.totem-formation.fr%2Fpt-pt%2Fdesempenho-comercial%2F|title:Desempenho%20das%20vendas|&#8221;][vc_btn title=&#8221;Ensino&#8221; color=&#8221;warning&#8221; size=&#8221;lg&#8221; link=&#8221;url:https%3A%2F%2Fwww.totem-formation.fr%2Fpt-pt%2Fensino%2F|title:ensino|&#8221;][vc_btn title=&#8221;Aplica\u00e7\u00e3o no terreno&#8221; color=&#8221;warning&#8221; size=&#8221;lg&#8221; link=&#8221;url:https%3A%2F%2Fwww.totem-formation.fr%2Fpt-pt%2Faplicacao-no-terreno%2F|title:ensino|&#8221;][\/vc_column][\/vc_row]<\/p>\n<\/div>","protected":false},"excerpt":{"rendered":"<p>[vc_row][vc_column][vc_separator color=&#8221;black&#8221; style=&#8221;shadow&#8221;][\/vc_column][\/vc_row][vc_row row_type=&#8221;normal&#8221; parallax_bg=&#8221;&#8221; css=&#8221;.vc_custom_1436256604136{padding-top: 35px !important;padding-bottom: 35px !important;}&#8221; gmbt_prlx_bg_type=&#8221;parallax&#8221; gmbt_prlx_break_parents=&#8221;0&#8243; gmbt_prlx_smooth_scrolling=&#8221;&#8221; gmbt_prlx_video_youtube_mute=&#8221;&#8221; gmbt_prlx_video_youtube_loop_trigger=&#8221;0&#8243; gmbt_prlx_video_aspect_ratio=&#8221;16:9&#8243; gmbt_prlx_parallax=&#8221;none&#8221; gmbt_prlx_speed=&#8221;0.3&#8243; gmbt_prlx_enable_mobile=&#8221;&#8221;][vc_column width=&#8221;2\/3&#8243;][vc_column_text] Efic\u00e1cia do Coaching O coaching \u00e9 um estado de esp\u00edrito, uma forma de trabalhar no dia a dia, concebida para motivar e desenvolver a autonomia e o desempenho de uma equipa. Trata-se de uma etapa&hellip;<\/p>\n","protected":false},"author":1,"featured_media":0,"parent":0,"menu_order":0,"comment_status":"open","ping_status":"open","template":"","meta":{"_acf_changed":false,"footnotes":""},"class_list":["post-16190","page","type-page","status-publish","hentry"],"acf":[],"yoast_head":"<!-- This site is optimized with the Yoast SEO plugin v25.1 - https:\/\/yoast.com\/wordpress\/plugins\/seo\/ -->\n<title>Efic\u00e1cia do Coaching - Totem Consultoria e forma\u00e7\u00e3o<\/title>\n<meta name=\"description\" content=\"O coaching \u00e9 um estado de esp\u00edrito, uma forma de trabalhar no dia a dia, concebida para motivar e desenvolver a autonomia e o desempenho de uma equipa.\" \/>\n<meta name=\"robots\" content=\"index, follow, max-snippet:-1, max-image-preview:large, max-video-preview:-1\" \/>\n<link rel=\"canonical\" href=\"https:\/\/www.totem-formation.fr\/pt-pt\/eficacia-do-coaching\/\" \/>\n<meta property=\"og:locale\" content=\"pt_PT\" \/>\n<meta property=\"og:type\" content=\"article\" \/>\n<meta property=\"og:title\" content=\"Efic\u00e1cia do Coaching - Totem Consultoria e forma\u00e7\u00e3o\" \/>\n<meta property=\"og:description\" content=\"O coaching \u00e9 um estado de esp\u00edrito, uma forma de trabalhar no dia a dia, concebida para motivar e desenvolver a autonomia e o desempenho de uma equipa.\" \/>\n<meta property=\"og:url\" content=\"https:\/\/www.totem-formation.fr\/pt-pt\/eficacia-do-coaching\/\" \/>\n<meta property=\"og:site_name\" content=\"Totem\" \/>\n<meta property=\"article:publisher\" content=\"http:\/\/www.facebook.com\/TotemConseilFormation\" \/>\n<meta property=\"article:modified_time\" content=\"2025-07-18T13:31:55+00:00\" \/>\n<meta name=\"twitter:card\" content=\"summary_large_image\" \/>\n<meta name=\"twitter:site\" content=\"@totem_cpl\" \/>\n<meta name=\"twitter:label1\" content=\"Tempo estimado de leitura\" \/>\n\t<meta name=\"twitter:data1\" content=\"3 minutos\" \/>\n<script type=\"application\/ld+json\" class=\"yoast-schema-graph\">{\"@context\":\"https:\/\/schema.org\",\"@graph\":[{\"@type\":\"WebPage\",\"@id\":\"https:\/\/www.totem-formation.fr\/pt-pt\/eficacia-do-coaching\/\",\"url\":\"https:\/\/www.totem-formation.fr\/pt-pt\/eficacia-do-coaching\/\",\"name\":\"Efic\u00e1cia do Coaching - Totem Consultoria e forma\u00e7\u00e3o\",\"isPartOf\":{\"@id\":\"https:\/\/www.totem-formation.fr\/pt-pt\/#website\"},\"datePublished\":\"2015-06-25T09:05:04+00:00\",\"dateModified\":\"2025-07-18T13:31:55+00:00\",\"description\":\"O coaching \u00e9 um estado de esp\u00edrito, uma forma de trabalhar no dia a dia, concebida para motivar e desenvolver a autonomia e o desempenho de uma equipa.\",\"breadcrumb\":{\"@id\":\"https:\/\/www.totem-formation.fr\/pt-pt\/eficacia-do-coaching\/#breadcrumb\"},\"inLanguage\":\"pt-PT\",\"potentialAction\":[{\"@type\":\"ReadAction\",\"target\":[\"https:\/\/www.totem-formation.fr\/pt-pt\/eficacia-do-coaching\/\"]}]},{\"@type\":\"BreadcrumbList\",\"@id\":\"https:\/\/www.totem-formation.fr\/pt-pt\/eficacia-do-coaching\/#breadcrumb\",\"itemListElement\":[{\"@type\":\"ListItem\",\"position\":1,\"name\":\"Accueil\",\"item\":\"https:\/\/www.totem-formation.fr\/pt-pt\/inicio-novo\/\"},{\"@type\":\"ListItem\",\"position\":2,\"name\":\"Efic\u00e1cia do Coaching\"}]},{\"@type\":\"WebSite\",\"@id\":\"https:\/\/www.totem-formation.fr\/pt-pt\/#website\",\"url\":\"https:\/\/www.totem-formation.fr\/pt-pt\/\",\"name\":\"Totem\",\"description\":\"Conseil et Formation\",\"publisher\":{\"@id\":\"https:\/\/www.totem-formation.fr\/pt-pt\/#organization\"},\"potentialAction\":[{\"@type\":\"SearchAction\",\"target\":{\"@type\":\"EntryPoint\",\"urlTemplate\":\"https:\/\/www.totem-formation.fr\/pt-pt\/?s={search_term_string}\"},\"query-input\":{\"@type\":\"PropertyValueSpecification\",\"valueRequired\":true,\"valueName\":\"search_term_string\"}}],\"inLanguage\":\"pt-PT\"},{\"@type\":\"Organization\",\"@id\":\"https:\/\/www.totem-formation.fr\/pt-pt\/#organization\",\"name\":\"Totem Formation\",\"url\":\"https:\/\/www.totem-formation.fr\/pt-pt\/\",\"logo\":{\"@type\":\"ImageObject\",\"inLanguage\":\"pt-PT\",\"@id\":\"https:\/\/www.totem-formation.fr\/pt-pt\/#\/schema\/logo\/image\/\",\"url\":\"https:\/\/www.totem-formation.fr\/wp-content\/uploads\/2015\/07\/logo-totem-moyen.png\",\"contentUrl\":\"https:\/\/www.totem-formation.fr\/wp-content\/uploads\/2015\/07\/logo-totem-moyen.png\",\"width\":400,\"height\":130,\"caption\":\"Totem Formation\"},\"image\":{\"@id\":\"https:\/\/www.totem-formation.fr\/pt-pt\/#\/schema\/logo\/image\/\"},\"sameAs\":[\"http:\/\/www.facebook.com\/TotemConseilFormation\",\"https:\/\/x.com\/totem_cpl\"]}]}<\/script>\n<!-- \/ Yoast SEO plugin. -->","yoast_head_json":{"title":"Efic\u00e1cia do Coaching - Totem Consultoria e forma\u00e7\u00e3o","description":"O coaching \u00e9 um estado de esp\u00edrito, uma forma de trabalhar no dia a dia, concebida para motivar e desenvolver a autonomia e o desempenho de uma equipa.","robots":{"index":"index","follow":"follow","max-snippet":"max-snippet:-1","max-image-preview":"max-image-preview:large","max-video-preview":"max-video-preview:-1"},"canonical":"https:\/\/www.totem-formation.fr\/pt-pt\/eficacia-do-coaching\/","og_locale":"pt_PT","og_type":"article","og_title":"Efic\u00e1cia do Coaching - Totem Consultoria e forma\u00e7\u00e3o","og_description":"O coaching \u00e9 um estado de esp\u00edrito, uma forma de trabalhar no dia a dia, concebida para motivar e desenvolver a autonomia e o desempenho de uma equipa.","og_url":"https:\/\/www.totem-formation.fr\/pt-pt\/eficacia-do-coaching\/","og_site_name":"Totem","article_publisher":"http:\/\/www.facebook.com\/TotemConseilFormation","article_modified_time":"2025-07-18T13:31:55+00:00","twitter_card":"summary_large_image","twitter_site":"@totem_cpl","twitter_misc":{"Tempo estimado de leitura":"3 minutos"},"schema":{"@context":"https:\/\/schema.org","@graph":[{"@type":"WebPage","@id":"https:\/\/www.totem-formation.fr\/pt-pt\/eficacia-do-coaching\/","url":"https:\/\/www.totem-formation.fr\/pt-pt\/eficacia-do-coaching\/","name":"Efic\u00e1cia do Coaching - Totem Consultoria e forma\u00e7\u00e3o","isPartOf":{"@id":"https:\/\/www.totem-formation.fr\/pt-pt\/#website"},"datePublished":"2015-06-25T09:05:04+00:00","dateModified":"2025-07-18T13:31:55+00:00","description":"O coaching \u00e9 um estado de esp\u00edrito, uma forma de trabalhar no dia a dia, concebida para motivar e desenvolver a autonomia e o desempenho de uma equipa.","breadcrumb":{"@id":"https:\/\/www.totem-formation.fr\/pt-pt\/eficacia-do-coaching\/#breadcrumb"},"inLanguage":"pt-PT","potentialAction":[{"@type":"ReadAction","target":["https:\/\/www.totem-formation.fr\/pt-pt\/eficacia-do-coaching\/"]}]},{"@type":"BreadcrumbList","@id":"https:\/\/www.totem-formation.fr\/pt-pt\/eficacia-do-coaching\/#breadcrumb","itemListElement":[{"@type":"ListItem","position":1,"name":"Accueil","item":"https:\/\/www.totem-formation.fr\/pt-pt\/inicio-novo\/"},{"@type":"ListItem","position":2,"name":"Efic\u00e1cia do Coaching"}]},{"@type":"WebSite","@id":"https:\/\/www.totem-formation.fr\/pt-pt\/#website","url":"https:\/\/www.totem-formation.fr\/pt-pt\/","name":"Totem","description":"Conseil et Formation","publisher":{"@id":"https:\/\/www.totem-formation.fr\/pt-pt\/#organization"},"potentialAction":[{"@type":"SearchAction","target":{"@type":"EntryPoint","urlTemplate":"https:\/\/www.totem-formation.fr\/pt-pt\/?s={search_term_string}"},"query-input":{"@type":"PropertyValueSpecification","valueRequired":true,"valueName":"search_term_string"}}],"inLanguage":"pt-PT"},{"@type":"Organization","@id":"https:\/\/www.totem-formation.fr\/pt-pt\/#organization","name":"Totem Formation","url":"https:\/\/www.totem-formation.fr\/pt-pt\/","logo":{"@type":"ImageObject","inLanguage":"pt-PT","@id":"https:\/\/www.totem-formation.fr\/pt-pt\/#\/schema\/logo\/image\/","url":"https:\/\/www.totem-formation.fr\/wp-content\/uploads\/2015\/07\/logo-totem-moyen.png","contentUrl":"https:\/\/www.totem-formation.fr\/wp-content\/uploads\/2015\/07\/logo-totem-moyen.png","width":400,"height":130,"caption":"Totem Formation"},"image":{"@id":"https:\/\/www.totem-formation.fr\/pt-pt\/#\/schema\/logo\/image\/"},"sameAs":["http:\/\/www.facebook.com\/TotemConseilFormation","https:\/\/x.com\/totem_cpl"]}]}},"_links":{"self":[{"href":"https:\/\/www.totem-formation.fr\/pt-pt\/wp-json\/wp\/v2\/pages\/16190","targetHints":{"allow":["GET"]}}],"collection":[{"href":"https:\/\/www.totem-formation.fr\/pt-pt\/wp-json\/wp\/v2\/pages"}],"about":[{"href":"https:\/\/www.totem-formation.fr\/pt-pt\/wp-json\/wp\/v2\/types\/page"}],"author":[{"embeddable":true,"href":"https:\/\/www.totem-formation.fr\/pt-pt\/wp-json\/wp\/v2\/users\/1"}],"replies":[{"embeddable":true,"href":"https:\/\/www.totem-formation.fr\/pt-pt\/wp-json\/wp\/v2\/comments?post=16190"}],"version-history":[{"count":7,"href":"https:\/\/www.totem-formation.fr\/pt-pt\/wp-json\/wp\/v2\/pages\/16190\/revisions"}],"predecessor-version":[{"id":16586,"href":"https:\/\/www.totem-formation.fr\/pt-pt\/wp-json\/wp\/v2\/pages\/16190\/revisions\/16586"}],"wp:attachment":[{"href":"https:\/\/www.totem-formation.fr\/pt-pt\/wp-json\/wp\/v2\/media?parent=16190"}],"curies":[{"name":"wp","href":"https:\/\/api.w.org\/{rel}","templated":true}]}}