{"id":15490,"date":"2023-03-16T15:39:25","date_gmt":"2023-03-16T14:39:25","guid":{"rendered":"https:\/\/www.totem-formation.fr\/reglamento-interno-organizacion-de-la-formacion\/"},"modified":"2025-05-26T19:19:12","modified_gmt":"2025-05-26T18:19:12","slug":"reglamento-interno-organizacion-de-la-formacion","status":"publish","type":"page","link":"https:\/\/www.totem-formation.fr\/es\/reglamento-interno-organizacion-de-la-formacion\/","title":{"rendered":"Reglamento interno - Organizaci\u00f3n de la formaci\u00f3n"},"content":{"rendered":"<div class=\"wpb-content-wrapper\"><p>[vc_row css=\u00bb.vc_custom_1678977686652{padding-top: 30px !important;padding-bottom: 30px !important;}\u00bb][vc_column][vc_column_text]<\/p>\n<h3><b>NORMAS INTERNAS - Organizaci\u00f3n de la formaci\u00f3n<\/b><\/h3>\n<p><b>CPL TOTEM <\/b><b><i>REDACTADO DE CONFORMIDAD CON LOS ART\u00cdCULOS L6352-3 Y L6352-4 Y R6352-1 A R6352-15 <\/i><\/b><b><i>DU CODE DUTRAVAIL<\/i><\/b><\/p>\n<p>&nbsp;<\/p>\n<p><b>ART\u00cdCULO 1 - OBJETO Y \u00c1MBITO DE APLICACI\u00d3N: <\/b>Estas normas se aplican a todas las personas que participen en un entrenamiento organizado por TOTEM CPL. Est\u00e1n expuestas en todos los lugares de entrenamiento y se presentan al inicio de las sesiones de entrenamiento. Todos los participantes deben cumplir los t\u00e9rminos de estas normas durante todo el curso de formaci\u00f3n.  <\/p>\n<p><b>ART\u00cdCULO 2 - PRINCIPIOS GENERALES:<\/b> La prevenci\u00f3n de los riesgos de accidentes y enfermedades es imperativa y exige que todos cumplamos plenamente todas las normas de salud y seguridad aplicables. Con este fin, las instrucciones generales y espec\u00edficas de seguridad vigentes en el establecimiento que acoge las sesiones de formaci\u00f3n, cuando existan, deben cumplirse estrictamente o se impondr\u00e1n sanciones. <\/p>\n<p><b>Secci\u00f3n 1:<\/b> <b>NORMAS DE HIGIENE Y SEGURIDAD<\/b><\/p>\n<p>Todos los aprendices deben garantizar su propia seguridad personal y la de los dem\u00e1s cumpliendo las instrucciones generales y espec\u00edficas sobre salud y seguridad, en funci\u00f3n de su formaci\u00f3n.<\/p>\n<p><b>ART\u00cdCULO 3 - INSTRUCCIONES<\/b> EN CASO DE INCENDIO: Las instrucciones en caso de incendio y, en particular, el plan de evacuaci\u00f3n de emergencia est\u00e1n expuestos en los locales del centro de formaci\u00f3n (en la planta baja: en el vest\u00edbulo junto a la puerta de entrada) y el alumno debe leerlos.<\/p>\n<p>En caso de alarma, los alumnos deben cesar toda actividad de formaci\u00f3n y seguir con calma las instrucciones del representante autorizado de la organizaci\u00f3n de formaci\u00f3n o de los servicios de emergencia.<\/p>\n<p>Cualquier aprendiz que presencie el inicio de un incendio debe llamar inmediatamente a los servicios de emergencia marcando el 18 desde un tel\u00e9fono fijo o el 112 desde un tel\u00e9fono m\u00f3vil y avisar a un representante de la organizaci\u00f3n de formaci\u00f3n.<\/p>\n<p><b>ART\u00cdCULO 4 - DROGAS Y DROGAS:<\/b> Queda terminantemente prohibida la introducci\u00f3n o el consumo de drogas o bebidas alcoh\u00f3licas en las instalaciones. Est\u00e1 prohibido que los alumnos entren o permanezcan en el centro de formaci\u00f3n en estado de embriaguez o bajo la influencia de drogas. <\/p>\n<p><b>ART\u00cdCULO 5 - PROHIBIDO FUMAR:<\/b> Est\u00e1 estrictamente prohibido fumar en las salas de formaci\u00f3n y, de forma m\u00e1s general, en los locales de la organizaci\u00f3n de la formaci\u00f3n.<\/p>\n<p><b>ART\u00cdCULO 6 - ACCIDENTE:<\/b> Todo aprendiz que sea v\u00edctima de un accidente (ocurrido durante el curso de formaci\u00f3n o durante el trayecto entre el centro de formaci\u00f3n y su domicilio o lugar de trabajo) o que sea testigo de tal accidente, deber\u00e1 informar inmediatamente a la direcci\u00f3n del centro de formaci\u00f3n. El responsable de la organizaci\u00f3n de la formaci\u00f3n tomar\u00e1 las medidas oportunas para buscar atenci\u00f3n m\u00e9dica, informar al empleador del aprendiz y ayudar a declarar el accidente a la caja de la seguridad social correspondiente. <\/p>\n<p><b>ART\u00cdCULO 7 - HORARIO DE TRABAJO, AUSENCIAS, LLEGADAS TARD\u00cdAS O SALIDAS ANTICIPADAS :<\/b><b> <\/b>Los alumnos deben respetar los horarios fijados y comunicados previamente por la organizaci\u00f3n de la formaci\u00f3n. En caso de ausencia, retraso o salida antes de la hora prevista, los alumnos deben informar a la organizaci\u00f3n de la formaci\u00f3n y justificarse. <\/p>\n<p>El organismo de formaci\u00f3n informa inmediatamente al financiador (empresario, administraci\u00f3n, Fong\u00e9cif, Regi\u00f3n, P\u00f4le emploi, etc.) de este hecho.<\/p>\n<p>Adem\u00e1s, de conformidad con el art\u00edculo R6341_45 del C\u00f3digo de Trabajo franc\u00e9s, a los becarios -cuya remuneraci\u00f3n corre a cargo de los poderes p\u00fablicos- se les puede descontar la paga de formaci\u00f3n proporcionalmente a la duraci\u00f3n de su ausencia.<\/p>\n<p><b>ART\u00cdCULO 8 - FORMALIDADES: <\/b>El alumno debe rellenar la hoja de asistencia a medida que avanza el curso y cumplimentar el cuestionario de satisfacci\u00f3n al final del curso. Se podr\u00e1 pedir a los alumnos que rellenen una evaluaci\u00f3n del curso. <\/p>\n<p><b>ART\u00cdCULO 9 - COMPORTAMIENTO:<\/b> Se espera de todos los alumnos un comportamiento que garantice el respeto de las normas b\u00e1sicas de buena educaci\u00f3n y de la vida en comunidad, as\u00ed como el buen desarrollo de los cursos.<\/p>\n<p><b>ART\u00cdCULO 10 -<\/b> OBJETOS PERSONALES<b>:<\/b> La organizaci\u00f3n declina toda responsabilidad en caso de p\u00e9rdida, robo o da\u00f1o de objetos personales de cualquier tipo pertenecientes a los aprendices.<\/p>\n<p><b>ART\u00cdCULO 11 - SANCIONES: <\/b>El incumplimiento por parte de un alumno en pr\u00e1cticas de cualquiera de las disposiciones del presente reglamento interno podr\u00e1 dar lugar a la exclusi\u00f3n temporal o definitiva del curso. Tambi\u00e9n se informar\u00e1 de esta sanci\u00f3n al empleador del alumno en pr\u00e1cticas. El empleador del alumno podr\u00e1 adoptar medidas disciplinarias, dependiendo de la naturaleza y gravedad de la sanci\u00f3n: llamada al orden, advertencia por escrito, amonestaci\u00f3n, suspensi\u00f3n o despido. Est\u00e1n prohibidas las multas u otras sanciones econ\u00f3micas.   <\/p>\n<p><b>ART\u00cdCULO 12 - ACCESO A LOS LOCALES DE FORMACI\u00d3N :  <\/b><\/p>\n<p>Salvo autorizaci\u00f3n expresa de la direcci\u00f3n de la organizaci\u00f3n de formaci\u00f3n, el aprendiz no podr\u00e1 :<\/p>\n<ul>\n<li>Entrar o permanecer en los locales de entrenamiento para fines distintos del entrenamiento;<\/li>\n<li>Presentar, hacer que se presenten o facilitar la presentaci\u00f3n de personas ajenas a la organizaci\u00f3n;<\/li>\n<li>Vender bienes o servicios en estas zonas.<\/li>\n<\/ul>\n<p><b>ART\u00cdCULO 13 - USO DEL EQUIPO :  <\/b><\/p>\n<p>Salvo autorizaci\u00f3n expresa de la direcci\u00f3n de la organizaci\u00f3n de formaci\u00f3n, el equipo de formaci\u00f3n s\u00f3lo puede utilizarse en las instalaciones de formaci\u00f3n y exclusivamente con fines de formaci\u00f3n. Est\u00e1 prohibido el uso del equipo para fines personales. <\/p>\n<p>Los alumnos deben mantener en buen estado el equipo que se les conf\u00eda para la formaci\u00f3n. Deben utilizarlo para los fines previstos y de acuerdo con las normas dictadas por el instructor. <span class=\"Apple-converted-space\"> <\/span><\/p>\n<p>El alumno debe informar inmediatamente al instructor de cualquier aver\u00eda del equipo.<\/p>\n<p><span class=\"Apple-converted-space\"> <\/span>Par\u00eds, 25 de junio de 2020<\/p>\n<p style=\"text-align: right;\">El Presidente<\/p>\n<p><img loading=\"lazy\" decoding=\"async\" class=\"alignright size-medium wp-image-15188\" src=\"https:\/\/www.totem-formation.fr\/wp-content\/uploads\/2023\/03\/signature-reglement-300x142.png\" alt=\"\" width=\"300\" height=\"142\" srcset=\"https:\/\/www.totem-formation.fr\/wp-content\/uploads\/2023\/03\/signature-reglement-300x142.png 300w, https:\/\/www.totem-formation.fr\/wp-content\/uploads\/2023\/03\/signature-reglement-558x264.png 558w, https:\/\/www.totem-formation.fr\/wp-content\/uploads\/2023\/03\/signature-reglement-655x310.png 655w, https:\/\/www.totem-formation.fr\/wp-content\/uploads\/2023\/03\/signature-reglement.png 748w\" sizes=\"auto, (max-width: 300px) 100vw, 300px\" \/>[\/vc_column_text][\/vc_column][\/vc_row]<\/p>\n<\/div>","protected":false},"excerpt":{"rendered":"<p>[vc_row css=\u00bb.vc_custom_1678977686652{padding-top: 30px !important;padding-bottom: 30px !important;}\u00bb][vc_column][vc_column_text] NORMAS INTERNAS - Organizaci\u00f3n de la formaci\u00f3n CPL TOTEM REDACTADO DE CONFORMIDAD CON LOS ART\u00cdCULOS L6352-3 Y L6352-4 Y R6352-1 A R6352-15 DU CODE DUTRAVAIL &nbsp; ART\u00cdCULO 1 - OBJETO Y \u00c1MBITO DE APLICACI\u00d3N: Estas normas se aplican a todas las personas que participen en un entrenamiento organizado por&hellip;<\/p>\n","protected":false},"author":1,"featured_media":0,"parent":0,"menu_order":0,"comment_status":"closed","ping_status":"closed","template":"","meta":{"_acf_changed":false,"footnotes":""},"class_list":["post-15490","page","type-page","status-publish","hentry"],"acf":[],"yoast_head":"<!-- This site is optimized with the Yoast SEO plugin v25.1 - https:\/\/yoast.com\/wordpress\/plugins\/seo\/ -->\n<title>Reglamento interno - Organizaci\u00f3n de la formaci\u00f3n - Totem<\/title>\n<meta name=\"robots\" content=\"index, follow, max-snippet:-1, max-image-preview:large, max-video-preview:-1\" \/>\n<link rel=\"canonical\" href=\"https:\/\/www.totem-formation.fr\/es\/reglamento-interno-organizacion-de-la-formacion\/\" \/>\n<meta property=\"og:locale\" content=\"es_ES\" \/>\n<meta property=\"og:type\" content=\"article\" \/>\n<meta property=\"og:title\" content=\"Reglamento interno - Organizaci\u00f3n de la formaci\u00f3n - Totem\" \/>\n<meta property=\"og:description\" content=\"[vc_row css=\u00bb.vc_custom_1678977686652{padding-top: 30px !important;padding-bottom: 30px !important;}\u00bb][vc_column][vc_column_text] NORMAS INTERNAS - Organizaci\u00f3n de la formaci\u00f3n CPL TOTEM REDACTADO DE CONFORMIDAD CON LOS ART\u00cdCULOS L6352-3 Y L6352-4 Y R6352-1 A R6352-15 DU CODE DUTRAVAIL &nbsp; ART\u00cdCULO 1 - OBJETO Y \u00c1MBITO DE APLICACI\u00d3N: Estas normas se aplican a todas las personas que participen en un entrenamiento organizado por&hellip;\" \/>\n<meta property=\"og:url\" content=\"https:\/\/www.totem-formation.fr\/es\/reglamento-interno-organizacion-de-la-formacion\/\" \/>\n<meta property=\"og:site_name\" content=\"Totem\" \/>\n<meta property=\"article:publisher\" content=\"http:\/\/www.facebook.com\/TotemConseilFormation\" \/>\n<meta property=\"article:modified_time\" content=\"2025-05-26T18:19:12+00:00\" \/>\n<meta property=\"og:image\" content=\"https:\/\/www.totem-formation.fr\/wp-content\/uploads\/2023\/03\/signature-reglement.png\" \/>\n\t<meta property=\"og:image:width\" content=\"748\" \/>\n\t<meta property=\"og:image:height\" content=\"354\" \/>\n\t<meta property=\"og:image:type\" content=\"image\/png\" \/>\n<meta name=\"twitter:card\" content=\"summary_large_image\" \/>\n<meta name=\"twitter:site\" content=\"@totem_cpl\" \/>\n<meta name=\"twitter:label1\" content=\"Tiempo de lectura\" \/>\n\t<meta name=\"twitter:data1\" content=\"5 minutos\" \/>\n<script type=\"application\/ld+json\" class=\"yoast-schema-graph\">{\"@context\":\"https:\/\/schema.org\",\"@graph\":[{\"@type\":\"WebPage\",\"@id\":\"https:\/\/www.totem-formation.fr\/es\/reglamento-interno-organizacion-de-la-formacion\/\",\"url\":\"https:\/\/www.totem-formation.fr\/es\/reglamento-interno-organizacion-de-la-formacion\/\",\"name\":\"Reglamento interno - Organizaci\u00f3n de la formaci\u00f3n - Totem\",\"isPartOf\":{\"@id\":\"https:\/\/www.totem-formation.fr\/es\/#website\"},\"primaryImageOfPage\":{\"@id\":\"https:\/\/www.totem-formation.fr\/es\/reglamento-interno-organizacion-de-la-formacion\/#primaryimage\"},\"image\":{\"@id\":\"https:\/\/www.totem-formation.fr\/es\/reglamento-interno-organizacion-de-la-formacion\/#primaryimage\"},\"thumbnailUrl\":\"https:\/\/www.totem-formation.fr\/wp-content\/uploads\/2023\/03\/signature-reglement-300x142.png\",\"datePublished\":\"2023-03-16T14:39:25+00:00\",\"dateModified\":\"2025-05-26T18:19:12+00:00\",\"breadcrumb\":{\"@id\":\"https:\/\/www.totem-formation.fr\/es\/reglamento-interno-organizacion-de-la-formacion\/#breadcrumb\"},\"inLanguage\":\"es\",\"potentialAction\":[{\"@type\":\"ReadAction\",\"target\":[\"https:\/\/www.totem-formation.fr\/es\/reglamento-interno-organizacion-de-la-formacion\/\"]}]},{\"@type\":\"ImageObject\",\"inLanguage\":\"es\",\"@id\":\"https:\/\/www.totem-formation.fr\/es\/reglamento-interno-organizacion-de-la-formacion\/#primaryimage\",\"url\":\"https:\/\/www.totem-formation.fr\/wp-content\/uploads\/2023\/03\/signature-reglement-300x142.png\",\"contentUrl\":\"https:\/\/www.totem-formation.fr\/wp-content\/uploads\/2023\/03\/signature-reglement-300x142.png\"},{\"@type\":\"BreadcrumbList\",\"@id\":\"https:\/\/www.totem-formation.fr\/es\/reglamento-interno-organizacion-de-la-formacion\/#breadcrumb\",\"itemListElement\":[{\"@type\":\"ListItem\",\"position\":1,\"name\":\"Accueil\",\"item\":\"https:\/\/www.totem-formation.fr\/es\/inicio-nuevo\/\"},{\"@type\":\"ListItem\",\"position\":2,\"name\":\"Reglamento interno - Organizaci\u00f3n de la formaci\u00f3n\"}]},{\"@type\":\"WebSite\",\"@id\":\"https:\/\/www.totem-formation.fr\/es\/#website\",\"url\":\"https:\/\/www.totem-formation.fr\/es\/\",\"name\":\"Totem\",\"description\":\"Conseil et Formation\",\"publisher\":{\"@id\":\"https:\/\/www.totem-formation.fr\/es\/#organization\"},\"potentialAction\":[{\"@type\":\"SearchAction\",\"target\":{\"@type\":\"EntryPoint\",\"urlTemplate\":\"https:\/\/www.totem-formation.fr\/es\/?s={search_term_string}\"},\"query-input\":{\"@type\":\"PropertyValueSpecification\",\"valueRequired\":true,\"valueName\":\"search_term_string\"}}],\"inLanguage\":\"es\"},{\"@type\":\"Organization\",\"@id\":\"https:\/\/www.totem-formation.fr\/es\/#organization\",\"name\":\"Totem Formation\",\"url\":\"https:\/\/www.totem-formation.fr\/es\/\",\"logo\":{\"@type\":\"ImageObject\",\"inLanguage\":\"es\",\"@id\":\"https:\/\/www.totem-formation.fr\/es\/#\/schema\/logo\/image\/\",\"url\":\"https:\/\/www.totem-formation.fr\/wp-content\/uploads\/2015\/07\/logo-totem-moyen.png\",\"contentUrl\":\"https:\/\/www.totem-formation.fr\/wp-content\/uploads\/2015\/07\/logo-totem-moyen.png\",\"width\":400,\"height\":130,\"caption\":\"Totem Formation\"},\"image\":{\"@id\":\"https:\/\/www.totem-formation.fr\/es\/#\/schema\/logo\/image\/\"},\"sameAs\":[\"http:\/\/www.facebook.com\/TotemConseilFormation\",\"https:\/\/x.com\/totem_cpl\"]}]}<\/script>\n<!-- \/ Yoast SEO plugin. -->","yoast_head_json":{"title":"Reglamento interno - Organizaci\u00f3n de la formaci\u00f3n - Totem","robots":{"index":"index","follow":"follow","max-snippet":"max-snippet:-1","max-image-preview":"max-image-preview:large","max-video-preview":"max-video-preview:-1"},"canonical":"https:\/\/www.totem-formation.fr\/es\/reglamento-interno-organizacion-de-la-formacion\/","og_locale":"es_ES","og_type":"article","og_title":"Reglamento interno - Organizaci\u00f3n de la formaci\u00f3n - Totem","og_description":"[vc_row css=\u00bb.vc_custom_1678977686652{padding-top: 30px !important;padding-bottom: 30px !important;}\u00bb][vc_column][vc_column_text] NORMAS INTERNAS - Organizaci\u00f3n de la formaci\u00f3n CPL TOTEM REDACTADO DE CONFORMIDAD CON LOS ART\u00cdCULOS L6352-3 Y L6352-4 Y R6352-1 A R6352-15 DU CODE DUTRAVAIL &nbsp; ART\u00cdCULO 1 - OBJETO Y \u00c1MBITO DE APLICACI\u00d3N: Estas normas se aplican a todas las personas que participen en un entrenamiento organizado por&hellip;","og_url":"https:\/\/www.totem-formation.fr\/es\/reglamento-interno-organizacion-de-la-formacion\/","og_site_name":"Totem","article_publisher":"http:\/\/www.facebook.com\/TotemConseilFormation","article_modified_time":"2025-05-26T18:19:12+00:00","og_image":[{"width":748,"height":354,"url":"https:\/\/www.totem-formation.fr\/wp-content\/uploads\/2023\/03\/signature-reglement.png","type":"image\/png"}],"twitter_card":"summary_large_image","twitter_site":"@totem_cpl","twitter_misc":{"Tiempo de lectura":"5 minutos"},"schema":{"@context":"https:\/\/schema.org","@graph":[{"@type":"WebPage","@id":"https:\/\/www.totem-formation.fr\/es\/reglamento-interno-organizacion-de-la-formacion\/","url":"https:\/\/www.totem-formation.fr\/es\/reglamento-interno-organizacion-de-la-formacion\/","name":"Reglamento interno - Organizaci\u00f3n de la formaci\u00f3n - Totem","isPartOf":{"@id":"https:\/\/www.totem-formation.fr\/es\/#website"},"primaryImageOfPage":{"@id":"https:\/\/www.totem-formation.fr\/es\/reglamento-interno-organizacion-de-la-formacion\/#primaryimage"},"image":{"@id":"https:\/\/www.totem-formation.fr\/es\/reglamento-interno-organizacion-de-la-formacion\/#primaryimage"},"thumbnailUrl":"https:\/\/www.totem-formation.fr\/wp-content\/uploads\/2023\/03\/signature-reglement-300x142.png","datePublished":"2023-03-16T14:39:25+00:00","dateModified":"2025-05-26T18:19:12+00:00","breadcrumb":{"@id":"https:\/\/www.totem-formation.fr\/es\/reglamento-interno-organizacion-de-la-formacion\/#breadcrumb"},"inLanguage":"es","potentialAction":[{"@type":"ReadAction","target":["https:\/\/www.totem-formation.fr\/es\/reglamento-interno-organizacion-de-la-formacion\/"]}]},{"@type":"ImageObject","inLanguage":"es","@id":"https:\/\/www.totem-formation.fr\/es\/reglamento-interno-organizacion-de-la-formacion\/#primaryimage","url":"https:\/\/www.totem-formation.fr\/wp-content\/uploads\/2023\/03\/signature-reglement-300x142.png","contentUrl":"https:\/\/www.totem-formation.fr\/wp-content\/uploads\/2023\/03\/signature-reglement-300x142.png"},{"@type":"BreadcrumbList","@id":"https:\/\/www.totem-formation.fr\/es\/reglamento-interno-organizacion-de-la-formacion\/#breadcrumb","itemListElement":[{"@type":"ListItem","position":1,"name":"Accueil","item":"https:\/\/www.totem-formation.fr\/es\/inicio-nuevo\/"},{"@type":"ListItem","position":2,"name":"Reglamento interno - Organizaci\u00f3n de la formaci\u00f3n"}]},{"@type":"WebSite","@id":"https:\/\/www.totem-formation.fr\/es\/#website","url":"https:\/\/www.totem-formation.fr\/es\/","name":"Totem","description":"Conseil et Formation","publisher":{"@id":"https:\/\/www.totem-formation.fr\/es\/#organization"},"potentialAction":[{"@type":"SearchAction","target":{"@type":"EntryPoint","urlTemplate":"https:\/\/www.totem-formation.fr\/es\/?s={search_term_string}"},"query-input":{"@type":"PropertyValueSpecification","valueRequired":true,"valueName":"search_term_string"}}],"inLanguage":"es"},{"@type":"Organization","@id":"https:\/\/www.totem-formation.fr\/es\/#organization","name":"Totem Formation","url":"https:\/\/www.totem-formation.fr\/es\/","logo":{"@type":"ImageObject","inLanguage":"es","@id":"https:\/\/www.totem-formation.fr\/es\/#\/schema\/logo\/image\/","url":"https:\/\/www.totem-formation.fr\/wp-content\/uploads\/2015\/07\/logo-totem-moyen.png","contentUrl":"https:\/\/www.totem-formation.fr\/wp-content\/uploads\/2015\/07\/logo-totem-moyen.png","width":400,"height":130,"caption":"Totem Formation"},"image":{"@id":"https:\/\/www.totem-formation.fr\/es\/#\/schema\/logo\/image\/"},"sameAs":["http:\/\/www.facebook.com\/TotemConseilFormation","https:\/\/x.com\/totem_cpl"]}]}},"_links":{"self":[{"href":"https:\/\/www.totem-formation.fr\/es\/wp-json\/wp\/v2\/pages\/15490","targetHints":{"allow":["GET"]}}],"collection":[{"href":"https:\/\/www.totem-formation.fr\/es\/wp-json\/wp\/v2\/pages"}],"about":[{"href":"https:\/\/www.totem-formation.fr\/es\/wp-json\/wp\/v2\/types\/page"}],"author":[{"embeddable":true,"href":"https:\/\/www.totem-formation.fr\/es\/wp-json\/wp\/v2\/users\/1"}],"replies":[{"embeddable":true,"href":"https:\/\/www.totem-formation.fr\/es\/wp-json\/wp\/v2\/comments?post=15490"}],"version-history":[{"count":10,"href":"https:\/\/www.totem-formation.fr\/es\/wp-json\/wp\/v2\/pages\/15490\/revisions"}],"predecessor-version":[{"id":15896,"href":"https:\/\/www.totem-formation.fr\/es\/wp-json\/wp\/v2\/pages\/15490\/revisions\/15896"}],"wp:attachment":[{"href":"https:\/\/www.totem-formation.fr\/es\/wp-json\/wp\/v2\/media?parent=15490"}],"curies":[{"name":"wp","href":"https:\/\/api.w.org\/{rel}","templated":true}]}}