{"id":15487,"date":"2020-07-15T13:55:14","date_gmt":"2020-07-15T12:55:14","guid":{"rendered":"https:\/\/www.totem-formation.fr\/nuestra-historia\/"},"modified":"2025-05-26T19:19:48","modified_gmt":"2025-05-26T18:19:48","slug":"nuestra-historia","status":"publish","type":"page","link":"https:\/\/www.totem-formation.fr\/es\/nuestra-historia\/","title":{"rendered":"NUESTRA HISTORIA"},"content":{"rendered":"<div class=\"wpb-content-wrapper\"><p>[vc_row full_width=\u00bbstretch_row\u00bb parallax=\u00bbcontent-moving\u00bb parallax_image=\u00bb13558&#8243;][vc_column][vc_custom_heading text=\u00bbNUESTRA HISTORIA\u00bb font_container=\u00bbtag:h1|font_size:48|text_align:left|color:%23ffffff\u00bb use_theme_fonts=\u00bbyes\u00bb css=\u00bb.vc_custom_1594822190871{padding-top: 50px !important;padding-bottom: 60px !important;}\u00bb][\/vc_column][\/vc_row][vc_row css=\u00bb.vc_custom_1594817292356{padding-top: 80px !important;}\u00bb][vc_column][vc_column_text]<\/p>\n<h2><b>UNA EMPRESA DE FORMACI\u00d3N A MEDIDA &#8230;<span class=\"Apple-converted-space\"> <\/span><\/b><\/h2>\n<p>[\/vc_column_text][vc_column_text]<strong>TOTEM<\/strong> lleva m\u00e1s de veinte a\u00f1os <strong>ofreciendo consultor\u00eda y formaci\u00f3n en ventas y rendimiento directivo<\/strong>. Sea cual sea tu sector de actividad, nuestros cursos y coaching se adaptan a tus ambiciones y proyectos comerciales. <\/p>\n<p>&nbsp;<\/p>\n<p><strong>Nuestros clientes<\/strong> <strong>proceden de \u00e1mbitos muy diversos<\/strong> (agroalimentario, industria, servicios, farmac\u00e9utico, etc.) y a menudo nos describen como consultores \u00e1giles, creativos y decididos. Utilizamos una amplia gama de m\u00e9todos y experiencias de aprendizaje, tanto presenciales como a distancia, para combinar en todo momento el \u201csaber\u201d y el \u201csaber hacer\u201d. <\/p>\n<p>&nbsp;<\/p>\n<p><strong>Nuestra filosof\u00eda de<\/strong> <strong>trabajo<\/strong> puede resumirse en esta m\u00e1xima: <em>\u201cSi dejas de intentar ser mejor,<em class=\"\"> ya has dejado de ser bueno <\/em>\u201d.<\/em> Es una din\u00e1mica que nos impulsa a ofrecer siempre contenidos precisos, utilizando medios pertinentes para lograr resultados concretos. <\/p>\n<p>&nbsp;<\/p>\n<p><strong>Apoy\u00e1ndonos en nuestra experiencia internacional<\/strong>, el bufete trabaja desde hace diez a\u00f1os en el desarrollo de proyectos comerciales y de gesti\u00f3n en todos los continentes.[\/vc_column_text][vc_empty_space][vc_zigzag el_border_width=\u00bb8&#8243;][vc_empty_space][vc_column_text]<\/p>\n<p style=\"text-align: center;\"><b>RECONOCIDO POR LAS MEJORES CERTIFICACIONES<\/b><\/p>\n<p>[\/vc_column_text][\/vc_column][\/vc_row][vc_row css=\u00bb.vc_custom_1594817138532{padding-top: 25px !important;padding-bottom: 25px !important;}\u00bb][vc_column width=\u00bb1\/3&#8243;][vc_single_image image=\u00bb14579&#8243; img_size=\u00bb150&#215;146&#8243; alignment=\u00bbcenter\u00bb][\/vc_column][vc_column width=\u00bb1\/3&#8243;][vc_single_image image=\u00bb14577&#8243; img_size=\u00bb150&#215;146&#8243; alignment=\u00bbcenter\u00bb][\/vc_column][vc_column width=\u00bb1\/3&#8243;][vc_single_image image=\u00bb14578&#8243; img_size=\u00bb150&#215;146&#8243; alignment=\u00bbcenter\u00bb onclick=\u00bbcustom_link\u00bb link=\u00bbhttps:\/\/www.totem-formation.fr\/es\/informacion-legal\/\u00bb][\/vc_column][\/vc_row][vc_row full_width=\u00bbstretch_row\u00bb css=\u00bb.vc_custom_1594825206484{margin-bottom: 0px !important;border-bottom-width: 0px !important;padding-top: 30px !important;padding-bottom: 0px !important;background-color: #f5f6f7 !important;}\u00bb][vc_column][vc_column_text]<\/p>\n<h1 style=\"text-align: center;\">NUESTRAS CONVICCIONES<\/h1>\n<p>[\/vc_column_text][\/vc_column][\/vc_row][vc_row full_width=\u00bbstretch_row\u00bb css=\u00bb.vc_custom_1594825274922{margin-top: 0px !important;margin-bottom: 50px !important;border-top-width: 0px !important;padding-top: 0px !important;background-color: #f5f6f7 !important;}\u00bb][vc_column width=\u00bb1\/3&#8243;][vc_row_inner][vc_column_inner width=\u00bb1\/4&#8243;][vc_icon type=\u00bblinecons\u00bb icon_linecons=\u00bbvc_li vc_li-paperplane\u00bb color=\u00bbcustom\u00bb custom_color=\u00bb#f0592b\u00bb][\/vc_column_inner][vc_column_inner width=\u00bb3\/4&#8243;][vc_column_text]<\/p>\n<p style=\"text-align: left;\">Ten siempre en <b>cuenta el contexto<\/b> y los objetivos <b>de la empresa<\/b> <\/p>\n<p>[\/vc_column_text][\/vc_column_inner][\/vc_row_inner][vc_empty_space height=\u00bb30px\u00bb][vc_row_inner][vc_column_inner width=\u00bb1\/4&#8243;][vc_icon type=\u00bblinecons\u00bb icon_linecons=\u00bbvc_li vc_li-params\u00bb color=\u00bbcustom\u00bb custom_color=\u00bb#f0592b\u00bb][\/vc_column_inner][vc_column_inner width=\u00bb3\/4&#8243;][vc_column_text]<\/p>\n<p style=\"text-align: left;\">Desarrollar las competencias de los empleados para que puedan alcanzar sus objetivos: <b>poner el C\u00d3MO al servicio del C\u00d3MO MUCHO<\/b><\/p>\n<p>[\/vc_column_text][\/vc_column_inner][\/vc_row_inner][vc_empty_space height=\u00bb30px\u00bb][vc_row_inner][vc_column_inner width=\u00bb1\/4&#8243;][vc_icon type=\u00bblinecons\u00bb color=\u00bbcustom\u00bb custom_color=\u00bb#f0592b\u00bb][\/vc_column_inner][vc_column_inner width=\u00bb3\/4&#8243;][vc_column_text]<\/p>\n<p style=\"text-align: left;\"><b><\/b><b>Capacitar a los participantes<\/b> e inculcarles una nueva mentalidad<\/p>\n<p>[\/vc_column_text][\/vc_column_inner][\/vc_row_inner][\/vc_column][vc_column width=\u00bb1\/3&#8243;][vc_row_inner][vc_column_inner width=\u00bb1\/4&#8243;][vc_icon type=\u00bbentypo\u00bb icon_entypo=\u00bbentypo-icon entypo-icon-users\u00bb color=\u00bbcustom\u00bb custom_color=\u00bb#f0592b\u00bb][\/vc_column_inner][vc_column_inner width=\u00bb3\/4&#8243;][vc_column_text]<\/p>\n<p style=\"text-align: left;\"><b>Conseguir que<\/b> los equipos <b>trabajen juntos<\/b> en sus prioridades de venta<\/p>\n<p>[\/vc_column_text][\/vc_column_inner][\/vc_row_inner][vc_empty_space height=\u00bb30px\u00bb][vc_row_inner][vc_column_inner width=\u00bb1\/4&#8243;][vc_icon type=\u00bbentypo\u00bb icon_entypo=\u00bbentypo-icon entypo-icon-user-add\u00bb color=\u00bbcustom\u00bb custom_color=\u00bb#f0592b\u00bb][\/vc_column_inner][vc_column_inner width=\u00bb3\/4&#8243;][vc_column_text]<\/p>\n<p style=\"text-align: left;\"><b>Promover el compromiso de los directivos<\/b> para ayudar al equipo a progresar<\/p>\n<p>[\/vc_column_text][\/vc_column_inner][\/vc_row_inner][vc_empty_space height=\u00bb30px\u00bb][vc_row_inner][vc_column_inner width=\u00bb1\/4&#8243;][vc_icon type=\u00bbentypo\u00bb icon_entypo=\u00bbentypo-icon entypo-icon-gauge\u00bb color=\u00bbcustom\u00bb custom_color=\u00bb#f0592b\u00bb][\/vc_column_inner][vc_column_inner width=\u00bb3\/4&#8243;][vc_column_text]<\/p>\n<p style=\"text-align: left;\"><b><\/b><b>Ser pragm\u00e1ticos<\/b> y proponer m\u00e9todos inmediatamente operativos<\/p>\n<p>[\/vc_column_text][\/vc_column_inner][\/vc_row_inner][\/vc_column][vc_column width=\u00bb1\/3&#8243;][vc_row_inner][vc_column_inner width=\u00bb1\/4&#8243;][vc_icon type=\u00bbentypo\u00bb icon_entypo=\u00bbentypo-icon entypo-icon-picture\u00bb color=\u00bbcustom\u00bb custom_color=\u00bb#f0592b\u00bb][\/vc_column_inner][vc_column_inner width=\u00bb3\/4&#8243;][vc_column_text]<\/p>\n<p style=\"text-align: left;\"><b>Ofrecer un enfoque pedag\u00f3gico variado<\/b>, centrado en las aplicaciones pr\u00e1cticas<\/p>\n<p>[\/vc_column_text][\/vc_column_inner][\/vc_row_inner][vc_empty_space height=\u00bb30px\u00bb][vc_row_inner][vc_column_inner width=\u00bb1\/4&#8243;][vc_icon type=\u00bbentypo\u00bb icon_entypo=\u00bbentypo-icon entypo-icon-chart-bar\u00bb color=\u00bbcustom\u00bb custom_color=\u00bb#f0592b\u00bb][\/vc_column_inner][vc_column_inner width=\u00bb3\/4&#8243;][vc_column_text]<\/p>\n<p style=\"text-align: left;\"><b><\/b><b>Medir<\/b> los resultados a lo largo del tiempo<\/p>\n<p>[\/vc_column_text][\/vc_column_inner][\/vc_row_inner][vc_empty_space height=\u00bb30px\u00bb][vc_row_inner][vc_column_inner width=\u00bb1\/4&#8243;][vc_icon type=\u00bbentypo\u00bb icon_entypo=\u00bbentypo-icon entypo-icon-graduation-cap\u00bb color=\u00bbcustom\u00bb custom_color=\u00bb#f0592b\u00bb][\/vc_column_inner][vc_column_inner width=\u00bb3\/4&#8243;][vc_column_text]<\/p>\n<p style=\"text-align: left;\"><b>Transmitir <\/b>nuestro saber hacer a nuestros clientes a trav\u00e9s de las escuelas de ventas<\/p>\n<p>[\/vc_column_text][\/vc_column_inner][\/vc_row_inner][\/vc_column][\/vc_row][vc_row css=\u00bb.vc_custom_1594883855219{padding-top: 50px !important;padding-bottom: 60px !important;}\u00bb][vc_column width=\u00bb1\/4&#8243;][vc_single_image image=\u00bb14961&#8243; img_size=\u00bbfull\u00bb style=\u00bbvc_box_circle_2&#8243;][\/vc_column][vc_column width=\u00bb3\/4&#8243;][vc_column_text]<\/p>\n<h1 style=\"text-align: left;\">\u00a1T\u00d3TEM DESAF\u00cdA LA SABIDUR\u00cdA CONVENCIONAL!<\/h1>\n<p>[\/vc_column_text][vc_tta_tabs][vc_tta_section title=\u00bbError n\u00ba 1&#8243; tab_id=\u00bb1594825347625-b8927325-aa82&#8243;][vc_column_text]<\/p>\n<h3>Formaci\u00f3n \u00abMilagro<\/h3>\n<p>Una empresa quiere desarrollar su rendimiento, resolver un problema, mejorar sus pr\u00e1cticas o t\u00e9cnicas para alcanzar sus objetivos. Se pone en contacto con una consultor\u00eda, se forma a los equipos y se espera que todo cambie de la noche a la ma\u00f1ana&#8230; \u00a1Pero unas semanas despu\u00e9s de la formaci\u00f3n, todo el mundo vuelve a sus pr\u00e1cticas habituales y nada cambia! <\/p>\n<p><span style=\"color: #e64f29;\"><strong>La respuesta TOTEM<\/strong><\/span><br \/>\nHacemos todo lo posible para animar a todos a avanzar y adquirir las competencias que complementar\u00e1n objetivamente sus pr\u00e1cticas.<br \/>\nDesarrollamos un inter\u00e9s sincero por el trabajo de un cliente o de un empleado, anim\u00e1ndoles a confiar en nosotros y a tomarse el tiempo necesario para avanzar juntos. Nuestra ambici\u00f3n es hacer todo lo posible para transformar la experiencia y hacer que todos se sientan orgullosos de compartir sus progresos.[\/vc_column_text][\/vc_tta_section][vc_tta_section title=\u00bbError n\u00ba 2&#8243; tab_id=\u00bb1594825347660-c5c366b9-cc50&#8243;][vc_column_text]<\/p>\n<h3>Dos d\u00edas de entrenamiento y \u00a1es una revoluci\u00f3n!<\/h3>\n<p>De 220 d\u00edas trabajados a lo largo de un a\u00f1o, un vendedor est\u00e1 acompa\u00f1ado una media de 6 \u00f3 7 d\u00edas, es decir, menos del&#8230; \u00a12% del tiempo! Y el resto del tiempo, a menudo se les abandona a su suerte, sin una relaci\u00f3n estrecha con su jefe. Se supone entonces que la formaci\u00f3n debe ense\u00f1arles a mejorar por s\u00ed mismos, sin ninguna perspectiva exterior u otro apoyo&#8230;  <\/p>\n<p><span style=\"color: #e64f29;\"><strong>La respuesta TOTEM<\/strong><\/span><br \/>\nPara este 2%, el directivo debe conseguir marcar el rumbo, el deseo de que el trabajador trabaje, teniendo en cuenta su desarrollo durante el 98% del tiempo que est\u00e1 solo. Por eso nuestros m\u00f3dulos no consisten s\u00f3lo en formaci\u00f3n presencial. Creemos en la multiestimulaci\u00f3n para ayudar a los empleados a desarrollarse y crear las condiciones para su \u00e9xito, de modo que podamos apoyar su aplicaci\u00f3n y tener \u00e9xito a lo largo del tiempo.[\/vc_column_text][\/vc_tta_section][vc_tta_section title=\u00bbError n\u00ba 3&#8243; tab_id=\u00bb1594825350232-112a68f9-32d1&#8243;][vc_column_text]<\/p>\n<h3>Un empleado formado = un empleado de alto rendimiento<\/h3>\n<p>Un directivo cree que su personal tiene carencias en un \u00e1rea concreta y necesita remediarlas. Los env\u00eda a cursos de formaci\u00f3n e imagina que rendir\u00e1n bien en cuanto vuelvan. Luego les asigna objetivos m\u00e1s ambiciosos, que no consiguen alcanzar&#8230;  <\/p>\n<p><span style=\"color: #e64f29;\"><strong>La respuesta de TOTEM<\/strong><\/span><br \/>\nPedimos a las empresas que se comprometan con un contrato de responsabilidad compartida y que jueguen a largo plazo para dotarse de los medios necesarios para triunfar. Hacemos todo lo posible para inspirar el cambio y convertir tus ambiciones en realidad. Por ejemplo, los emparejamientos entre empleados y directivos se supervisan durante todo el programa, y a menudo transmitimos nuestros conocimientos creando Campus de Ventas con equipos de formadores internos.[\/vc_column_text][\/vc_tta_section][vc_tta_section title=\u00bbError n\u00ba 4&#8243; tab_id=\u00bb1594825807664-64d9abab-5a55&#8243;][vc_column_text]<\/p>\n<h3>Formaci\u00f3n = curso de actualizaci\u00f3n<\/h3>\n<p>En Francia, la formaci\u00f3n profesional sigue consider\u00e1ndose un ejercicio de reducci\u00f3n de costes, una \u201cllamada de atenci\u00f3n\u201d necesaria para que los trabajadores se responsabilicen de actualizar sus competencias. Las empresas invierten grandes sumas de dinero en estos programas, sabiendo que al final sirven de poco&#8230; <\/p>\n<p><span style=\"color: #e64f29;\"><strong>La respuesta de TOTEM<\/strong><\/span><br \/>\nTodo el equipo TOTEM se compromete a colaborar con la empresa para que todos los empleados desarrollen sus pr\u00e1cticas a largo plazo. Nuestro lema: \u00bfQu\u00e9 nos hace decir al final de la formaci\u00f3n que el participante ha comprendido, se ha implicado y est\u00e1 comprometido? Trabajamos codo con codo con la empresa, cultivando el gusto por el esfuerzo y las ganas de trabajar, al tiempo que tenemos en cuenta el desarrollo personal del alumno.[\/vc_column_text][\/vc_tta_section][vc_tta_section title=\u00bbError n\u00ba 5&#8243; tab_id=\u00bb1595491771257-2f75da45-5494&#8243;][vc_column_text]<\/p>\n<h3>Formar significa identificar lo que queda por hacer<\/h3>\n<p>Un programa de formaci\u00f3n est\u00e1 pensado para compensar un d\u00e9ficit, una carencia o hacer un \u00faltimo esfuerzo para que tus equipos alcancen los objetivos fijados. Un programa de formaci\u00f3n consiste en centrarse en lo que queda por hacer, para que puedas acabar al 100% de tu capacidad y rendimiento. <\/p>\n<p><span style=\"color: #e64f29;\"><strong>La respuesta TOTEM<\/strong><\/span><\/p>\n<p>\u00a1Esto es INCORRECTO! Fuera el coaching correctivo, que mina la energ\u00eda del empleado: porque ver siempre lo que queda por hacer significa no alentar los esfuerzos y los resultados ya conseguidos. Y, en \u00faltima instancia, esto repercute directamente en la capacidad del empleado para cambiar sus pr\u00e1cticas. En Totem, tomamos la situaci\u00f3n de un directivo como un todo, y cada esfuerzo, progreso y resultado se reutiliza directamente en las trayectorias profesionales para repercutir en el progreso posterior. Por lo que a nosotros respecta, el \u201ctrabajo que queda por hacer\u201d nunca es negativo, \u00a1y nunca est\u00e1 solo![\/vc_column_text][\/vc_tta_section][\/vc_tta_tabs][\/vc_column][\/vc_row]<\/p>\n<\/div>","protected":false},"excerpt":{"rendered":"<p>[vc_row full_width=\u00bbstretch_row\u00bb parallax=\u00bbcontent-moving\u00bb parallax_image=\u00bb13558&#8243;][vc_column][vc_custom_heading text=\u00bbNUESTRA HISTORIA\u00bb font_container=\u00bbtag:h1|font_size:48|text_align:left|color:%23ffffff\u00bb use_theme_fonts=\u00bbyes\u00bb css=\u00bb.vc_custom_1594822190871{padding-top: 50px !important;padding-bottom: 60px !important;}\u00bb][\/vc_column][\/vc_row][vc_row css=\u00bb.vc_custom_1594817292356{padding-top: 80px !important;}\u00bb][vc_column][vc_column_text] UNA EMPRESA DE FORMACI\u00d3N A MEDIDA &#8230; [\/vc_column_text][vc_column_text]TOTEM lleva m\u00e1s de veinte a\u00f1os ofreciendo consultor\u00eda y formaci\u00f3n en ventas y rendimiento directivo. Sea cual sea tu sector de actividad, nuestros cursos y coaching se adaptan a tus ambiciones y&hellip;<\/p>\n","protected":false},"author":1,"featured_media":0,"parent":0,"menu_order":0,"comment_status":"closed","ping_status":"closed","template":"","meta":{"_acf_changed":false,"footnotes":""},"class_list":["post-15487","page","type-page","status-publish","hentry"],"acf":[],"yoast_head":"<!-- This site is optimized with the Yoast SEO plugin v25.1 - https:\/\/yoast.com\/wordpress\/plugins\/seo\/ -->\n<title>NUESTRA HISTORIA - Totem<\/title>\n<meta name=\"robots\" content=\"index, follow, max-snippet:-1, max-image-preview:large, max-video-preview:-1\" \/>\n<link rel=\"canonical\" href=\"https:\/\/www.totem-formation.fr\/es\/nuestra-historia\/\" \/>\n<meta property=\"og:locale\" content=\"es_ES\" \/>\n<meta property=\"og:type\" content=\"article\" \/>\n<meta property=\"og:title\" content=\"NUESTRA HISTORIA - Totem\" \/>\n<meta property=\"og:description\" content=\"[vc_row full_width=\u00bbstretch_row\u00bb parallax=\u00bbcontent-moving\u00bb parallax_image=\u00bb13558&#8243;][vc_column][vc_custom_heading text=\u00bbNUESTRA HISTORIA\u00bb font_container=\u00bbtag:h1|font_size:48|text_align:left|color:%23ffffff\u00bb use_theme_fonts=\u00bbyes\u00bb css=\u00bb.vc_custom_1594822190871{padding-top: 50px !important;padding-bottom: 60px !important;}\u00bb][\/vc_column][\/vc_row][vc_row css=\u00bb.vc_custom_1594817292356{padding-top: 80px !important;}\u00bb][vc_column][vc_column_text] UNA EMPRESA DE FORMACI\u00d3N A MEDIDA &#8230; [\/vc_column_text][vc_column_text]TOTEM lleva m\u00e1s de veinte a\u00f1os ofreciendo consultor\u00eda y formaci\u00f3n en ventas y rendimiento directivo. Sea cual sea tu sector de actividad, nuestros cursos y coaching se adaptan a tus ambiciones y&hellip;\" \/>\n<meta property=\"og:url\" content=\"https:\/\/www.totem-formation.fr\/es\/nuestra-historia\/\" \/>\n<meta property=\"og:site_name\" content=\"Totem\" \/>\n<meta property=\"article:publisher\" content=\"http:\/\/www.facebook.com\/TotemConseilFormation\" \/>\n<meta property=\"article:modified_time\" content=\"2025-05-26T18:19:48+00:00\" \/>\n<meta name=\"twitter:card\" content=\"summary_large_image\" \/>\n<meta name=\"twitter:site\" content=\"@totem_cpl\" \/>\n<meta name=\"twitter:label1\" content=\"Tiempo de lectura\" \/>\n\t<meta name=\"twitter:data1\" content=\"9 minutos\" \/>\n<script type=\"application\/ld+json\" class=\"yoast-schema-graph\">{\"@context\":\"https:\/\/schema.org\",\"@graph\":[{\"@type\":\"WebPage\",\"@id\":\"https:\/\/www.totem-formation.fr\/es\/nuestra-historia\/\",\"url\":\"https:\/\/www.totem-formation.fr\/es\/nuestra-historia\/\",\"name\":\"NUESTRA HISTORIA - Totem\",\"isPartOf\":{\"@id\":\"https:\/\/www.totem-formation.fr\/es\/#website\"},\"datePublished\":\"2020-07-15T12:55:14+00:00\",\"dateModified\":\"2025-05-26T18:19:48+00:00\",\"breadcrumb\":{\"@id\":\"https:\/\/www.totem-formation.fr\/es\/nuestra-historia\/#breadcrumb\"},\"inLanguage\":\"es\",\"potentialAction\":[{\"@type\":\"ReadAction\",\"target\":[\"https:\/\/www.totem-formation.fr\/es\/nuestra-historia\/\"]}]},{\"@type\":\"BreadcrumbList\",\"@id\":\"https:\/\/www.totem-formation.fr\/es\/nuestra-historia\/#breadcrumb\",\"itemListElement\":[{\"@type\":\"ListItem\",\"position\":1,\"name\":\"Accueil\",\"item\":\"https:\/\/www.totem-formation.fr\/es\/inicio-nuevo\/\"},{\"@type\":\"ListItem\",\"position\":2,\"name\":\"NUESTRA HISTORIA\"}]},{\"@type\":\"WebSite\",\"@id\":\"https:\/\/www.totem-formation.fr\/es\/#website\",\"url\":\"https:\/\/www.totem-formation.fr\/es\/\",\"name\":\"Totem\",\"description\":\"Conseil et Formation\",\"publisher\":{\"@id\":\"https:\/\/www.totem-formation.fr\/es\/#organization\"},\"potentialAction\":[{\"@type\":\"SearchAction\",\"target\":{\"@type\":\"EntryPoint\",\"urlTemplate\":\"https:\/\/www.totem-formation.fr\/es\/?s={search_term_string}\"},\"query-input\":{\"@type\":\"PropertyValueSpecification\",\"valueRequired\":true,\"valueName\":\"search_term_string\"}}],\"inLanguage\":\"es\"},{\"@type\":\"Organization\",\"@id\":\"https:\/\/www.totem-formation.fr\/es\/#organization\",\"name\":\"Totem Formation\",\"url\":\"https:\/\/www.totem-formation.fr\/es\/\",\"logo\":{\"@type\":\"ImageObject\",\"inLanguage\":\"es\",\"@id\":\"https:\/\/www.totem-formation.fr\/es\/#\/schema\/logo\/image\/\",\"url\":\"https:\/\/www.totem-formation.fr\/wp-content\/uploads\/2015\/07\/logo-totem-moyen.png\",\"contentUrl\":\"https:\/\/www.totem-formation.fr\/wp-content\/uploads\/2015\/07\/logo-totem-moyen.png\",\"width\":400,\"height\":130,\"caption\":\"Totem Formation\"},\"image\":{\"@id\":\"https:\/\/www.totem-formation.fr\/es\/#\/schema\/logo\/image\/\"},\"sameAs\":[\"http:\/\/www.facebook.com\/TotemConseilFormation\",\"https:\/\/x.com\/totem_cpl\"]}]}<\/script>\n<!-- \/ Yoast SEO plugin. -->","yoast_head_json":{"title":"NUESTRA HISTORIA - Totem","robots":{"index":"index","follow":"follow","max-snippet":"max-snippet:-1","max-image-preview":"max-image-preview:large","max-video-preview":"max-video-preview:-1"},"canonical":"https:\/\/www.totem-formation.fr\/es\/nuestra-historia\/","og_locale":"es_ES","og_type":"article","og_title":"NUESTRA HISTORIA - Totem","og_description":"[vc_row full_width=\u00bbstretch_row\u00bb parallax=\u00bbcontent-moving\u00bb parallax_image=\u00bb13558&#8243;][vc_column][vc_custom_heading text=\u00bbNUESTRA HISTORIA\u00bb font_container=\u00bbtag:h1|font_size:48|text_align:left|color:%23ffffff\u00bb use_theme_fonts=\u00bbyes\u00bb css=\u00bb.vc_custom_1594822190871{padding-top: 50px !important;padding-bottom: 60px !important;}\u00bb][\/vc_column][\/vc_row][vc_row css=\u00bb.vc_custom_1594817292356{padding-top: 80px !important;}\u00bb][vc_column][vc_column_text] UNA EMPRESA DE FORMACI\u00d3N A MEDIDA &#8230; [\/vc_column_text][vc_column_text]TOTEM lleva m\u00e1s de veinte a\u00f1os ofreciendo consultor\u00eda y formaci\u00f3n en ventas y rendimiento directivo. Sea cual sea tu sector de actividad, nuestros cursos y coaching se adaptan a tus ambiciones y&hellip;","og_url":"https:\/\/www.totem-formation.fr\/es\/nuestra-historia\/","og_site_name":"Totem","article_publisher":"http:\/\/www.facebook.com\/TotemConseilFormation","article_modified_time":"2025-05-26T18:19:48+00:00","twitter_card":"summary_large_image","twitter_site":"@totem_cpl","twitter_misc":{"Tiempo de lectura":"9 minutos"},"schema":{"@context":"https:\/\/schema.org","@graph":[{"@type":"WebPage","@id":"https:\/\/www.totem-formation.fr\/es\/nuestra-historia\/","url":"https:\/\/www.totem-formation.fr\/es\/nuestra-historia\/","name":"NUESTRA HISTORIA - Totem","isPartOf":{"@id":"https:\/\/www.totem-formation.fr\/es\/#website"},"datePublished":"2020-07-15T12:55:14+00:00","dateModified":"2025-05-26T18:19:48+00:00","breadcrumb":{"@id":"https:\/\/www.totem-formation.fr\/es\/nuestra-historia\/#breadcrumb"},"inLanguage":"es","potentialAction":[{"@type":"ReadAction","target":["https:\/\/www.totem-formation.fr\/es\/nuestra-historia\/"]}]},{"@type":"BreadcrumbList","@id":"https:\/\/www.totem-formation.fr\/es\/nuestra-historia\/#breadcrumb","itemListElement":[{"@type":"ListItem","position":1,"name":"Accueil","item":"https:\/\/www.totem-formation.fr\/es\/inicio-nuevo\/"},{"@type":"ListItem","position":2,"name":"NUESTRA HISTORIA"}]},{"@type":"WebSite","@id":"https:\/\/www.totem-formation.fr\/es\/#website","url":"https:\/\/www.totem-formation.fr\/es\/","name":"Totem","description":"Conseil et Formation","publisher":{"@id":"https:\/\/www.totem-formation.fr\/es\/#organization"},"potentialAction":[{"@type":"SearchAction","target":{"@type":"EntryPoint","urlTemplate":"https:\/\/www.totem-formation.fr\/es\/?s={search_term_string}"},"query-input":{"@type":"PropertyValueSpecification","valueRequired":true,"valueName":"search_term_string"}}],"inLanguage":"es"},{"@type":"Organization","@id":"https:\/\/www.totem-formation.fr\/es\/#organization","name":"Totem Formation","url":"https:\/\/www.totem-formation.fr\/es\/","logo":{"@type":"ImageObject","inLanguage":"es","@id":"https:\/\/www.totem-formation.fr\/es\/#\/schema\/logo\/image\/","url":"https:\/\/www.totem-formation.fr\/wp-content\/uploads\/2015\/07\/logo-totem-moyen.png","contentUrl":"https:\/\/www.totem-formation.fr\/wp-content\/uploads\/2015\/07\/logo-totem-moyen.png","width":400,"height":130,"caption":"Totem Formation"},"image":{"@id":"https:\/\/www.totem-formation.fr\/es\/#\/schema\/logo\/image\/"},"sameAs":["http:\/\/www.facebook.com\/TotemConseilFormation","https:\/\/x.com\/totem_cpl"]}]}},"_links":{"self":[{"href":"https:\/\/www.totem-formation.fr\/es\/wp-json\/wp\/v2\/pages\/15487","targetHints":{"allow":["GET"]}}],"collection":[{"href":"https:\/\/www.totem-formation.fr\/es\/wp-json\/wp\/v2\/pages"}],"about":[{"href":"https:\/\/www.totem-formation.fr\/es\/wp-json\/wp\/v2\/types\/page"}],"author":[{"embeddable":true,"href":"https:\/\/www.totem-formation.fr\/es\/wp-json\/wp\/v2\/users\/1"}],"replies":[{"embeddable":true,"href":"https:\/\/www.totem-formation.fr\/es\/wp-json\/wp\/v2\/comments?post=15487"}],"version-history":[{"count":12,"href":"https:\/\/www.totem-formation.fr\/es\/wp-json\/wp\/v2\/pages\/15487\/revisions"}],"predecessor-version":[{"id":16016,"href":"https:\/\/www.totem-formation.fr\/es\/wp-json\/wp\/v2\/pages\/15487\/revisions\/16016"}],"wp:attachment":[{"href":"https:\/\/www.totem-formation.fr\/es\/wp-json\/wp\/v2\/media?parent=15487"}],"curies":[{"name":"wp","href":"https:\/\/api.w.org\/{rel}","templated":true}]}}