{"id":15484,"date":"2020-07-25T08:02:59","date_gmt":"2020-07-25T07:02:59","guid":{"rendered":"https:\/\/www.totem-formation.fr\/nuestras-certificaciones\/"},"modified":"2025-05-26T19:19:32","modified_gmt":"2025-05-26T18:19:32","slug":"nuestras-certificaciones","status":"publish","type":"page","link":"https:\/\/www.totem-formation.fr\/es\/nuestras-certificaciones\/","title":{"rendered":"NUESTRAS CERTIFICACIONES"},"content":{"rendered":"<div class=\"wpb-content-wrapper\"><p>[vc_row full_width=\u00bbstretch_row\u00bb parallax=\u00bbcontent-moving\u00bb parallax_image=\u00bb14917&#8243;][vc_column][vc_custom_heading text=\u00bbNUESTRAS CERTIFICACIONES\u00bb font_container=\u00bbtag:h1|font_size:48|text_align:left|color:%23ffffff\u00bb use_theme_fonts=\u00bbyes\u00bb css=\u00bb.vc_custom_1595660446806{padding-top: 50px !important;padding-bottom: 60px !important;}\u00bb][\/vc_column][\/vc_row][vc_row css=\u00bb.vc_custom_1595860255743{padding-top: 80px !important;padding-bottom: 50px !important;}\u00bb][vc_column width=\u00bb1\/4&#8243;][vc_single_image image=\u00bb15159&#8243; img_size=\u00bbfull\u00bb][\/vc_column][vc_column width=\u00bb3\/4&#8243;][vc_column_text]<\/p>\n<div title=\"P\u00e1gina 2\">\n<div>\n<div>\n<h2>4 certificaciones. 2 \u00e1reas principales de formaci\u00f3n. 2 pruebas de nuestra profesionalidad. 1 ambici\u00f3n.   <\/h2>\n<\/div>\n<\/div>\n<\/div>\n<p>[\/vc_column_text][vc_column_text]<\/p>\n<div title=\"P\u00e1gina 2\">\n<p>En el sector de la formaci\u00f3n profesional, casi todas las certificaciones deben reconfirmarse anualmente. En la pr\u00e1ctica, esto significa que tenemos que volver a presentarnos al examen de certificaci\u00f3n cada a\u00f1o, por lo que siempre estamos colaborando m\u00e1s estrechamente para adaptarnos a los nuevos criterios y retos. <\/p>\n<p>Algunas de nuestras certificaciones llevan vigentes m\u00e1s de diez a\u00f1os. La obtenci\u00f3n de un gran n\u00famero de certificaciones diferentes es un gran motivo de orgullo para nosotros y una rara se\u00f1al de profesionalidad en nuestro campo. <\/p>\n<div dir=\"auto\">Como proveedor de cursos de formaci\u00f3n a medida, era obvio para nosotros que deb\u00edamos seguir nuestras convicciones y nuestro ADN ofreciendo plena accesibilidad a las personas con una o m\u00e1s discapacidades, y renovando cada a\u00f1o nuestros esfuerzos por innovar y certificar a nuestros consultores en herramientas de alto rendimiento como el DiSC.<\/div>\n<div dir=\"auto\"><strong>Estamos muy orgullosos de haber obtenido la certificaci\u00f3n Qualiopi en 2021, lo que supone un gran paso adelante para nuestra empresa en cuanto al reconocimiento de nuestras pr\u00e1cticas, nuestro saber hacer y la calidad de nuestros procesos.<\/strong><\/div>\n<\/div>\n<p>[\/vc_column_text][\/vc_column][\/vc_row][vc_row full_width=\u00bbstretch_row\u00bb css=\u00bb.vc_custom_1595860248643{background-color: #e64f29 !important;}\u00bb][vc_column][vc_column_text css=\u00bb.vc_custom_1595860302114{padding-bottom: 10px !important;}\u00bb]<\/p>\n<div class=\"page\" title=\"P\u00e1gina 2\">\n<div class=\"layoutArea\">\n<div class=\"column\">\n<h3><span style=\"color: #ffffff;\">Cuando el trabajo que hacemos refleja nuestro nivel de formaci\u00f3n y talento, debemos estar orgullosos de ello.<\/span><\/h3>\n<p style=\"text-align: right;\"><span style=\"color: #ffffff;\">Mouctar Ke\u00efta<\/span><\/p>\n<\/div>\n<\/div>\n<\/div>\n<p>[\/vc_column_text][\/vc_column][\/vc_row]<\/p>\n<\/div>","protected":false},"excerpt":{"rendered":"<p>[vc_row full_width=\u00bbstretch_row\u00bb parallax=\u00bbcontent-moving\u00bb parallax_image=\u00bb14917&#8243;][vc_column][vc_custom_heading text=\u00bbNUESTRAS CERTIFICACIONES\u00bb font_container=\u00bbtag:h1|font_size:48|text_align:left|color:%23ffffff\u00bb use_theme_fonts=\u00bbyes\u00bb css=\u00bb.vc_custom_1595660446806{padding-top: 50px !important;padding-bottom: 60px !important;}\u00bb][\/vc_column][\/vc_row][vc_row css=\u00bb.vc_custom_1595860255743{padding-top: 80px !important;padding-bottom: 50px !important;}\u00bb][vc_column width=\u00bb1\/4&#8243;][vc_single_image image=\u00bb15159&#8243; img_size=\u00bbfull\u00bb][\/vc_column][vc_column width=\u00bb3\/4&#8243;][vc_column_text] 4 certificaciones. 2 \u00e1reas principales de formaci\u00f3n. 2 pruebas de nuestra profesionalidad. 1 ambici\u00f3n. [\/vc_column_text][vc_column_text] En el sector de la formaci\u00f3n profesional, casi todas las certificaciones deben reconfirmarse anualmente. En la pr\u00e1ctica, esto&hellip;<\/p>\n","protected":false},"author":1,"featured_media":0,"parent":0,"menu_order":0,"comment_status":"closed","ping_status":"closed","template":"","meta":{"_acf_changed":false,"footnotes":""},"class_list":["post-15484","page","type-page","status-publish","hentry"],"acf":[],"yoast_head":"<!-- This site is optimized with the Yoast SEO plugin v25.1 - https:\/\/yoast.com\/wordpress\/plugins\/seo\/ -->\n<title>NUESTRAS CERTIFICACIONES - Totem<\/title>\n<meta name=\"robots\" content=\"index, follow, max-snippet:-1, max-image-preview:large, max-video-preview:-1\" \/>\n<link rel=\"canonical\" href=\"https:\/\/www.totem-formation.fr\/es\/nuestras-certificaciones\/\" \/>\n<meta property=\"og:locale\" content=\"es_ES\" \/>\n<meta property=\"og:type\" content=\"article\" \/>\n<meta property=\"og:title\" content=\"NUESTRAS CERTIFICACIONES - Totem\" \/>\n<meta property=\"og:description\" content=\"[vc_row full_width=\u00bbstretch_row\u00bb parallax=\u00bbcontent-moving\u00bb parallax_image=\u00bb14917&#8243;][vc_column][vc_custom_heading text=\u00bbNUESTRAS CERTIFICACIONES\u00bb font_container=\u00bbtag:h1|font_size:48|text_align:left|color:%23ffffff\u00bb use_theme_fonts=\u00bbyes\u00bb css=\u00bb.vc_custom_1595660446806{padding-top: 50px !important;padding-bottom: 60px !important;}\u00bb][\/vc_column][\/vc_row][vc_row css=\u00bb.vc_custom_1595860255743{padding-top: 80px !important;padding-bottom: 50px !important;}\u00bb][vc_column width=\u00bb1\/4&#8243;][vc_single_image image=\u00bb15159&#8243; img_size=\u00bbfull\u00bb][\/vc_column][vc_column width=\u00bb3\/4&#8243;][vc_column_text] 4 certificaciones. 2 \u00e1reas principales de formaci\u00f3n. 2 pruebas de nuestra profesionalidad. 1 ambici\u00f3n. [\/vc_column_text][vc_column_text] En el sector de la formaci\u00f3n profesional, casi todas las certificaciones deben reconfirmarse anualmente. En la pr\u00e1ctica, esto&hellip;\" \/>\n<meta property=\"og:url\" content=\"https:\/\/www.totem-formation.fr\/es\/nuestras-certificaciones\/\" \/>\n<meta property=\"og:site_name\" content=\"Totem\" \/>\n<meta property=\"article:publisher\" content=\"http:\/\/www.facebook.com\/TotemConseilFormation\" \/>\n<meta property=\"article:modified_time\" content=\"2025-05-26T18:19:32+00:00\" \/>\n<meta name=\"twitter:card\" content=\"summary_large_image\" \/>\n<meta name=\"twitter:site\" content=\"@totem_cpl\" \/>\n<meta name=\"twitter:label1\" content=\"Tiempo de lectura\" \/>\n\t<meta name=\"twitter:data1\" content=\"2 minutos\" \/>\n<script type=\"application\/ld+json\" class=\"yoast-schema-graph\">{\"@context\":\"https:\/\/schema.org\",\"@graph\":[{\"@type\":\"WebPage\",\"@id\":\"https:\/\/www.totem-formation.fr\/es\/nuestras-certificaciones\/\",\"url\":\"https:\/\/www.totem-formation.fr\/es\/nuestras-certificaciones\/\",\"name\":\"NUESTRAS CERTIFICACIONES - Totem\",\"isPartOf\":{\"@id\":\"https:\/\/www.totem-formation.fr\/es\/#website\"},\"datePublished\":\"2020-07-25T07:02:59+00:00\",\"dateModified\":\"2025-05-26T18:19:32+00:00\",\"breadcrumb\":{\"@id\":\"https:\/\/www.totem-formation.fr\/es\/nuestras-certificaciones\/#breadcrumb\"},\"inLanguage\":\"es\",\"potentialAction\":[{\"@type\":\"ReadAction\",\"target\":[\"https:\/\/www.totem-formation.fr\/es\/nuestras-certificaciones\/\"]}]},{\"@type\":\"BreadcrumbList\",\"@id\":\"https:\/\/www.totem-formation.fr\/es\/nuestras-certificaciones\/#breadcrumb\",\"itemListElement\":[{\"@type\":\"ListItem\",\"position\":1,\"name\":\"Accueil\",\"item\":\"https:\/\/www.totem-formation.fr\/es\/inicio-nuevo\/\"},{\"@type\":\"ListItem\",\"position\":2,\"name\":\"NUESTRAS CERTIFICACIONES\"}]},{\"@type\":\"WebSite\",\"@id\":\"https:\/\/www.totem-formation.fr\/es\/#website\",\"url\":\"https:\/\/www.totem-formation.fr\/es\/\",\"name\":\"Totem\",\"description\":\"Conseil et Formation\",\"publisher\":{\"@id\":\"https:\/\/www.totem-formation.fr\/es\/#organization\"},\"potentialAction\":[{\"@type\":\"SearchAction\",\"target\":{\"@type\":\"EntryPoint\",\"urlTemplate\":\"https:\/\/www.totem-formation.fr\/es\/?s={search_term_string}\"},\"query-input\":{\"@type\":\"PropertyValueSpecification\",\"valueRequired\":true,\"valueName\":\"search_term_string\"}}],\"inLanguage\":\"es\"},{\"@type\":\"Organization\",\"@id\":\"https:\/\/www.totem-formation.fr\/es\/#organization\",\"name\":\"Totem Formation\",\"url\":\"https:\/\/www.totem-formation.fr\/es\/\",\"logo\":{\"@type\":\"ImageObject\",\"inLanguage\":\"es\",\"@id\":\"https:\/\/www.totem-formation.fr\/es\/#\/schema\/logo\/image\/\",\"url\":\"https:\/\/www.totem-formation.fr\/wp-content\/uploads\/2015\/07\/logo-totem-moyen.png\",\"contentUrl\":\"https:\/\/www.totem-formation.fr\/wp-content\/uploads\/2015\/07\/logo-totem-moyen.png\",\"width\":400,\"height\":130,\"caption\":\"Totem Formation\"},\"image\":{\"@id\":\"https:\/\/www.totem-formation.fr\/es\/#\/schema\/logo\/image\/\"},\"sameAs\":[\"http:\/\/www.facebook.com\/TotemConseilFormation\",\"https:\/\/x.com\/totem_cpl\"]}]}<\/script>\n<!-- \/ Yoast SEO plugin. -->","yoast_head_json":{"title":"NUESTRAS CERTIFICACIONES - Totem","robots":{"index":"index","follow":"follow","max-snippet":"max-snippet:-1","max-image-preview":"max-image-preview:large","max-video-preview":"max-video-preview:-1"},"canonical":"https:\/\/www.totem-formation.fr\/es\/nuestras-certificaciones\/","og_locale":"es_ES","og_type":"article","og_title":"NUESTRAS CERTIFICACIONES - Totem","og_description":"[vc_row full_width=\u00bbstretch_row\u00bb parallax=\u00bbcontent-moving\u00bb parallax_image=\u00bb14917&#8243;][vc_column][vc_custom_heading text=\u00bbNUESTRAS CERTIFICACIONES\u00bb font_container=\u00bbtag:h1|font_size:48|text_align:left|color:%23ffffff\u00bb use_theme_fonts=\u00bbyes\u00bb css=\u00bb.vc_custom_1595660446806{padding-top: 50px !important;padding-bottom: 60px !important;}\u00bb][\/vc_column][\/vc_row][vc_row css=\u00bb.vc_custom_1595860255743{padding-top: 80px !important;padding-bottom: 50px !important;}\u00bb][vc_column width=\u00bb1\/4&#8243;][vc_single_image image=\u00bb15159&#8243; img_size=\u00bbfull\u00bb][\/vc_column][vc_column width=\u00bb3\/4&#8243;][vc_column_text] 4 certificaciones. 2 \u00e1reas principales de formaci\u00f3n. 2 pruebas de nuestra profesionalidad. 1 ambici\u00f3n. [\/vc_column_text][vc_column_text] En el sector de la formaci\u00f3n profesional, casi todas las certificaciones deben reconfirmarse anualmente. En la pr\u00e1ctica, esto&hellip;","og_url":"https:\/\/www.totem-formation.fr\/es\/nuestras-certificaciones\/","og_site_name":"Totem","article_publisher":"http:\/\/www.facebook.com\/TotemConseilFormation","article_modified_time":"2025-05-26T18:19:32+00:00","twitter_card":"summary_large_image","twitter_site":"@totem_cpl","twitter_misc":{"Tiempo de lectura":"2 minutos"},"schema":{"@context":"https:\/\/schema.org","@graph":[{"@type":"WebPage","@id":"https:\/\/www.totem-formation.fr\/es\/nuestras-certificaciones\/","url":"https:\/\/www.totem-formation.fr\/es\/nuestras-certificaciones\/","name":"NUESTRAS CERTIFICACIONES - Totem","isPartOf":{"@id":"https:\/\/www.totem-formation.fr\/es\/#website"},"datePublished":"2020-07-25T07:02:59+00:00","dateModified":"2025-05-26T18:19:32+00:00","breadcrumb":{"@id":"https:\/\/www.totem-formation.fr\/es\/nuestras-certificaciones\/#breadcrumb"},"inLanguage":"es","potentialAction":[{"@type":"ReadAction","target":["https:\/\/www.totem-formation.fr\/es\/nuestras-certificaciones\/"]}]},{"@type":"BreadcrumbList","@id":"https:\/\/www.totem-formation.fr\/es\/nuestras-certificaciones\/#breadcrumb","itemListElement":[{"@type":"ListItem","position":1,"name":"Accueil","item":"https:\/\/www.totem-formation.fr\/es\/inicio-nuevo\/"},{"@type":"ListItem","position":2,"name":"NUESTRAS CERTIFICACIONES"}]},{"@type":"WebSite","@id":"https:\/\/www.totem-formation.fr\/es\/#website","url":"https:\/\/www.totem-formation.fr\/es\/","name":"Totem","description":"Conseil et Formation","publisher":{"@id":"https:\/\/www.totem-formation.fr\/es\/#organization"},"potentialAction":[{"@type":"SearchAction","target":{"@type":"EntryPoint","urlTemplate":"https:\/\/www.totem-formation.fr\/es\/?s={search_term_string}"},"query-input":{"@type":"PropertyValueSpecification","valueRequired":true,"valueName":"search_term_string"}}],"inLanguage":"es"},{"@type":"Organization","@id":"https:\/\/www.totem-formation.fr\/es\/#organization","name":"Totem Formation","url":"https:\/\/www.totem-formation.fr\/es\/","logo":{"@type":"ImageObject","inLanguage":"es","@id":"https:\/\/www.totem-formation.fr\/es\/#\/schema\/logo\/image\/","url":"https:\/\/www.totem-formation.fr\/wp-content\/uploads\/2015\/07\/logo-totem-moyen.png","contentUrl":"https:\/\/www.totem-formation.fr\/wp-content\/uploads\/2015\/07\/logo-totem-moyen.png","width":400,"height":130,"caption":"Totem Formation"},"image":{"@id":"https:\/\/www.totem-formation.fr\/es\/#\/schema\/logo\/image\/"},"sameAs":["http:\/\/www.facebook.com\/TotemConseilFormation","https:\/\/x.com\/totem_cpl"]}]}},"_links":{"self":[{"href":"https:\/\/www.totem-formation.fr\/es\/wp-json\/wp\/v2\/pages\/15484","targetHints":{"allow":["GET"]}}],"collection":[{"href":"https:\/\/www.totem-formation.fr\/es\/wp-json\/wp\/v2\/pages"}],"about":[{"href":"https:\/\/www.totem-formation.fr\/es\/wp-json\/wp\/v2\/types\/page"}],"author":[{"embeddable":true,"href":"https:\/\/www.totem-formation.fr\/es\/wp-json\/wp\/v2\/users\/1"}],"replies":[{"embeddable":true,"href":"https:\/\/www.totem-formation.fr\/es\/wp-json\/wp\/v2\/comments?post=15484"}],"version-history":[{"count":2,"href":"https:\/\/www.totem-formation.fr\/es\/wp-json\/wp\/v2\/pages\/15484\/revisions"}],"predecessor-version":[{"id":15486,"href":"https:\/\/www.totem-formation.fr\/es\/wp-json\/wp\/v2\/pages\/15484\/revisions\/15486"}],"wp:attachment":[{"href":"https:\/\/www.totem-formation.fr\/es\/wp-json\/wp\/v2\/media?parent=15484"}],"curies":[{"name":"wp","href":"https:\/\/api.w.org\/{rel}","templated":true}]}}