{"id":15478,"date":"2020-07-15T13:14:26","date_gmt":"2020-07-15T12:14:26","guid":{"rendered":"https:\/\/www.totem-formation.fr\/entrenamiento\/"},"modified":"2025-05-26T19:19:49","modified_gmt":"2025-05-26T18:19:49","slug":"entrenamiento","status":"publish","type":"page","link":"https:\/\/www.totem-formation.fr\/es\/entrenamiento\/","title":{"rendered":"ENTRENAMIENTO"},"content":{"rendered":"<div class=\"wpb-content-wrapper\"><p>[vc_row full_width=\u00bbstretch_row\u00bb parallax=\u00bbcontent-moving\u00bb parallax_image=\u00bb14761&#8243;][vc_column][vc_custom_heading text=\u00bbENTRENAMIENTO\u00bb font_container=\u00bbtag:h1|font_size:48|text_align:left|color:%23ffffff\u00bb use_theme_fonts=\u00bbyes\u00bb css=\u00bb.vc_custom_1594815089009{padding-top: 50px !important;padding-bottom: 60px !important;}\u00bb][\/vc_column][\/vc_row][vc_row css=\u00bb.vc_custom_1594817292356{padding-top: 80px !important;}\u00bb][vc_column][vc_column_text]<\/p>\n<h2>LA MEJOR MANERA DE DESARROLLAR LA AUTONOM\u00cdA Y EL RENDIMIENTO DE TUS EQUIPOS<\/h2>\n<p>[\/vc_column_text][vc_column_text]<strong>El coaching es un estado de \u00e1nimo y una forma de trabajar a diario<\/strong>. Su objetivo es motivar y desarrollar la autonom\u00eda y el rendimiento de un individuo o de un equipo. Es un paso importante en la medida en que cada uno necesita el punto de vista del otro para progresar.  <\/p>\n<p>&nbsp;<\/p>\n<blockquote><p>En Totem, el directivo act\u00faa como un \u201cespejo\u201d, facilitando el desarrollo de sus equipos.<\/p><\/blockquote>\n<p>&nbsp;<\/p>\n<p><strong>\u00bfQu\u00e9 es el coaching eficaz?<\/strong><br \/>\nUna intenci\u00f3n clara, una capacidad de dar sentido y deseo, de aportar un valor a\u00f1adido objetivo, de movilizar y dar poder, y tambi\u00e9n de medir el efecto producido.[\/vc_column_text][\/vc_column][\/vc_row][vc_row css=\u00bb.vc_custom_1594817138532{padding-top: 25px !important;padding-bottom: 25px !important;}\u00bb][vc_column][vc_zigzag el_border_width=\u00bb8&#8243;][\/vc_column][\/vc_row][vc_row css=\u00bb.vc_custom_1594817297757{padding-bottom: 40px !important;}\u00bb][vc_column][vc_column_text css=\u00bb.vc_custom_1595000716246{padding-bottom: 35px !important;}\u00bb]<\/p>\n<h3>INDIVIDUOS<\/h3>\n<p>Somos conscientes de que <strong>las necesidades de gesti\u00f3n de cada persona son diferentes<\/strong> y de que ciertos cambios ser\u00e1n m\u00e1s eficaces y visibles si se observan en el transcurso del coaching individual.<\/p>\n<p>&nbsp;<\/p>\n<p><strong>Estas sesiones de coaching se adaptan<\/strong> al puesto, las responsabilidades y los retos de cada persona. Pueden ser <strong>presenciales o a distancia<\/strong> (reuniones telef\u00f3nicas, Zoom, Skype, etc.) y a menudo se centran en la gesti\u00f3n de conflictos, la gesti\u00f3n del cambio o la consolidaci\u00f3n y el desarrollo del estilo directivo.[\/vc_column_text][\/vc_column][\/vc_row][vc_row][vc_column width=\u00bb1\/4&#8243;][vc_single_image image=\u00bb14392&#8243; img_size=\u00bbfull\u00bb][\/vc_column][vc_column width=\u00bb3\/4&#8243;][vc_column_text]<\/p>\n<h4 style=\"text-align: left;\">Ejemplo de coaching individual para un jefe de ventas<\/h4>\n<p>&nbsp;<\/p>\n<p><strong>Paso 1: Definir el enfoque del trabajo y c\u00f3mo se abordar\u00e1<\/strong><\/p>\n<ul>\n<li>Una entrevista colaborativa de unos veinte minutos para identificar los principales temas de coaching.<\/li>\n<li>Una hoja de ruta inicial para actuar e identificar inmediatamente lo que funciona y lo que causa problemas.<\/li>\n<li>Un informe sobre esta primera hoja de ruta y el inicio del trabajo individual de autocuestionamiento para el coachee.<\/li>\n<\/ul>\n<p><strong>Fase 2: Coaching a medida con el tiempo necesario para ver los primeros progresos concretos<\/strong><\/p>\n<ul>\n<li>La promesa de un compromiso concreto y medible para transferir conocimientos a un equipo.<\/li>\n<li>Evaluaciones peri\u00f3dicas para ver cu\u00e1nto se ha avanzado y c\u00f3mo lo ha conseguido el coachee.<\/li>\n<li>Formas innovadoras y estimulantes de coaching: entrenamientos flash y sesiones de trabajo para aplicar, entrenar, caer y recuperarse.<\/li>\n<\/ul>\n<p><strong>Etapa 3: Realizar progresos concretos a largo plazo<\/strong><\/p>\n<ul>\n<li>Un objetivo que controlar y cuestionar hasta alcanzarlo.<\/li>\n<li>Preparar reuniones, retroalimentaci\u00f3n y debriefings.<\/li>\n<li>Reuniones informativas telef\u00f3nicas dedicadas para revisar los progresos entre 2 d\u00edas sobre el terreno.<\/li>\n<\/ul>\n<p>[\/vc_column_text][\/vc_column][\/vc_row][vc_row css=\u00bb.vc_custom_1594817138532{padding-top: 25px !important;padding-bottom: 25px !important;}\u00bb][vc_column][vc_zigzag el_border_width=\u00bb8&#8243;][\/vc_column][\/vc_row][vc_row css=\u00bb.vc_custom_1594817236343{padding-bottom: 50px !important;}\u00bb][vc_column][vc_column_text]<\/p>\n<h3>COLECTIVO<\/h3>\n<p>El coaching de grupo se beneficia de la puesta en com\u00fan de ideas y de los elementos de reflexi\u00f3n aportados por todos los participantes. Esta <strong>sinergia<\/strong> es especialmente beneficiosa cuando se hace coaching a equipos enteros o a grupos de participantes con las mismas responsabilidades dentro de la empresa. <\/p>\n<p>&nbsp;<\/p>\n<p><strong>\u00bfPor qu\u00e9?<\/strong><\/p>\n<p>Porque buscas <strong>unir a<\/strong> tus equipos en torno a la identidad y los proyectos de tu empresa, o porque <strong>el cambio<\/strong> que necesitas apoyar requiere una profunda reflexi\u00f3n en grupo sobre<strong>cuestiones clave<\/strong>. O porque la situaci\u00f3n parece requerir una<strong>\u201cintervenci\u00f3n externa\u201d<\/strong> para \u201csalir adelante\u201d. Todas estas razones, y otras, son buenas y no deben ignorarse.  <\/p>\n<p>&nbsp;<\/p>\n<p><strong>\u00bfC\u00f3mo lo hacemos?<\/strong><\/p>\n<p>El coaching de grupo se desarrolla de la misma forma que el coaching individual, con un n\u00famero predefinido de <strong>sesiones<\/strong> (normalmente de 6 a 14) repartidas a lo largo del a\u00f1o. Los grupos est\u00e1n formados por <strong>4 a 6 directivos<\/strong> del mismo nivel. A continuaci\u00f3n, el coach recoge <strong>las expectativas<\/strong> de la sesi\u00f3n y <strong>orienta<\/strong> la sesi\u00f3n en funci\u00f3n de \u00e9stas, principalmente a trav\u00e9s de los ejemplos utilizados. A menudo se utilizan <strong>juegos de rol y escenarios<\/strong> para romper el hielo y crear una <strong>din\u00e1mica de grupo<\/strong> durante estas sesiones de coaching. Dependiendo del n\u00famero de participantes, <strong>las sesiones<\/strong> duran entre 2 horas y medio d\u00eda.   <\/p>\n<p>Al final de cada sesi\u00f3n, el grupo <strong>reflexiona sobre<\/strong> las situaciones y sugiere \u00e1reas de mejora. El coach <strong>proporciona un marco para<\/strong> esta reflexi\u00f3n, presentando v\u00edas similares y m\u00e1s ambiciosas para su consideraci\u00f3n, antes de recoger las opiniones iniciales. Por \u00faltimo, el coach tambi\u00e9n ayuda a cada directivo con <strong>hojas de ruta y planes de acci\u00f3n individuales<\/strong>.  <\/p>\n<p>&nbsp;<\/p>\n<p><strong>\u00bfCu\u00e1les son los beneficios?<\/strong><\/p>\n<p>Mejor <strong>comunicaci\u00f3n<\/strong> interna y externa, <strong>resultados<\/strong> <strong>empresariales<\/strong> m\u00e1s concretos y r\u00e1pidos, equipos m\u00e1s <strong>motivados<\/strong> y \u00a1una nueva <strong>proactividad<\/strong>!<\/p>\n<p>&nbsp;<\/p>\n<p>&nbsp;<\/p>\n<blockquote><p>Unirse es un comienzo, permanecer juntos es un progreso, <b>trabajar<\/b> juntos es un \u00e9xito. - Henry Ford <\/p><\/blockquote>\n<p>[\/vc_column_text][\/vc_column][\/vc_row]<\/p>\n<\/div>","protected":false},"excerpt":{"rendered":"<p>[vc_row full_width=\u00bbstretch_row\u00bb parallax=\u00bbcontent-moving\u00bb parallax_image=\u00bb14761&#8243;][vc_column][vc_custom_heading text=\u00bbENTRENAMIENTO\u00bb font_container=\u00bbtag:h1|font_size:48|text_align:left|color:%23ffffff\u00bb use_theme_fonts=\u00bbyes\u00bb css=\u00bb.vc_custom_1594815089009{padding-top: 50px !important;padding-bottom: 60px !important;}\u00bb][\/vc_column][\/vc_row][vc_row css=\u00bb.vc_custom_1594817292356{padding-top: 80px !important;}\u00bb][vc_column][vc_column_text] LA MEJOR MANERA DE DESARROLLAR LA AUTONOM\u00cdA Y EL RENDIMIENTO DE TUS EQUIPOS [\/vc_column_text][vc_column_text]El coaching es un estado de \u00e1nimo y una forma de trabajar a diario. Su objetivo es motivar y desarrollar la autonom\u00eda y el rendimiento de un&hellip;<\/p>\n","protected":false},"author":1,"featured_media":0,"parent":0,"menu_order":0,"comment_status":"closed","ping_status":"closed","template":"","meta":{"_acf_changed":false,"footnotes":""},"class_list":["post-15478","page","type-page","status-publish","hentry"],"acf":[],"yoast_head":"<!-- This site is optimized with the Yoast SEO plugin v25.1 - https:\/\/yoast.com\/wordpress\/plugins\/seo\/ -->\n<title>ENTRENAMIENTO - Totem<\/title>\n<meta name=\"robots\" content=\"index, follow, max-snippet:-1, max-image-preview:large, max-video-preview:-1\" \/>\n<link rel=\"canonical\" href=\"https:\/\/www.totem-formation.fr\/es\/entrenamiento\/\" \/>\n<meta property=\"og:locale\" content=\"es_ES\" \/>\n<meta property=\"og:type\" content=\"article\" \/>\n<meta property=\"og:title\" content=\"ENTRENAMIENTO - Totem\" \/>\n<meta property=\"og:description\" content=\"[vc_row full_width=\u00bbstretch_row\u00bb parallax=\u00bbcontent-moving\u00bb parallax_image=\u00bb14761&#8243;][vc_column][vc_custom_heading text=\u00bbENTRENAMIENTO\u00bb font_container=\u00bbtag:h1|font_size:48|text_align:left|color:%23ffffff\u00bb use_theme_fonts=\u00bbyes\u00bb css=\u00bb.vc_custom_1594815089009{padding-top: 50px !important;padding-bottom: 60px !important;}\u00bb][\/vc_column][\/vc_row][vc_row css=\u00bb.vc_custom_1594817292356{padding-top: 80px !important;}\u00bb][vc_column][vc_column_text] LA MEJOR MANERA DE DESARROLLAR LA AUTONOM\u00cdA Y EL RENDIMIENTO DE TUS EQUIPOS [\/vc_column_text][vc_column_text]El coaching es un estado de \u00e1nimo y una forma de trabajar a diario. Su objetivo es motivar y desarrollar la autonom\u00eda y el rendimiento de un&hellip;\" \/>\n<meta property=\"og:url\" content=\"https:\/\/www.totem-formation.fr\/es\/entrenamiento\/\" \/>\n<meta property=\"og:site_name\" content=\"Totem\" \/>\n<meta property=\"article:publisher\" content=\"http:\/\/www.facebook.com\/TotemConseilFormation\" \/>\n<meta property=\"article:modified_time\" content=\"2025-05-26T18:19:49+00:00\" \/>\n<meta name=\"twitter:card\" content=\"summary_large_image\" \/>\n<meta name=\"twitter:site\" content=\"@totem_cpl\" \/>\n<meta name=\"twitter:label1\" content=\"Tiempo de lectura\" \/>\n\t<meta name=\"twitter:data1\" content=\"5 minutos\" \/>\n<script type=\"application\/ld+json\" class=\"yoast-schema-graph\">{\"@context\":\"https:\/\/schema.org\",\"@graph\":[{\"@type\":\"WebPage\",\"@id\":\"https:\/\/www.totem-formation.fr\/es\/entrenamiento\/\",\"url\":\"https:\/\/www.totem-formation.fr\/es\/entrenamiento\/\",\"name\":\"ENTRENAMIENTO - Totem\",\"isPartOf\":{\"@id\":\"https:\/\/www.totem-formation.fr\/es\/#website\"},\"datePublished\":\"2020-07-15T12:14:26+00:00\",\"dateModified\":\"2025-05-26T18:19:49+00:00\",\"breadcrumb\":{\"@id\":\"https:\/\/www.totem-formation.fr\/es\/entrenamiento\/#breadcrumb\"},\"inLanguage\":\"es\",\"potentialAction\":[{\"@type\":\"ReadAction\",\"target\":[\"https:\/\/www.totem-formation.fr\/es\/entrenamiento\/\"]}]},{\"@type\":\"BreadcrumbList\",\"@id\":\"https:\/\/www.totem-formation.fr\/es\/entrenamiento\/#breadcrumb\",\"itemListElement\":[{\"@type\":\"ListItem\",\"position\":1,\"name\":\"Accueil\",\"item\":\"https:\/\/www.totem-formation.fr\/es\/inicio-nuevo\/\"},{\"@type\":\"ListItem\",\"position\":2,\"name\":\"ENTRENAMIENTO\"}]},{\"@type\":\"WebSite\",\"@id\":\"https:\/\/www.totem-formation.fr\/es\/#website\",\"url\":\"https:\/\/www.totem-formation.fr\/es\/\",\"name\":\"Totem\",\"description\":\"Conseil et Formation\",\"publisher\":{\"@id\":\"https:\/\/www.totem-formation.fr\/es\/#organization\"},\"potentialAction\":[{\"@type\":\"SearchAction\",\"target\":{\"@type\":\"EntryPoint\",\"urlTemplate\":\"https:\/\/www.totem-formation.fr\/es\/?s={search_term_string}\"},\"query-input\":{\"@type\":\"PropertyValueSpecification\",\"valueRequired\":true,\"valueName\":\"search_term_string\"}}],\"inLanguage\":\"es\"},{\"@type\":\"Organization\",\"@id\":\"https:\/\/www.totem-formation.fr\/es\/#organization\",\"name\":\"Totem Formation\",\"url\":\"https:\/\/www.totem-formation.fr\/es\/\",\"logo\":{\"@type\":\"ImageObject\",\"inLanguage\":\"es\",\"@id\":\"https:\/\/www.totem-formation.fr\/es\/#\/schema\/logo\/image\/\",\"url\":\"https:\/\/www.totem-formation.fr\/wp-content\/uploads\/2015\/07\/logo-totem-moyen.png\",\"contentUrl\":\"https:\/\/www.totem-formation.fr\/wp-content\/uploads\/2015\/07\/logo-totem-moyen.png\",\"width\":400,\"height\":130,\"caption\":\"Totem Formation\"},\"image\":{\"@id\":\"https:\/\/www.totem-formation.fr\/es\/#\/schema\/logo\/image\/\"},\"sameAs\":[\"http:\/\/www.facebook.com\/TotemConseilFormation\",\"https:\/\/x.com\/totem_cpl\"]}]}<\/script>\n<!-- \/ Yoast SEO plugin. -->","yoast_head_json":{"title":"ENTRENAMIENTO - Totem","robots":{"index":"index","follow":"follow","max-snippet":"max-snippet:-1","max-image-preview":"max-image-preview:large","max-video-preview":"max-video-preview:-1"},"canonical":"https:\/\/www.totem-formation.fr\/es\/entrenamiento\/","og_locale":"es_ES","og_type":"article","og_title":"ENTRENAMIENTO - Totem","og_description":"[vc_row full_width=\u00bbstretch_row\u00bb parallax=\u00bbcontent-moving\u00bb parallax_image=\u00bb14761&#8243;][vc_column][vc_custom_heading text=\u00bbENTRENAMIENTO\u00bb font_container=\u00bbtag:h1|font_size:48|text_align:left|color:%23ffffff\u00bb use_theme_fonts=\u00bbyes\u00bb css=\u00bb.vc_custom_1594815089009{padding-top: 50px !important;padding-bottom: 60px !important;}\u00bb][\/vc_column][\/vc_row][vc_row css=\u00bb.vc_custom_1594817292356{padding-top: 80px !important;}\u00bb][vc_column][vc_column_text] LA MEJOR MANERA DE DESARROLLAR LA AUTONOM\u00cdA Y EL RENDIMIENTO DE TUS EQUIPOS [\/vc_column_text][vc_column_text]El coaching es un estado de \u00e1nimo y una forma de trabajar a diario. Su objetivo es motivar y desarrollar la autonom\u00eda y el rendimiento de un&hellip;","og_url":"https:\/\/www.totem-formation.fr\/es\/entrenamiento\/","og_site_name":"Totem","article_publisher":"http:\/\/www.facebook.com\/TotemConseilFormation","article_modified_time":"2025-05-26T18:19:49+00:00","twitter_card":"summary_large_image","twitter_site":"@totem_cpl","twitter_misc":{"Tiempo de lectura":"5 minutos"},"schema":{"@context":"https:\/\/schema.org","@graph":[{"@type":"WebPage","@id":"https:\/\/www.totem-formation.fr\/es\/entrenamiento\/","url":"https:\/\/www.totem-formation.fr\/es\/entrenamiento\/","name":"ENTRENAMIENTO - Totem","isPartOf":{"@id":"https:\/\/www.totem-formation.fr\/es\/#website"},"datePublished":"2020-07-15T12:14:26+00:00","dateModified":"2025-05-26T18:19:49+00:00","breadcrumb":{"@id":"https:\/\/www.totem-formation.fr\/es\/entrenamiento\/#breadcrumb"},"inLanguage":"es","potentialAction":[{"@type":"ReadAction","target":["https:\/\/www.totem-formation.fr\/es\/entrenamiento\/"]}]},{"@type":"BreadcrumbList","@id":"https:\/\/www.totem-formation.fr\/es\/entrenamiento\/#breadcrumb","itemListElement":[{"@type":"ListItem","position":1,"name":"Accueil","item":"https:\/\/www.totem-formation.fr\/es\/inicio-nuevo\/"},{"@type":"ListItem","position":2,"name":"ENTRENAMIENTO"}]},{"@type":"WebSite","@id":"https:\/\/www.totem-formation.fr\/es\/#website","url":"https:\/\/www.totem-formation.fr\/es\/","name":"Totem","description":"Conseil et Formation","publisher":{"@id":"https:\/\/www.totem-formation.fr\/es\/#organization"},"potentialAction":[{"@type":"SearchAction","target":{"@type":"EntryPoint","urlTemplate":"https:\/\/www.totem-formation.fr\/es\/?s={search_term_string}"},"query-input":{"@type":"PropertyValueSpecification","valueRequired":true,"valueName":"search_term_string"}}],"inLanguage":"es"},{"@type":"Organization","@id":"https:\/\/www.totem-formation.fr\/es\/#organization","name":"Totem Formation","url":"https:\/\/www.totem-formation.fr\/es\/","logo":{"@type":"ImageObject","inLanguage":"es","@id":"https:\/\/www.totem-formation.fr\/es\/#\/schema\/logo\/image\/","url":"https:\/\/www.totem-formation.fr\/wp-content\/uploads\/2015\/07\/logo-totem-moyen.png","contentUrl":"https:\/\/www.totem-formation.fr\/wp-content\/uploads\/2015\/07\/logo-totem-moyen.png","width":400,"height":130,"caption":"Totem Formation"},"image":{"@id":"https:\/\/www.totem-formation.fr\/es\/#\/schema\/logo\/image\/"},"sameAs":["http:\/\/www.facebook.com\/TotemConseilFormation","https:\/\/x.com\/totem_cpl"]}]}},"_links":{"self":[{"href":"https:\/\/www.totem-formation.fr\/es\/wp-json\/wp\/v2\/pages\/15478","targetHints":{"allow":["GET"]}}],"collection":[{"href":"https:\/\/www.totem-formation.fr\/es\/wp-json\/wp\/v2\/pages"}],"about":[{"href":"https:\/\/www.totem-formation.fr\/es\/wp-json\/wp\/v2\/types\/page"}],"author":[{"embeddable":true,"href":"https:\/\/www.totem-formation.fr\/es\/wp-json\/wp\/v2\/users\/1"}],"replies":[{"embeddable":true,"href":"https:\/\/www.totem-formation.fr\/es\/wp-json\/wp\/v2\/comments?post=15478"}],"version-history":[{"count":2,"href":"https:\/\/www.totem-formation.fr\/es\/wp-json\/wp\/v2\/pages\/15478\/revisions"}],"predecessor-version":[{"id":15480,"href":"https:\/\/www.totem-formation.fr\/es\/wp-json\/wp\/v2\/pages\/15478\/revisions\/15480"}],"wp:attachment":[{"href":"https:\/\/www.totem-formation.fr\/es\/wp-json\/wp\/v2\/media?parent=15478"}],"curies":[{"name":"wp","href":"https:\/\/api.w.org\/{rel}","templated":true}]}}