{"id":15452,"date":"2020-07-15T13:09:13","date_gmt":"2020-07-15T12:09:13","guid":{"rendered":"https:\/\/www.totem-formation.fr\/el-manager-entrenador\/"},"modified":"2025-05-26T19:20:00","modified_gmt":"2025-05-26T18:20:00","slug":"el-manager-entrenador","status":"publish","type":"page","link":"https:\/\/www.totem-formation.fr\/es\/el-manager-entrenador\/","title":{"rendered":"EL MANAGER-ENTRENADOR"},"content":{"rendered":"<div class=\"wpb-content-wrapper\"><p>[vc_row full_width=\u00bbstretch_row\u00bb parallax=\u00bbcontent-moving\u00bb parallax_image=\u00bb14971&#8243;][vc_column][vc_custom_heading text=\u00bbEL MANAGER-ENTRENADOR\u00bb font_container=\u00bbtag:h1|font_size:48|text_align:left|color:%23ffffff\u00bb use_theme_fonts=\u00bbyes\u00bb css=\u00bb.vc_custom_1594814912451{padding-top: 50px !important;padding-bottom: 60px !important;}\u00bb][\/vc_column][\/vc_row][vc_row css=\u00bb.vc_custom_1595853434111{padding-top: 80px !important;}\u00bb][vc_column][vc_column_text]<\/p>\n<h2>UN ENFOQUE DE GESTI\u00d3N INNOVADOR PARA TODOS TUS DIRECTIVOS<\/h2>\n<p>[\/vc_column_text][vc_column_text]<\/p>\n<h4 style=\"text-align: left;\">Hoy en d\u00eda, es esencial complementar los conocimientos de nuestros directivos con un coaching de valor a\u00f1adido.<\/h4>\n<p><strong>\u00bfPor qu\u00e9?<\/strong><br \/>\nLos constantes cambios de objetivos, proyectos y directivas en nuestras empresas obligan a modificar las pr\u00e1cticas y actitudes de tus empleados: por ello, nuestros directivos deben saber c\u00f3mo apoyar y profesionalizar a sus equipos.<br \/>\n<strong>El coaching es un estado de \u00e1nimo<\/strong> y una forma de trabajar a diario. Su objetivo es motivar y desarrollar la autonom\u00eda y el rendimiento de un individuo o de un equipo. Es un paso importante en la medida en que cada uno necesita el punto de vista del otro para progresar.  <\/p>\n<h4><\/h4>\n<p>[\/vc_column_text][\/vc_column][\/vc_row][vc_row full_width=\u00bbstretch_row\u00bb css=\u00bb.vc_custom_1595853564376{margin-bottom: 0px !important;padding-bottom: 0px !important;background-color: #f5f6f7 !important;}\u00bb][vc_column][vc_column_text css=\u00bb.vc_custom_1595853678010{margin-bottom: 0px !important;padding-bottom: 0px !important;}\u00bb]<strong>\u00bfQu\u00e9 es el coaching eficaz?<\/strong>[\/vc_column_text][\/vc_column][\/vc_row][vc_row full_width=\u00bbstretch_row\u00bb css=\u00bb.vc_custom_1595853708311{margin-top: 0px !important;margin-bottom: 50px !important;padding-top: 0px !important;background-color: #f5f6f7 !important;}\u00bb][vc_column width=\u00bb1\/3&#8243;][vc_column_text]<\/p>\n<ul>\n<li>Una intenci\u00f3n clara,<\/li>\n<li>La capacidad de dar sentido e inspiraci\u00f3n,<\/li>\n<\/ul>\n<p>[\/vc_column_text][\/vc_column][vc_column width=\u00bb1\/3&#8243;][vc_column_text]<\/p>\n<ul>\n<li>Aporta un valor a\u00f1adido objetivo,<\/li>\n<li>Movilizar y potenciar el talento,<\/li>\n<\/ul>\n<p>[\/vc_column_text][\/vc_column][vc_column width=\u00bb1\/3&#8243;][vc_column_text]<\/p>\n<ul>\n<li>Mide el efecto producido,<\/li>\n<li>Refuerza los puntos de esfuerzo de cada persona.<\/li>\n<\/ul>\n<p>[\/vc_column_text][\/vc_column][\/vc_row][vc_row css=\u00bb.vc_custom_1595853746848{padding-bottom: 50px !important;}\u00bb][vc_column][vc_column_text]<\/p>\n<blockquote><p>En Totem, el directivo act\u00faa como un \u201cespejo\u201d, facilitando el desarrollo de sus equipos.<\/p><\/blockquote>\n<p>[\/vc_column_text][\/vc_column][\/vc_row][vc_row][vc_column][vc_column_text]<\/p>\n<h4>Nuestro m\u00e9todo diferenciador para hacer progresar a tus directivos<\/h4>\n<p>&nbsp;<\/p>\n<p><strong>Nuestro enfoque<\/strong> es inmersivo y contextual: primero tratamos de identificar las cuestiones y los problemas a los que se enfrenta cada participante, para que nuestros cursos ofrezcan el mejor valor a\u00f1adido posible.<\/p>\n<p><strong>El curso<\/strong> es din\u00e1mico e innovador: se acabaron las conferencias y las largas horas de discursos. Nuestros cursos est\u00e1n repletos de juegos de rol, pruebas y aplicaciones pr\u00e1cticas para que cada participante pueda experimentar los cambios y las habilidades reci\u00e9n adquiridas, al tiempo que mide sus progresos. Lo mismo ocurre con los formatos de los cursos: todo es posible, todo es \u00e1gil =&gt; \u00a1presencial, a distancia o h\u00edbrido!  <\/p>\n<p>El <strong>seguimiento<\/strong> se adapta y personaliza para cada participante. Un seguimiento satisfactorio significa trabajar los distintos aspectos vistos durante el curso en la vida cotidiana del participante. Adem\u00e1s, siempre se forja, refuerza y mejora un v\u00ednculo N+1\/formador\/participante.[\/vc_column_text][\/vc_column][\/vc_row]<\/p>\n<\/div>","protected":false},"excerpt":{"rendered":"<p>[vc_row full_width=\u00bbstretch_row\u00bb parallax=\u00bbcontent-moving\u00bb parallax_image=\u00bb14971&#8243;][vc_column][vc_custom_heading text=\u00bbEL MANAGER-ENTRENADOR\u00bb font_container=\u00bbtag:h1|font_size:48|text_align:left|color:%23ffffff\u00bb use_theme_fonts=\u00bbyes\u00bb css=\u00bb.vc_custom_1594814912451{padding-top: 50px !important;padding-bottom: 60px !important;}\u00bb][\/vc_column][\/vc_row][vc_row css=\u00bb.vc_custom_1595853434111{padding-top: 80px !important;}\u00bb][vc_column][vc_column_text] UN ENFOQUE DE GESTI\u00d3N INNOVADOR PARA TODOS TUS DIRECTIVOS [\/vc_column_text][vc_column_text] Hoy en d\u00eda, es esencial complementar los conocimientos de nuestros directivos con un coaching de valor a\u00f1adido. \u00bfPor qu\u00e9? Los constantes cambios de objetivos, proyectos y directivas en nuestras&hellip;<\/p>\n","protected":false},"author":1,"featured_media":0,"parent":0,"menu_order":0,"comment_status":"closed","ping_status":"closed","template":"","meta":{"_acf_changed":false,"footnotes":""},"class_list":["post-15452","page","type-page","status-publish","hentry"],"acf":[],"yoast_head":"<!-- This site is optimized with the Yoast SEO plugin v25.1 - https:\/\/yoast.com\/wordpress\/plugins\/seo\/ -->\n<title>EL MANAGER-ENTRENADOR - Totem<\/title>\n<meta name=\"robots\" content=\"index, follow, max-snippet:-1, max-image-preview:large, max-video-preview:-1\" \/>\n<link rel=\"canonical\" href=\"https:\/\/www.totem-formation.fr\/es\/el-manager-entrenador\/\" \/>\n<meta property=\"og:locale\" content=\"es_ES\" \/>\n<meta property=\"og:type\" content=\"article\" \/>\n<meta property=\"og:title\" content=\"EL MANAGER-ENTRENADOR - Totem\" \/>\n<meta property=\"og:description\" content=\"[vc_row full_width=\u00bbstretch_row\u00bb parallax=\u00bbcontent-moving\u00bb parallax_image=\u00bb14971&#8243;][vc_column][vc_custom_heading text=\u00bbEL MANAGER-ENTRENADOR\u00bb font_container=\u00bbtag:h1|font_size:48|text_align:left|color:%23ffffff\u00bb use_theme_fonts=\u00bbyes\u00bb css=\u00bb.vc_custom_1594814912451{padding-top: 50px !important;padding-bottom: 60px !important;}\u00bb][\/vc_column][\/vc_row][vc_row css=\u00bb.vc_custom_1595853434111{padding-top: 80px !important;}\u00bb][vc_column][vc_column_text] UN ENFOQUE DE GESTI\u00d3N INNOVADOR PARA TODOS TUS DIRECTIVOS [\/vc_column_text][vc_column_text] Hoy en d\u00eda, es esencial complementar los conocimientos de nuestros directivos con un coaching de valor a\u00f1adido. \u00bfPor qu\u00e9? Los constantes cambios de objetivos, proyectos y directivas en nuestras&hellip;\" \/>\n<meta property=\"og:url\" content=\"https:\/\/www.totem-formation.fr\/es\/el-manager-entrenador\/\" \/>\n<meta property=\"og:site_name\" content=\"Totem\" \/>\n<meta property=\"article:publisher\" content=\"http:\/\/www.facebook.com\/TotemConseilFormation\" \/>\n<meta property=\"article:modified_time\" content=\"2025-05-26T18:20:00+00:00\" \/>\n<meta name=\"twitter:card\" content=\"summary_large_image\" \/>\n<meta name=\"twitter:site\" content=\"@totem_cpl\" \/>\n<meta name=\"twitter:label1\" content=\"Tiempo de lectura\" \/>\n\t<meta name=\"twitter:data1\" content=\"3 minutos\" \/>\n<script type=\"application\/ld+json\" class=\"yoast-schema-graph\">{\"@context\":\"https:\/\/schema.org\",\"@graph\":[{\"@type\":\"WebPage\",\"@id\":\"https:\/\/www.totem-formation.fr\/es\/el-manager-entrenador\/\",\"url\":\"https:\/\/www.totem-formation.fr\/es\/el-manager-entrenador\/\",\"name\":\"EL MANAGER-ENTRENADOR - Totem\",\"isPartOf\":{\"@id\":\"https:\/\/www.totem-formation.fr\/es\/#website\"},\"datePublished\":\"2020-07-15T12:09:13+00:00\",\"dateModified\":\"2025-05-26T18:20:00+00:00\",\"breadcrumb\":{\"@id\":\"https:\/\/www.totem-formation.fr\/es\/el-manager-entrenador\/#breadcrumb\"},\"inLanguage\":\"es\",\"potentialAction\":[{\"@type\":\"ReadAction\",\"target\":[\"https:\/\/www.totem-formation.fr\/es\/el-manager-entrenador\/\"]}]},{\"@type\":\"BreadcrumbList\",\"@id\":\"https:\/\/www.totem-formation.fr\/es\/el-manager-entrenador\/#breadcrumb\",\"itemListElement\":[{\"@type\":\"ListItem\",\"position\":1,\"name\":\"Accueil\",\"item\":\"https:\/\/www.totem-formation.fr\/es\/inicio-nuevo\/\"},{\"@type\":\"ListItem\",\"position\":2,\"name\":\"EL MANAGER-ENTRENADOR\"}]},{\"@type\":\"WebSite\",\"@id\":\"https:\/\/www.totem-formation.fr\/es\/#website\",\"url\":\"https:\/\/www.totem-formation.fr\/es\/\",\"name\":\"Totem\",\"description\":\"Conseil et Formation\",\"publisher\":{\"@id\":\"https:\/\/www.totem-formation.fr\/es\/#organization\"},\"potentialAction\":[{\"@type\":\"SearchAction\",\"target\":{\"@type\":\"EntryPoint\",\"urlTemplate\":\"https:\/\/www.totem-formation.fr\/es\/?s={search_term_string}\"},\"query-input\":{\"@type\":\"PropertyValueSpecification\",\"valueRequired\":true,\"valueName\":\"search_term_string\"}}],\"inLanguage\":\"es\"},{\"@type\":\"Organization\",\"@id\":\"https:\/\/www.totem-formation.fr\/es\/#organization\",\"name\":\"Totem Formation\",\"url\":\"https:\/\/www.totem-formation.fr\/es\/\",\"logo\":{\"@type\":\"ImageObject\",\"inLanguage\":\"es\",\"@id\":\"https:\/\/www.totem-formation.fr\/es\/#\/schema\/logo\/image\/\",\"url\":\"https:\/\/www.totem-formation.fr\/wp-content\/uploads\/2015\/07\/logo-totem-moyen.png\",\"contentUrl\":\"https:\/\/www.totem-formation.fr\/wp-content\/uploads\/2015\/07\/logo-totem-moyen.png\",\"width\":400,\"height\":130,\"caption\":\"Totem Formation\"},\"image\":{\"@id\":\"https:\/\/www.totem-formation.fr\/es\/#\/schema\/logo\/image\/\"},\"sameAs\":[\"http:\/\/www.facebook.com\/TotemConseilFormation\",\"https:\/\/x.com\/totem_cpl\"]}]}<\/script>\n<!-- \/ Yoast SEO plugin. -->","yoast_head_json":{"title":"EL MANAGER-ENTRENADOR - Totem","robots":{"index":"index","follow":"follow","max-snippet":"max-snippet:-1","max-image-preview":"max-image-preview:large","max-video-preview":"max-video-preview:-1"},"canonical":"https:\/\/www.totem-formation.fr\/es\/el-manager-entrenador\/","og_locale":"es_ES","og_type":"article","og_title":"EL MANAGER-ENTRENADOR - Totem","og_description":"[vc_row full_width=\u00bbstretch_row\u00bb parallax=\u00bbcontent-moving\u00bb parallax_image=\u00bb14971&#8243;][vc_column][vc_custom_heading text=\u00bbEL MANAGER-ENTRENADOR\u00bb font_container=\u00bbtag:h1|font_size:48|text_align:left|color:%23ffffff\u00bb use_theme_fonts=\u00bbyes\u00bb css=\u00bb.vc_custom_1594814912451{padding-top: 50px !important;padding-bottom: 60px !important;}\u00bb][\/vc_column][\/vc_row][vc_row css=\u00bb.vc_custom_1595853434111{padding-top: 80px !important;}\u00bb][vc_column][vc_column_text] UN ENFOQUE DE GESTI\u00d3N INNOVADOR PARA TODOS TUS DIRECTIVOS [\/vc_column_text][vc_column_text] Hoy en d\u00eda, es esencial complementar los conocimientos de nuestros directivos con un coaching de valor a\u00f1adido. \u00bfPor qu\u00e9? Los constantes cambios de objetivos, proyectos y directivas en nuestras&hellip;","og_url":"https:\/\/www.totem-formation.fr\/es\/el-manager-entrenador\/","og_site_name":"Totem","article_publisher":"http:\/\/www.facebook.com\/TotemConseilFormation","article_modified_time":"2025-05-26T18:20:00+00:00","twitter_card":"summary_large_image","twitter_site":"@totem_cpl","twitter_misc":{"Tiempo de lectura":"3 minutos"},"schema":{"@context":"https:\/\/schema.org","@graph":[{"@type":"WebPage","@id":"https:\/\/www.totem-formation.fr\/es\/el-manager-entrenador\/","url":"https:\/\/www.totem-formation.fr\/es\/el-manager-entrenador\/","name":"EL MANAGER-ENTRENADOR - Totem","isPartOf":{"@id":"https:\/\/www.totem-formation.fr\/es\/#website"},"datePublished":"2020-07-15T12:09:13+00:00","dateModified":"2025-05-26T18:20:00+00:00","breadcrumb":{"@id":"https:\/\/www.totem-formation.fr\/es\/el-manager-entrenador\/#breadcrumb"},"inLanguage":"es","potentialAction":[{"@type":"ReadAction","target":["https:\/\/www.totem-formation.fr\/es\/el-manager-entrenador\/"]}]},{"@type":"BreadcrumbList","@id":"https:\/\/www.totem-formation.fr\/es\/el-manager-entrenador\/#breadcrumb","itemListElement":[{"@type":"ListItem","position":1,"name":"Accueil","item":"https:\/\/www.totem-formation.fr\/es\/inicio-nuevo\/"},{"@type":"ListItem","position":2,"name":"EL MANAGER-ENTRENADOR"}]},{"@type":"WebSite","@id":"https:\/\/www.totem-formation.fr\/es\/#website","url":"https:\/\/www.totem-formation.fr\/es\/","name":"Totem","description":"Conseil et Formation","publisher":{"@id":"https:\/\/www.totem-formation.fr\/es\/#organization"},"potentialAction":[{"@type":"SearchAction","target":{"@type":"EntryPoint","urlTemplate":"https:\/\/www.totem-formation.fr\/es\/?s={search_term_string}"},"query-input":{"@type":"PropertyValueSpecification","valueRequired":true,"valueName":"search_term_string"}}],"inLanguage":"es"},{"@type":"Organization","@id":"https:\/\/www.totem-formation.fr\/es\/#organization","name":"Totem Formation","url":"https:\/\/www.totem-formation.fr\/es\/","logo":{"@type":"ImageObject","inLanguage":"es","@id":"https:\/\/www.totem-formation.fr\/es\/#\/schema\/logo\/image\/","url":"https:\/\/www.totem-formation.fr\/wp-content\/uploads\/2015\/07\/logo-totem-moyen.png","contentUrl":"https:\/\/www.totem-formation.fr\/wp-content\/uploads\/2015\/07\/logo-totem-moyen.png","width":400,"height":130,"caption":"Totem Formation"},"image":{"@id":"https:\/\/www.totem-formation.fr\/es\/#\/schema\/logo\/image\/"},"sameAs":["http:\/\/www.facebook.com\/TotemConseilFormation","https:\/\/x.com\/totem_cpl"]}]}},"_links":{"self":[{"href":"https:\/\/www.totem-formation.fr\/es\/wp-json\/wp\/v2\/pages\/15452","targetHints":{"allow":["GET"]}}],"collection":[{"href":"https:\/\/www.totem-formation.fr\/es\/wp-json\/wp\/v2\/pages"}],"about":[{"href":"https:\/\/www.totem-formation.fr\/es\/wp-json\/wp\/v2\/types\/page"}],"author":[{"embeddable":true,"href":"https:\/\/www.totem-formation.fr\/es\/wp-json\/wp\/v2\/users\/1"}],"replies":[{"embeddable":true,"href":"https:\/\/www.totem-formation.fr\/es\/wp-json\/wp\/v2\/comments?post=15452"}],"version-history":[{"count":12,"href":"https:\/\/www.totem-formation.fr\/es\/wp-json\/wp\/v2\/pages\/15452\/revisions"}],"predecessor-version":[{"id":16092,"href":"https:\/\/www.totem-formation.fr\/es\/wp-json\/wp\/v2\/pages\/15452\/revisions\/16092"}],"wp:attachment":[{"href":"https:\/\/www.totem-formation.fr\/es\/wp-json\/wp\/v2\/media?parent=15452"}],"curies":[{"name":"wp","href":"https:\/\/api.w.org\/{rel}","templated":true}]}}