{"id":15438,"date":"2020-07-27T14:05:02","date_gmt":"2020-07-27T13:05:02","guid":{"rendered":"https:\/\/www.totem-formation.fr\/aprendizaje-a-distancia\/"},"modified":"2025-05-26T19:19:24","modified_gmt":"2025-05-26T18:19:24","slug":"aprendizaje-a-distancia","status":"publish","type":"page","link":"https:\/\/www.totem-formation.fr\/es\/aprendizaje-a-distancia\/","title":{"rendered":"APRENDIZAJE A DISTANCIA"},"content":{"rendered":"<div class=\"wpb-content-wrapper\"><p>[vc_row full_width=\u00bbstretch_row\u00bb parallax=\u00bbcontent-moving\u00bb parallax_image=\u00bb14999&#8243;][vc_column][vc_custom_heading text=\u00bbAPRENDIZAJE A DISTANCIA\u00bb font_container=\u00bbtag:h1|font_size:48|text_align:left|color:%23ffffff\u00bb use_theme_fonts=\u00bbyes\u00bb css=\u00bb.vc_custom_1595994371883{padding-top: 50px !important;padding-bottom: 60px !important;}\u00bb][\/vc_column][\/vc_row][vc_row css=\u00bb.vc_custom_1594798856862{padding-top: 50px !important;}\u00bb][vc_column width=\u00bb2\/3&#8243;][vc_column_text css=\u00bb.vc_custom_1595855248957{padding-top: 35px !important;}\u00bb]<\/p>\n<h2>\u00a1DEMOSTREMOS NUESTRA AGILIDAD!<\/h2>\n<p>En Totem, somos conscientes de que la situaci\u00f3n sanitaria actual est\u00e1 poniendo a prueba a muchos equipos de trabajadores y a los resultados de su rendimiento. Pero tambi\u00e9n estamos convencidos de que prescindir de la formaci\u00f3n s\u00f3lo empeorar\u00eda las cosas, y condenar\u00eda al fracaso unos progresos que a veces est\u00e1n en pa\u00f1ales.<br \/>\nPor eso todos nuestros cursos, tanto los actuales como los futuros, se est\u00e1n adaptando ahora en l\u00ednea. Las sesiones, los seguimientos, las citas y los ejercicios se han reorganizado y digitalizado totalmente, \u00a1para que podamos seguir mejorando juntos sin perder el contacto![\/vc_column_text][\/vc_column][vc_column width=\u00bb1\/3&#8243;][\/vc_column][\/vc_row][vc_row css=\u00bb.vc_custom_1595994815017{padding-top: 50px !important;padding-bottom: 50px !important;}\u00bb][vc_column width=\u00bb1\/4&#8243;][vc_single_image image=\u00bb15053&#8243; img_size=\u00bbfull\u00bb style=\u00bbvc_box_circle_2&#8243; css=\u00bb.vc_custom_1595994792464{padding-top: 40px !important;}\u00bb][\/vc_column][vc_column width=\u00bb3\/4&#8243;][vc_column_text css=\u00bb.vc_custom_1595855334989{padding-top: 35px !important;}\u00bb]<\/p>\n<h2>APRENDIZAJE A DISTANCIA<\/h2>\n<p>El mundo cambia constantemente, y basta con echar un vistazo a los MOOC, las charlas Ted o las certificaciones a distancia para darse cuenta de que hoy en d\u00eda todo el mundo puede aprender por su cuenta, en casa, en el tiempo y de la forma que le convenga.<br \/>\n\u00a1Mejoremos para no dejar de ser buenos! Pronto, en esta p\u00e1gina, podr\u00e1s encontrar cursos de formaci\u00f3n completos (basados en nuestras cinco categor\u00edas de formaci\u00f3n ya desarrolladas) con materiales variados y din\u00e1micos (v\u00eddeos, conferencias, art\u00edculos, lecturas, ejercicios, cuestionarios y fichas de lectura). Las suscripciones a<br \/>\n, que ofrecen una serie de servicios y acceso a estos diferentes recursos, estar\u00e1n disponibles a partir de septiembre, para que puedas acelerar y hacer realidad tus ambiciones de gesti\u00f3n con las mejores herramientas.[\/vc_column_text][\/vc_column][\/vc_row][vc_row full_width=\u00bbstretch_row\u00bb css=\u00bb.vc_custom_1595855955940{background-color: #ffbc58 !important;}\u00bb][vc_column width=\u00bb1\/3&#8243;][vc_column_text css=\u00bb.vc_custom_1595856217399{padding-top: 50px !important;}\u00bb]<\/p>\n<h2><strong><span style=\"color: #ffffff;\">NUESTRA CONVICCI\u00d3N<\/span><\/strong><br \/>\n<strong><span style=\"color: #ffffff;\">APRENDIZAJE ELECTR\u00d3NICO<\/span><\/strong><\/h2>\n<p><span style=\"color: #ffffff;\">El cambio interno implica formar a tus equipos y a tus empleados.<\/span><\/p>\n<p><span style=\"color: #ffffff;\">Pero renunciar a ser mejor ya es renunciar a ser bueno, y lo sabemos: hoy en d\u00eda, \u00a1cada uno necesita aprender a su ritmo, est\u00e9 donde est\u00e9 y con las herramientas que le convengan!<\/span><\/p>\n<p><span style=\"color: #ffffff;\">\u00c9stas son nuestras convicciones para satisfacer tus necesidades y ayudar a tus equipos a abrir nuevos caminos.<\/span>[\/vc_column_text][\/vc_column][vc_column width=\u00bb2\/3&#8243;][vc_single_image image=\u00bb15002&#8243; img_size=\u00bbfull\u00bb][\/vc_column][\/vc_row][vc_row full_width=\u00bbstretch_row\u00bb css=\u00bb.vc_custom_1595856119163{margin-top: 0px !important;margin-bottom: 0px !important;padding-top: 0px !important;padding-bottom: 0px !important;background-color: #e64f29 !important;}\u00bb][vc_column][vc_column_text css=\u00bb.vc_custom_1595855380742{padding-top: 10px !important;padding-bottom: 10px !important;}\u00bb]<\/p>\n<div class=\"page\" title=\"P\u00e1gina 11\">\n<div class=\"layoutArea\">\n<div class=\"column\">\n<h3 style=\"text-align: center;\"><span style=\"color: #ffffff;\">\u201cFormar a las personas no consiste en llenar un jarr\u00f3n, sino en encender un fuego\u201d.<\/span><\/h3>\n<p style=\"text-align: right;\"><span style=\"color: #ffffff;\"><strong>Arist\u00f3fanes<\/strong><\/span><\/p>\n<\/div>\n<\/div>\n<\/div>\n<p>[\/vc_column_text][\/vc_column][\/vc_row]<\/p>\n<\/div>","protected":false},"excerpt":{"rendered":"<p>[vc_row full_width=\u00bbstretch_row\u00bb parallax=\u00bbcontent-moving\u00bb parallax_image=\u00bb14999&#8243;][vc_column][vc_custom_heading text=\u00bbAPRENDIZAJE A DISTANCIA\u00bb font_container=\u00bbtag:h1|font_size:48|text_align:left|color:%23ffffff\u00bb use_theme_fonts=\u00bbyes\u00bb css=\u00bb.vc_custom_1595994371883{padding-top: 50px !important;padding-bottom: 60px !important;}\u00bb][\/vc_column][\/vc_row][vc_row css=\u00bb.vc_custom_1594798856862{padding-top: 50px !important;}\u00bb][vc_column width=\u00bb2\/3&#8243;][vc_column_text css=\u00bb.vc_custom_1595855248957{padding-top: 35px !important;}\u00bb] \u00a1DEMOSTREMOS NUESTRA AGILIDAD! En Totem, somos conscientes de que la situaci\u00f3n sanitaria actual est\u00e1 poniendo a prueba a muchos equipos de trabajadores y a los resultados de su rendimiento. Pero tambi\u00e9n estamos convencidos de&hellip;<\/p>\n","protected":false},"author":1,"featured_media":0,"parent":0,"menu_order":0,"comment_status":"closed","ping_status":"closed","template":"","meta":{"_acf_changed":false,"footnotes":""},"class_list":["post-15438","page","type-page","status-publish","hentry"],"acf":[],"yoast_head":"<!-- This site is optimized with the Yoast SEO plugin v25.1 - https:\/\/yoast.com\/wordpress\/plugins\/seo\/ -->\n<title>APRENDIZAJE A DISTANCIA - Totem<\/title>\n<meta name=\"robots\" content=\"index, follow, max-snippet:-1, max-image-preview:large, max-video-preview:-1\" \/>\n<link rel=\"canonical\" href=\"https:\/\/www.totem-formation.fr\/es\/aprendizaje-a-distancia\/\" \/>\n<meta property=\"og:locale\" content=\"es_ES\" \/>\n<meta property=\"og:type\" content=\"article\" \/>\n<meta property=\"og:title\" content=\"APRENDIZAJE A DISTANCIA - Totem\" \/>\n<meta property=\"og:description\" content=\"[vc_row full_width=\u00bbstretch_row\u00bb parallax=\u00bbcontent-moving\u00bb parallax_image=\u00bb14999&#8243;][vc_column][vc_custom_heading text=\u00bbAPRENDIZAJE A DISTANCIA\u00bb font_container=\u00bbtag:h1|font_size:48|text_align:left|color:%23ffffff\u00bb use_theme_fonts=\u00bbyes\u00bb css=\u00bb.vc_custom_1595994371883{padding-top: 50px !important;padding-bottom: 60px !important;}\u00bb][\/vc_column][\/vc_row][vc_row css=\u00bb.vc_custom_1594798856862{padding-top: 50px !important;}\u00bb][vc_column width=\u00bb2\/3&#8243;][vc_column_text css=\u00bb.vc_custom_1595855248957{padding-top: 35px !important;}\u00bb] \u00a1DEMOSTREMOS NUESTRA AGILIDAD! En Totem, somos conscientes de que la situaci\u00f3n sanitaria actual est\u00e1 poniendo a prueba a muchos equipos de trabajadores y a los resultados de su rendimiento. Pero tambi\u00e9n estamos convencidos de&hellip;\" \/>\n<meta property=\"og:url\" content=\"https:\/\/www.totem-formation.fr\/es\/aprendizaje-a-distancia\/\" \/>\n<meta property=\"og:site_name\" content=\"Totem\" \/>\n<meta property=\"article:publisher\" content=\"http:\/\/www.facebook.com\/TotemConseilFormation\" \/>\n<meta property=\"article:modified_time\" content=\"2025-05-26T18:19:24+00:00\" \/>\n<meta name=\"twitter:card\" content=\"summary_large_image\" \/>\n<meta name=\"twitter:site\" content=\"@totem_cpl\" \/>\n<meta name=\"twitter:label1\" content=\"Tiempo de lectura\" \/>\n\t<meta name=\"twitter:data1\" content=\"3 minutos\" \/>\n<script type=\"application\/ld+json\" class=\"yoast-schema-graph\">{\"@context\":\"https:\/\/schema.org\",\"@graph\":[{\"@type\":\"WebPage\",\"@id\":\"https:\/\/www.totem-formation.fr\/es\/aprendizaje-a-distancia\/\",\"url\":\"https:\/\/www.totem-formation.fr\/es\/aprendizaje-a-distancia\/\",\"name\":\"APRENDIZAJE A DISTANCIA - Totem\",\"isPartOf\":{\"@id\":\"https:\/\/www.totem-formation.fr\/es\/#website\"},\"datePublished\":\"2020-07-27T13:05:02+00:00\",\"dateModified\":\"2025-05-26T18:19:24+00:00\",\"breadcrumb\":{\"@id\":\"https:\/\/www.totem-formation.fr\/es\/aprendizaje-a-distancia\/#breadcrumb\"},\"inLanguage\":\"es\",\"potentialAction\":[{\"@type\":\"ReadAction\",\"target\":[\"https:\/\/www.totem-formation.fr\/es\/aprendizaje-a-distancia\/\"]}]},{\"@type\":\"BreadcrumbList\",\"@id\":\"https:\/\/www.totem-formation.fr\/es\/aprendizaje-a-distancia\/#breadcrumb\",\"itemListElement\":[{\"@type\":\"ListItem\",\"position\":1,\"name\":\"Accueil\",\"item\":\"https:\/\/www.totem-formation.fr\/es\/inicio-nuevo\/\"},{\"@type\":\"ListItem\",\"position\":2,\"name\":\"APRENDIZAJE A DISTANCIA\"}]},{\"@type\":\"WebSite\",\"@id\":\"https:\/\/www.totem-formation.fr\/es\/#website\",\"url\":\"https:\/\/www.totem-formation.fr\/es\/\",\"name\":\"Totem\",\"description\":\"Conseil et Formation\",\"publisher\":{\"@id\":\"https:\/\/www.totem-formation.fr\/es\/#organization\"},\"potentialAction\":[{\"@type\":\"SearchAction\",\"target\":{\"@type\":\"EntryPoint\",\"urlTemplate\":\"https:\/\/www.totem-formation.fr\/es\/?s={search_term_string}\"},\"query-input\":{\"@type\":\"PropertyValueSpecification\",\"valueRequired\":true,\"valueName\":\"search_term_string\"}}],\"inLanguage\":\"es\"},{\"@type\":\"Organization\",\"@id\":\"https:\/\/www.totem-formation.fr\/es\/#organization\",\"name\":\"Totem Formation\",\"url\":\"https:\/\/www.totem-formation.fr\/es\/\",\"logo\":{\"@type\":\"ImageObject\",\"inLanguage\":\"es\",\"@id\":\"https:\/\/www.totem-formation.fr\/es\/#\/schema\/logo\/image\/\",\"url\":\"https:\/\/www.totem-formation.fr\/wp-content\/uploads\/2015\/07\/logo-totem-moyen.png\",\"contentUrl\":\"https:\/\/www.totem-formation.fr\/wp-content\/uploads\/2015\/07\/logo-totem-moyen.png\",\"width\":400,\"height\":130,\"caption\":\"Totem Formation\"},\"image\":{\"@id\":\"https:\/\/www.totem-formation.fr\/es\/#\/schema\/logo\/image\/\"},\"sameAs\":[\"http:\/\/www.facebook.com\/TotemConseilFormation\",\"https:\/\/x.com\/totem_cpl\"]}]}<\/script>\n<!-- \/ Yoast SEO plugin. -->","yoast_head_json":{"title":"APRENDIZAJE A DISTANCIA - Totem","robots":{"index":"index","follow":"follow","max-snippet":"max-snippet:-1","max-image-preview":"max-image-preview:large","max-video-preview":"max-video-preview:-1"},"canonical":"https:\/\/www.totem-formation.fr\/es\/aprendizaje-a-distancia\/","og_locale":"es_ES","og_type":"article","og_title":"APRENDIZAJE A DISTANCIA - Totem","og_description":"[vc_row full_width=\u00bbstretch_row\u00bb parallax=\u00bbcontent-moving\u00bb parallax_image=\u00bb14999&#8243;][vc_column][vc_custom_heading text=\u00bbAPRENDIZAJE A DISTANCIA\u00bb font_container=\u00bbtag:h1|font_size:48|text_align:left|color:%23ffffff\u00bb use_theme_fonts=\u00bbyes\u00bb css=\u00bb.vc_custom_1595994371883{padding-top: 50px !important;padding-bottom: 60px !important;}\u00bb][\/vc_column][\/vc_row][vc_row css=\u00bb.vc_custom_1594798856862{padding-top: 50px !important;}\u00bb][vc_column width=\u00bb2\/3&#8243;][vc_column_text css=\u00bb.vc_custom_1595855248957{padding-top: 35px !important;}\u00bb] \u00a1DEMOSTREMOS NUESTRA AGILIDAD! En Totem, somos conscientes de que la situaci\u00f3n sanitaria actual est\u00e1 poniendo a prueba a muchos equipos de trabajadores y a los resultados de su rendimiento. Pero tambi\u00e9n estamos convencidos de&hellip;","og_url":"https:\/\/www.totem-formation.fr\/es\/aprendizaje-a-distancia\/","og_site_name":"Totem","article_publisher":"http:\/\/www.facebook.com\/TotemConseilFormation","article_modified_time":"2025-05-26T18:19:24+00:00","twitter_card":"summary_large_image","twitter_site":"@totem_cpl","twitter_misc":{"Tiempo de lectura":"3 minutos"},"schema":{"@context":"https:\/\/schema.org","@graph":[{"@type":"WebPage","@id":"https:\/\/www.totem-formation.fr\/es\/aprendizaje-a-distancia\/","url":"https:\/\/www.totem-formation.fr\/es\/aprendizaje-a-distancia\/","name":"APRENDIZAJE A DISTANCIA - Totem","isPartOf":{"@id":"https:\/\/www.totem-formation.fr\/es\/#website"},"datePublished":"2020-07-27T13:05:02+00:00","dateModified":"2025-05-26T18:19:24+00:00","breadcrumb":{"@id":"https:\/\/www.totem-formation.fr\/es\/aprendizaje-a-distancia\/#breadcrumb"},"inLanguage":"es","potentialAction":[{"@type":"ReadAction","target":["https:\/\/www.totem-formation.fr\/es\/aprendizaje-a-distancia\/"]}]},{"@type":"BreadcrumbList","@id":"https:\/\/www.totem-formation.fr\/es\/aprendizaje-a-distancia\/#breadcrumb","itemListElement":[{"@type":"ListItem","position":1,"name":"Accueil","item":"https:\/\/www.totem-formation.fr\/es\/inicio-nuevo\/"},{"@type":"ListItem","position":2,"name":"APRENDIZAJE A DISTANCIA"}]},{"@type":"WebSite","@id":"https:\/\/www.totem-formation.fr\/es\/#website","url":"https:\/\/www.totem-formation.fr\/es\/","name":"Totem","description":"Conseil et Formation","publisher":{"@id":"https:\/\/www.totem-formation.fr\/es\/#organization"},"potentialAction":[{"@type":"SearchAction","target":{"@type":"EntryPoint","urlTemplate":"https:\/\/www.totem-formation.fr\/es\/?s={search_term_string}"},"query-input":{"@type":"PropertyValueSpecification","valueRequired":true,"valueName":"search_term_string"}}],"inLanguage":"es"},{"@type":"Organization","@id":"https:\/\/www.totem-formation.fr\/es\/#organization","name":"Totem Formation","url":"https:\/\/www.totem-formation.fr\/es\/","logo":{"@type":"ImageObject","inLanguage":"es","@id":"https:\/\/www.totem-formation.fr\/es\/#\/schema\/logo\/image\/","url":"https:\/\/www.totem-formation.fr\/wp-content\/uploads\/2015\/07\/logo-totem-moyen.png","contentUrl":"https:\/\/www.totem-formation.fr\/wp-content\/uploads\/2015\/07\/logo-totem-moyen.png","width":400,"height":130,"caption":"Totem Formation"},"image":{"@id":"https:\/\/www.totem-formation.fr\/es\/#\/schema\/logo\/image\/"},"sameAs":["http:\/\/www.facebook.com\/TotemConseilFormation","https:\/\/x.com\/totem_cpl"]}]}},"_links":{"self":[{"href":"https:\/\/www.totem-formation.fr\/es\/wp-json\/wp\/v2\/pages\/15438","targetHints":{"allow":["GET"]}}],"collection":[{"href":"https:\/\/www.totem-formation.fr\/es\/wp-json\/wp\/v2\/pages"}],"about":[{"href":"https:\/\/www.totem-formation.fr\/es\/wp-json\/wp\/v2\/types\/page"}],"author":[{"embeddable":true,"href":"https:\/\/www.totem-formation.fr\/es\/wp-json\/wp\/v2\/users\/1"}],"replies":[{"embeddable":true,"href":"https:\/\/www.totem-formation.fr\/es\/wp-json\/wp\/v2\/comments?post=15438"}],"version-history":[{"count":4,"href":"https:\/\/www.totem-formation.fr\/es\/wp-json\/wp\/v2\/pages\/15438\/revisions"}],"predecessor-version":[{"id":15932,"href":"https:\/\/www.totem-formation.fr\/es\/wp-json\/wp\/v2\/pages\/15438\/revisions\/15932"}],"wp:attachment":[{"href":"https:\/\/www.totem-formation.fr\/es\/wp-json\/wp\/v2\/media?parent=15438"}],"curies":[{"name":"wp","href":"https:\/\/api.w.org\/{rel}","templated":true}]}}