{"id":15428,"date":"2020-07-15T09:04:37","date_gmt":"2020-07-15T08:04:37","guid":{"rendered":"https:\/\/www.totem-formation.fr\/gestion\/"},"modified":"2025-05-26T19:20:06","modified_gmt":"2025-05-26T18:20:06","slug":"gestion","status":"publish","type":"page","link":"https:\/\/www.totem-formation.fr\/es\/gestion\/","title":{"rendered":"GESTI\u00d3N"},"content":{"rendered":"<div class=\"wpb-content-wrapper\"><p>[vc_row full_width=\u00bbstretch_row\u00bb parallax=\u00bbcontent-moving\u00bb parallax_image=\u00bb14771&#8243;][vc_column][vc_custom_heading text=\u00bbGESTI\u00d3N\u00bb font_container=\u00bbtag:h1|font_size:48|text_align:left|color:%23ffffff\u00bb use_theme_fonts=\u00bbyes\u00bb css=\u00bb.vc_custom_1594800307825{padding-top: 50px !important;padding-bottom: 60px !important;}\u00bb][\/vc_column][\/vc_row][vc_row css=\u00bb.vc_custom_1594800803897{padding-top: 80px !important;padding-bottom: 40px !important;}\u00bb][vc_column][vc_column_text]<\/p>\n<h1>PARA EQUIPOS MOVILIZADOS, \u00c1GILES Y CREATIVOS<\/h1>\n<p>[\/vc_column_text][vc_column_text css=\u00bb.vc_custom_1595002635565{padding-bottom: 35px !important;}\u00bb]<strong>Nuestros cursos de gesti\u00f3n son muchos y variados&#8230; \u00a1y siempre a medida!<\/strong>  Pueden basarse en tus necesidades de apoyo a la gesti\u00f3n del cambio, cohesi\u00f3n de equipos, movilizaci\u00f3n en torno a los valores de tu empresa o movilizaci\u00f3n de los millennials de tus equipos en torno a tus proyectos y resultados.<\/p>\n<p>&nbsp;<\/p>\n<blockquote>\n<p>Por ejemplo, \u00bfsab\u00edas que el 33% de los obst\u00e1culos a la sinergia en tu empresa se deben principalmente a las pr\u00e1cticas de gesti\u00f3n de tus directivos? Y que el 64% de los empleados menores de 35 a\u00f1os dicen estar \u201cmuy implicados\u201d en su empresa. <\/p>\n<\/blockquote>\n<p>&nbsp;<\/p>\n<p>Estas cifras marcan la diferencia cuando se trata de<strong>innovar<\/strong> y <strong>destacar<\/strong> entre la competencia. En Totem, somos muy conscientes de estas cuestiones, y ofrecemos una gama de cursos relevantes dise\u00f1ados para satisfacer tus necesidades de gesti\u00f3n lo m\u00e1s fielmente posible y tener un impacto real a largo plazo.[\/vc_column_text][\/vc_column][\/vc_row][vc_row full_width=\u00bbstretch_row\u00bb css=\u00bb.vc_custom_1595850722360{background-color: #e64f29 !important;}\u00bb][vc_column][vc_btn title=\u00bbPide presupuesto para este programa\u00bb style=\u00bbcustom\u00bb custom_background=\u00bb#ffffff\u00bb custom_text=\u00bb#000000&#8243; size=\u00bblg\u00bb align=\u00bbcenter\u00bb link=\u00bburl:https%3A%2F%2Fwww.totem-formation.fr%2Fes%2Fponte-en-contacto-con%2F|title:Pide%20presupuesto%20para%20este%20programa|\u00bb css=\u00bb.vc_custom_1595850887291{padding-bottom: 15px !important;}\u00bb][\/vc_column][\/vc_row]<\/p>\n<\/div>","protected":false},"excerpt":{"rendered":"<p>[vc_row full_width=\u00bbstretch_row\u00bb parallax=\u00bbcontent-moving\u00bb parallax_image=\u00bb14771&#8243;][vc_column][vc_custom_heading text=\u00bbGESTI\u00d3N\u00bb font_container=\u00bbtag:h1|font_size:48|text_align:left|color:%23ffffff\u00bb use_theme_fonts=\u00bbyes\u00bb css=\u00bb.vc_custom_1594800307825{padding-top: 50px !important;padding-bottom: 60px !important;}\u00bb][\/vc_column][\/vc_row][vc_row css=\u00bb.vc_custom_1594800803897{padding-top: 80px !important;padding-bottom: 40px !important;}\u00bb][vc_column][vc_column_text] PARA EQUIPOS MOVILIZADOS, \u00c1GILES Y CREATIVOS [\/vc_column_text][vc_column_text css=\u00bb.vc_custom_1595002635565{padding-bottom: 35px !important;}\u00bb]Nuestros cursos de gesti\u00f3n son muchos y variados&#8230; \u00a1y siempre a medida! Pueden basarse en tus necesidades de apoyo a la gesti\u00f3n del cambio, cohesi\u00f3n de equipos, movilizaci\u00f3n en&hellip;<\/p>\n","protected":false},"author":1,"featured_media":0,"parent":0,"menu_order":0,"comment_status":"closed","ping_status":"closed","template":"","meta":{"_acf_changed":false,"footnotes":""},"class_list":["post-15428","page","type-page","status-publish","hentry"],"acf":[],"yoast_head":"<!-- This site is optimized with the Yoast SEO plugin v25.1 - https:\/\/yoast.com\/wordpress\/plugins\/seo\/ -->\n<title>GESTI\u00d3N - Totem<\/title>\n<meta name=\"robots\" content=\"index, follow, max-snippet:-1, max-image-preview:large, max-video-preview:-1\" \/>\n<link rel=\"canonical\" href=\"https:\/\/www.totem-formation.fr\/es\/gestion\/\" \/>\n<meta property=\"og:locale\" content=\"es_ES\" \/>\n<meta property=\"og:type\" content=\"article\" \/>\n<meta property=\"og:title\" content=\"GESTI\u00d3N - Totem\" \/>\n<meta property=\"og:description\" content=\"[vc_row full_width=\u00bbstretch_row\u00bb parallax=\u00bbcontent-moving\u00bb parallax_image=\u00bb14771&#8243;][vc_column][vc_custom_heading text=\u00bbGESTI\u00d3N\u00bb font_container=\u00bbtag:h1|font_size:48|text_align:left|color:%23ffffff\u00bb use_theme_fonts=\u00bbyes\u00bb css=\u00bb.vc_custom_1594800307825{padding-top: 50px !important;padding-bottom: 60px !important;}\u00bb][\/vc_column][\/vc_row][vc_row css=\u00bb.vc_custom_1594800803897{padding-top: 80px !important;padding-bottom: 40px !important;}\u00bb][vc_column][vc_column_text] PARA EQUIPOS MOVILIZADOS, \u00c1GILES Y CREATIVOS [\/vc_column_text][vc_column_text css=\u00bb.vc_custom_1595002635565{padding-bottom: 35px !important;}\u00bb]Nuestros cursos de gesti\u00f3n son muchos y variados&#8230; \u00a1y siempre a medida! Pueden basarse en tus necesidades de apoyo a la gesti\u00f3n del cambio, cohesi\u00f3n de equipos, movilizaci\u00f3n en&hellip;\" \/>\n<meta property=\"og:url\" content=\"https:\/\/www.totem-formation.fr\/es\/gestion\/\" \/>\n<meta property=\"og:site_name\" content=\"Totem\" \/>\n<meta property=\"article:publisher\" content=\"http:\/\/www.facebook.com\/TotemConseilFormation\" \/>\n<meta property=\"article:modified_time\" content=\"2025-05-26T18:20:06+00:00\" \/>\n<meta name=\"twitter:card\" content=\"summary_large_image\" \/>\n<meta name=\"twitter:site\" content=\"@totem_cpl\" \/>\n<meta name=\"twitter:label1\" content=\"Tiempo de lectura\" \/>\n\t<meta name=\"twitter:data1\" content=\"2 minutos\" \/>\n<script type=\"application\/ld+json\" class=\"yoast-schema-graph\">{\"@context\":\"https:\/\/schema.org\",\"@graph\":[{\"@type\":\"WebPage\",\"@id\":\"https:\/\/www.totem-formation.fr\/es\/gestion\/\",\"url\":\"https:\/\/www.totem-formation.fr\/es\/gestion\/\",\"name\":\"GESTI\u00d3N - Totem\",\"isPartOf\":{\"@id\":\"https:\/\/www.totem-formation.fr\/es\/#website\"},\"datePublished\":\"2020-07-15T08:04:37+00:00\",\"dateModified\":\"2025-05-26T18:20:06+00:00\",\"breadcrumb\":{\"@id\":\"https:\/\/www.totem-formation.fr\/es\/gestion\/#breadcrumb\"},\"inLanguage\":\"es\",\"potentialAction\":[{\"@type\":\"ReadAction\",\"target\":[\"https:\/\/www.totem-formation.fr\/es\/gestion\/\"]}]},{\"@type\":\"BreadcrumbList\",\"@id\":\"https:\/\/www.totem-formation.fr\/es\/gestion\/#breadcrumb\",\"itemListElement\":[{\"@type\":\"ListItem\",\"position\":1,\"name\":\"Accueil\",\"item\":\"https:\/\/www.totem-formation.fr\/es\/inicio-nuevo\/\"},{\"@type\":\"ListItem\",\"position\":2,\"name\":\"GESTI\u00d3N\"}]},{\"@type\":\"WebSite\",\"@id\":\"https:\/\/www.totem-formation.fr\/es\/#website\",\"url\":\"https:\/\/www.totem-formation.fr\/es\/\",\"name\":\"Totem\",\"description\":\"Conseil et Formation\",\"publisher\":{\"@id\":\"https:\/\/www.totem-formation.fr\/es\/#organization\"},\"potentialAction\":[{\"@type\":\"SearchAction\",\"target\":{\"@type\":\"EntryPoint\",\"urlTemplate\":\"https:\/\/www.totem-formation.fr\/es\/?s={search_term_string}\"},\"query-input\":{\"@type\":\"PropertyValueSpecification\",\"valueRequired\":true,\"valueName\":\"search_term_string\"}}],\"inLanguage\":\"es\"},{\"@type\":\"Organization\",\"@id\":\"https:\/\/www.totem-formation.fr\/es\/#organization\",\"name\":\"Totem Formation\",\"url\":\"https:\/\/www.totem-formation.fr\/es\/\",\"logo\":{\"@type\":\"ImageObject\",\"inLanguage\":\"es\",\"@id\":\"https:\/\/www.totem-formation.fr\/es\/#\/schema\/logo\/image\/\",\"url\":\"https:\/\/www.totem-formation.fr\/wp-content\/uploads\/2015\/07\/logo-totem-moyen.png\",\"contentUrl\":\"https:\/\/www.totem-formation.fr\/wp-content\/uploads\/2015\/07\/logo-totem-moyen.png\",\"width\":400,\"height\":130,\"caption\":\"Totem Formation\"},\"image\":{\"@id\":\"https:\/\/www.totem-formation.fr\/es\/#\/schema\/logo\/image\/\"},\"sameAs\":[\"http:\/\/www.facebook.com\/TotemConseilFormation\",\"https:\/\/x.com\/totem_cpl\"]}]}<\/script>\n<!-- \/ Yoast SEO plugin. -->","yoast_head_json":{"title":"GESTI\u00d3N - Totem","robots":{"index":"index","follow":"follow","max-snippet":"max-snippet:-1","max-image-preview":"max-image-preview:large","max-video-preview":"max-video-preview:-1"},"canonical":"https:\/\/www.totem-formation.fr\/es\/gestion\/","og_locale":"es_ES","og_type":"article","og_title":"GESTI\u00d3N - Totem","og_description":"[vc_row full_width=\u00bbstretch_row\u00bb parallax=\u00bbcontent-moving\u00bb parallax_image=\u00bb14771&#8243;][vc_column][vc_custom_heading text=\u00bbGESTI\u00d3N\u00bb font_container=\u00bbtag:h1|font_size:48|text_align:left|color:%23ffffff\u00bb use_theme_fonts=\u00bbyes\u00bb css=\u00bb.vc_custom_1594800307825{padding-top: 50px !important;padding-bottom: 60px !important;}\u00bb][\/vc_column][\/vc_row][vc_row css=\u00bb.vc_custom_1594800803897{padding-top: 80px !important;padding-bottom: 40px !important;}\u00bb][vc_column][vc_column_text] PARA EQUIPOS MOVILIZADOS, \u00c1GILES Y CREATIVOS [\/vc_column_text][vc_column_text css=\u00bb.vc_custom_1595002635565{padding-bottom: 35px !important;}\u00bb]Nuestros cursos de gesti\u00f3n son muchos y variados&#8230; \u00a1y siempre a medida! Pueden basarse en tus necesidades de apoyo a la gesti\u00f3n del cambio, cohesi\u00f3n de equipos, movilizaci\u00f3n en&hellip;","og_url":"https:\/\/www.totem-formation.fr\/es\/gestion\/","og_site_name":"Totem","article_publisher":"http:\/\/www.facebook.com\/TotemConseilFormation","article_modified_time":"2025-05-26T18:20:06+00:00","twitter_card":"summary_large_image","twitter_site":"@totem_cpl","twitter_misc":{"Tiempo de lectura":"2 minutos"},"schema":{"@context":"https:\/\/schema.org","@graph":[{"@type":"WebPage","@id":"https:\/\/www.totem-formation.fr\/es\/gestion\/","url":"https:\/\/www.totem-formation.fr\/es\/gestion\/","name":"GESTI\u00d3N - Totem","isPartOf":{"@id":"https:\/\/www.totem-formation.fr\/es\/#website"},"datePublished":"2020-07-15T08:04:37+00:00","dateModified":"2025-05-26T18:20:06+00:00","breadcrumb":{"@id":"https:\/\/www.totem-formation.fr\/es\/gestion\/#breadcrumb"},"inLanguage":"es","potentialAction":[{"@type":"ReadAction","target":["https:\/\/www.totem-formation.fr\/es\/gestion\/"]}]},{"@type":"BreadcrumbList","@id":"https:\/\/www.totem-formation.fr\/es\/gestion\/#breadcrumb","itemListElement":[{"@type":"ListItem","position":1,"name":"Accueil","item":"https:\/\/www.totem-formation.fr\/es\/inicio-nuevo\/"},{"@type":"ListItem","position":2,"name":"GESTI\u00d3N"}]},{"@type":"WebSite","@id":"https:\/\/www.totem-formation.fr\/es\/#website","url":"https:\/\/www.totem-formation.fr\/es\/","name":"Totem","description":"Conseil et Formation","publisher":{"@id":"https:\/\/www.totem-formation.fr\/es\/#organization"},"potentialAction":[{"@type":"SearchAction","target":{"@type":"EntryPoint","urlTemplate":"https:\/\/www.totem-formation.fr\/es\/?s={search_term_string}"},"query-input":{"@type":"PropertyValueSpecification","valueRequired":true,"valueName":"search_term_string"}}],"inLanguage":"es"},{"@type":"Organization","@id":"https:\/\/www.totem-formation.fr\/es\/#organization","name":"Totem Formation","url":"https:\/\/www.totem-formation.fr\/es\/","logo":{"@type":"ImageObject","inLanguage":"es","@id":"https:\/\/www.totem-formation.fr\/es\/#\/schema\/logo\/image\/","url":"https:\/\/www.totem-formation.fr\/wp-content\/uploads\/2015\/07\/logo-totem-moyen.png","contentUrl":"https:\/\/www.totem-formation.fr\/wp-content\/uploads\/2015\/07\/logo-totem-moyen.png","width":400,"height":130,"caption":"Totem Formation"},"image":{"@id":"https:\/\/www.totem-formation.fr\/es\/#\/schema\/logo\/image\/"},"sameAs":["http:\/\/www.facebook.com\/TotemConseilFormation","https:\/\/x.com\/totem_cpl"]}]}},"_links":{"self":[{"href":"https:\/\/www.totem-formation.fr\/es\/wp-json\/wp\/v2\/pages\/15428","targetHints":{"allow":["GET"]}}],"collection":[{"href":"https:\/\/www.totem-formation.fr\/es\/wp-json\/wp\/v2\/pages"}],"about":[{"href":"https:\/\/www.totem-formation.fr\/es\/wp-json\/wp\/v2\/types\/page"}],"author":[{"embeddable":true,"href":"https:\/\/www.totem-formation.fr\/es\/wp-json\/wp\/v2\/users\/1"}],"replies":[{"embeddable":true,"href":"https:\/\/www.totem-formation.fr\/es\/wp-json\/wp\/v2\/comments?post=15428"}],"version-history":[{"count":10,"href":"https:\/\/www.totem-formation.fr\/es\/wp-json\/wp\/v2\/pages\/15428\/revisions"}],"predecessor-version":[{"id":16114,"href":"https:\/\/www.totem-formation.fr\/es\/wp-json\/wp\/v2\/pages\/15428\/revisions\/16114"}],"wp:attachment":[{"href":"https:\/\/www.totem-formation.fr\/es\/wp-json\/wp\/v2\/media?parent=15428"}],"curies":[{"name":"wp","href":"https:\/\/api.w.org\/{rel}","templated":true}]}}