{"id":15390,"date":"2015-06-25T10:05:40","date_gmt":"2015-06-25T09:05:40","guid":{"rendered":"https:\/\/www.totem-formation.fr\/valor-anadido-de-gestion\/"},"modified":"2025-05-26T19:11:29","modified_gmt":"2025-05-26T18:11:29","slug":"valor-anadido-de-gestion","status":"publish","type":"page","link":"https:\/\/www.totem-formation.fr\/es\/valor-anadido-de-gestion\/","title":{"rendered":"Valor a\u00f1adido de gesti\u00f3n"},"content":{"rendered":"<div class=\"wpb-content-wrapper\"><p>[vc_row][vc_column][vc_column_text]`[\/vc_column_text][\/vc_column][\/vc_row][vc_row][vc_column][vc_separator color=\u00bbblack\u00bb style=\u00bbshadow\u00bb][\/vc_column][\/vc_row][vc_row row_type=\u00bbnormal\u00bb parallax_bg=\u00bb\u00bb css=\u00bb.vc_custom_1436256604136{padding-top: 35px !important;padding-bottom: 35px !important;}\u00bb gmbt_prlx_bg_type=\u00bbparallax\u00bb gmbt_prlx_break_parents=\u00bb0&#8243; gmbt_prlx_smooth_scrolling=\u00bb\u00bb gmbt_prlx_video_youtube_mute=\u00bb\u00bb gmbt_prlx_video_youtube_loop_trigger=\u00bb0&#8243; gmbt_prlx_video_aspect_ratio=\u00bb16:9&#8243; gmbt_prlx_parallax=\u00bbnone\u00bb gmbt_prlx_speed=\u00bb0.3&#8243; gmbt_prlx_enable_mobile=\u00bb\u00bb][vc_column width=\u00bb2\/3&#8243;][vc_column_text]<\/p>\n<h1><b>Valor a\u00f1adido de gesti\u00f3n<\/b><\/h1>\n<p><b>En Totem, creemos que la alquimia del valor a\u00f1adido directivo es una mentalidad que incluye la ense\u00f1anza, la preocupaci\u00f3n por la transparencia, la humildad genuina, el compromiso sincero y la capacidad de cuestionarse a uno mismo.  <\/b><\/p>\n<p>Un buen <strong>directivo<\/strong> debe saber prestar atenci\u00f3n a los dem\u00e1s, ponerse en el lugar de sus equipos, pero tambi\u00e9n de sus colegas y clientes. Debe ser capaz de observar las situaciones para <strong>analizarlas<\/strong> mejor, y mostrar<strong>intenci\u00f3n directiva<\/strong> para decidir lo que quiere corregir y potenciar. Por \u00faltimo, su capacidad <strong>de comunicaci\u00f3n<\/strong> debe ser irreprochable, y siempre debe ser capaz de autoevaluarse y mejorar en consecuencia&#8230;[\/vc_column_text][vc_column_text css=\u00bb.vc_custom_1549892542474{padding-top: 35px !important;padding-bottom: 35px !important;}\u00bb]<\/p>\n<h3><strong>De Gestor a L\u00edder<\/strong><\/h3>\n<blockquote><p><b>\u00bb <\/b><b><i>El directivo sabe qu\u00e9 hacer, el l\u00edder sabe qu\u00e9 hacer, por qu\u00e9 y c\u00f3mo. <\/i><\/b> <\/p><\/blockquote>\n<ul>\n<li> <strong>Los directivos<\/strong> son evaluados por sus resultados (Cu\u00e1nto)<\/li>\n<li>Parte del \u00e9xito depende de tu capacidad para <strong>dar sentido a tus equipos<\/strong> (Por qu\u00e9)<\/li>\n<li>Y para implicarles en la acci\u00f3n y <strong>profesionalizar sus pr\u00e1cticas<\/strong> (C\u00f3mo)<\/li>\n<\/ul>\n<p>[\/vc_column_text][vc_column_text]<\/p>\n<h3><b>Resultados al final de un curso de gesti\u00f3n Totem  <\/b><\/h3>\n<p>El gestor es capaz de :<\/p>\n<ul>\n<li>Comprender la contribuci\u00f3n que se espera del directivo<\/li>\n<li>Comprender el poder de la intenci\u00f3n y la importancia de medir el efecto producido<\/li>\n<li>Presentar un objetivo\/cambio para que un equipo lo asuma<\/li>\n<li>Aprovechar las oportunidades para recibir opiniones a diario<\/li>\n<li>Saber por qu\u00e9 y c\u00f3mo entrenar, individual y colectivamente<\/li>\n<li>Manejar los desacuerdos (decidir, asumir la responsabilidad y explicar una decisi\u00f3n)<\/li>\n<li>Definir un objetivo, establecer acciones de delegaci\u00f3n<\/li>\n<li>Orientarse en un entorno multicultural<\/li>\n<li>Disfrutar de la gesti\u00f3n (o redescubrirla)<\/li>\n<\/ul>\n<p>[\/vc_column_text][\/vc_column][vc_column width=\u00bb1\/3&#8243;][vc_single_image image=\u00bb13189&#8243; img_size=\u00bblarge\u00bb][vc_column_text]<b>REFERENCIAS DE CLIENTES<br \/>\n<\/b>Nuestras referencias demuestran nuestra capacidad para potenciar el valor a\u00f1adido empresarial, sea cual sea el entorno: planta, ventas, servicios de apoyo,<\/p>\n<p><strong>FRANCIA BOISSON:<\/strong> Curso VAM (Valor A\u00f1adido Empresarial)<br \/>\n<i>250 Directivos en todas las funciones \/ 27 promociones  <\/i><\/p>\n<p><strong>LACTALIS:<\/strong> Curso VAM (Valor A\u00f1adido Empresarial)<br \/>\n<i>70 Jefes de Ventas \/ 9 promociones, incluidos 7 Jefes de Fuerza de Ventas<br \/>\n<\/i><\/p>\n<p><strong>HEINEKEN <em>:<\/em><\/strong><em> Programa de Identidad Directiva \u00abMILES<br \/>\n<\/em><i>60 Directivos \/ 8 promociones interfuncionales: Oficina Central, Ventas, Cervecer\u00edas, Cadena de Suministro<br \/>\n<\/i><\/p>\n<p><strong>MONDELEZ:<\/strong> Curso PMI (Curso de Gestor Industrial)<br \/>\n<i>140 Jefes de Equipo: 16 promociones de 12 plantas  <\/i>[\/vc_column_text][vc_btn title=\u00bbEficacia del coaching\u00bb color=\u00bbwarning\u00bb size=\u00bblg\u00bb link=\u00bburl:https%3A%2F%2Fwww.totem-formation.fr%2Fes%2Feficacia-del-coaching%2F|title:Eficacia%20del%20coaching|\u00bb][vc_btn title=\u00bbEnse\u00f1anza\u00bb color=\u00bbwarning\u00bb size=\u00bblg\u00bb link=\u00bburl:https%3A%2F%2Fwww.totem-formation.fr%2Fes%2Fensenanza%2F|title:Ense%C3%B1anza|\u00bb][vc_btn title=\u00bbRendimiento de las ventas\u00bb color=\u00bbwarning\u00bb size=\u00bblg\u00bb link=\u00bburl:https%3A%2F%2Fwww.totem-formation.fr%2Fes%2Frendimiento-comercial%2F|title:Rendimiento%20comercial|\u00bb][vc_btn title=\u00bbAplicaci\u00f3n de campo\u00bb color=\u00bbwarning\u00bb size=\u00bblg\u00bb link=\u00bburl:https%3A%2F%2Fwww.totem-formation.fr%2Fes%2Faplicacion-sobre-el-terreno%2F|title:Aplicaci%C3%B3n%20sobre%20el%20terreno|\u00bb][\/vc_column][\/vc_row]<\/p>\n<\/div>","protected":false},"excerpt":{"rendered":"<p>[vc_row][vc_column][vc_column_text]`[\/vc_column_text][\/vc_column][\/vc_row][vc_row][vc_column][vc_separator color=\u00bbblack\u00bb style=\u00bbshadow\u00bb][\/vc_column][\/vc_row][vc_row row_type=\u00bbnormal\u00bb parallax_bg=\u00bb\u00bb css=\u00bb.vc_custom_1436256604136{padding-top: 35px !important;padding-bottom: 35px !important;}\u00bb gmbt_prlx_bg_type=\u00bbparallax\u00bb gmbt_prlx_break_parents=\u00bb0&#8243; gmbt_prlx_smooth_scrolling=\u00bb\u00bb gmbt_prlx_video_youtube_mute=\u00bb\u00bb gmbt_prlx_video_youtube_loop_trigger=\u00bb0&#8243; gmbt_prlx_video_aspect_ratio=\u00bb16:9&#8243; gmbt_prlx_parallax=\u00bbnone\u00bb gmbt_prlx_speed=\u00bb0.3&#8243; gmbt_prlx_enable_mobile=\u00bb\u00bb][vc_column width=\u00bb2\/3&#8243;][vc_column_text] Valor a\u00f1adido de gesti\u00f3n En Totem, creemos que la alquimia del valor a\u00f1adido directivo es una mentalidad que incluye la ense\u00f1anza, la preocupaci\u00f3n por la transparencia, la humildad genuina, el compromiso sincero y la capacidad&hellip;<\/p>\n","protected":false},"author":1,"featured_media":0,"parent":0,"menu_order":0,"comment_status":"open","ping_status":"open","template":"","meta":{"_acf_changed":false,"footnotes":""},"class_list":["post-15390","page","type-page","status-publish","hentry"],"acf":[],"yoast_head":"<!-- This site is optimized with the Yoast SEO plugin v25.1 - https:\/\/yoast.com\/wordpress\/plugins\/seo\/ -->\n<title>Valor a\u00f1adido de gesti\u00f3n - Totem Consultor\u00eda y Formaci\u00f3n<\/title>\n<meta name=\"description\" content=\"La alquimia del valor a\u00f1adido directivo es una mentalidad que incluye la ense\u00f1anza, el compromiso y la capacidad de desafiarse a uno mismo.\" \/>\n<meta name=\"robots\" content=\"index, follow, max-snippet:-1, max-image-preview:large, max-video-preview:-1\" \/>\n<link rel=\"canonical\" href=\"https:\/\/www.totem-formation.fr\/es\/valor-anadido-de-gestion\/\" \/>\n<meta property=\"og:locale\" content=\"es_ES\" \/>\n<meta property=\"og:type\" content=\"article\" \/>\n<meta property=\"og:title\" content=\"Valor a\u00f1adido de gesti\u00f3n - Totem Consultor\u00eda y Formaci\u00f3n\" \/>\n<meta property=\"og:description\" content=\"La alquimia del valor a\u00f1adido directivo es una mentalidad que incluye la ense\u00f1anza, el compromiso y la capacidad de desafiarse a uno mismo.\" \/>\n<meta property=\"og:url\" content=\"https:\/\/www.totem-formation.fr\/es\/valor-anadido-de-gestion\/\" \/>\n<meta property=\"og:site_name\" content=\"Totem\" \/>\n<meta property=\"article:publisher\" content=\"http:\/\/www.facebook.com\/TotemConseilFormation\" \/>\n<meta property=\"article:modified_time\" content=\"2025-05-26T18:11:29+00:00\" \/>\n<meta name=\"twitter:card\" content=\"summary_large_image\" \/>\n<meta name=\"twitter:site\" content=\"@totem_cpl\" \/>\n<meta name=\"twitter:label1\" content=\"Tiempo de lectura\" \/>\n\t<meta name=\"twitter:data1\" content=\"3 minutos\" \/>\n<script type=\"application\/ld+json\" class=\"yoast-schema-graph\">{\"@context\":\"https:\/\/schema.org\",\"@graph\":[{\"@type\":\"WebPage\",\"@id\":\"https:\/\/www.totem-formation.fr\/es\/valor-anadido-de-gestion\/\",\"url\":\"https:\/\/www.totem-formation.fr\/es\/valor-anadido-de-gestion\/\",\"name\":\"Valor a\u00f1adido de gesti\u00f3n - Totem Consultor\u00eda y Formaci\u00f3n\",\"isPartOf\":{\"@id\":\"https:\/\/www.totem-formation.fr\/es\/#website\"},\"datePublished\":\"2015-06-25T09:05:40+00:00\",\"dateModified\":\"2025-05-26T18:11:29+00:00\",\"description\":\"La alquimia del valor a\u00f1adido directivo es una mentalidad que incluye la ense\u00f1anza, el compromiso y la capacidad de desafiarse a uno mismo.\",\"breadcrumb\":{\"@id\":\"https:\/\/www.totem-formation.fr\/es\/valor-anadido-de-gestion\/#breadcrumb\"},\"inLanguage\":\"es\",\"potentialAction\":[{\"@type\":\"ReadAction\",\"target\":[\"https:\/\/www.totem-formation.fr\/es\/valor-anadido-de-gestion\/\"]}]},{\"@type\":\"BreadcrumbList\",\"@id\":\"https:\/\/www.totem-formation.fr\/es\/valor-anadido-de-gestion\/#breadcrumb\",\"itemListElement\":[{\"@type\":\"ListItem\",\"position\":1,\"name\":\"Accueil\",\"item\":\"https:\/\/www.totem-formation.fr\/es\/inicio-nuevo\/\"},{\"@type\":\"ListItem\",\"position\":2,\"name\":\"Valor a\u00f1adido de gesti\u00f3n\"}]},{\"@type\":\"WebSite\",\"@id\":\"https:\/\/www.totem-formation.fr\/es\/#website\",\"url\":\"https:\/\/www.totem-formation.fr\/es\/\",\"name\":\"Totem\",\"description\":\"Conseil et Formation\",\"publisher\":{\"@id\":\"https:\/\/www.totem-formation.fr\/es\/#organization\"},\"potentialAction\":[{\"@type\":\"SearchAction\",\"target\":{\"@type\":\"EntryPoint\",\"urlTemplate\":\"https:\/\/www.totem-formation.fr\/es\/?s={search_term_string}\"},\"query-input\":{\"@type\":\"PropertyValueSpecification\",\"valueRequired\":true,\"valueName\":\"search_term_string\"}}],\"inLanguage\":\"es\"},{\"@type\":\"Organization\",\"@id\":\"https:\/\/www.totem-formation.fr\/es\/#organization\",\"name\":\"Totem Formation\",\"url\":\"https:\/\/www.totem-formation.fr\/es\/\",\"logo\":{\"@type\":\"ImageObject\",\"inLanguage\":\"es\",\"@id\":\"https:\/\/www.totem-formation.fr\/es\/#\/schema\/logo\/image\/\",\"url\":\"https:\/\/www.totem-formation.fr\/wp-content\/uploads\/2015\/07\/logo-totem-moyen.png\",\"contentUrl\":\"https:\/\/www.totem-formation.fr\/wp-content\/uploads\/2015\/07\/logo-totem-moyen.png\",\"width\":400,\"height\":130,\"caption\":\"Totem Formation\"},\"image\":{\"@id\":\"https:\/\/www.totem-formation.fr\/es\/#\/schema\/logo\/image\/\"},\"sameAs\":[\"http:\/\/www.facebook.com\/TotemConseilFormation\",\"https:\/\/x.com\/totem_cpl\"]}]}<\/script>\n<!-- \/ Yoast SEO plugin. -->","yoast_head_json":{"title":"Valor a\u00f1adido de gesti\u00f3n - Totem Consultor\u00eda y Formaci\u00f3n","description":"La alquimia del valor a\u00f1adido directivo es una mentalidad que incluye la ense\u00f1anza, el compromiso y la capacidad de desafiarse a uno mismo.","robots":{"index":"index","follow":"follow","max-snippet":"max-snippet:-1","max-image-preview":"max-image-preview:large","max-video-preview":"max-video-preview:-1"},"canonical":"https:\/\/www.totem-formation.fr\/es\/valor-anadido-de-gestion\/","og_locale":"es_ES","og_type":"article","og_title":"Valor a\u00f1adido de gesti\u00f3n - Totem Consultor\u00eda y Formaci\u00f3n","og_description":"La alquimia del valor a\u00f1adido directivo es una mentalidad que incluye la ense\u00f1anza, el compromiso y la capacidad de desafiarse a uno mismo.","og_url":"https:\/\/www.totem-formation.fr\/es\/valor-anadido-de-gestion\/","og_site_name":"Totem","article_publisher":"http:\/\/www.facebook.com\/TotemConseilFormation","article_modified_time":"2025-05-26T18:11:29+00:00","twitter_card":"summary_large_image","twitter_site":"@totem_cpl","twitter_misc":{"Tiempo de lectura":"3 minutos"},"schema":{"@context":"https:\/\/schema.org","@graph":[{"@type":"WebPage","@id":"https:\/\/www.totem-formation.fr\/es\/valor-anadido-de-gestion\/","url":"https:\/\/www.totem-formation.fr\/es\/valor-anadido-de-gestion\/","name":"Valor a\u00f1adido de gesti\u00f3n - Totem Consultor\u00eda y Formaci\u00f3n","isPartOf":{"@id":"https:\/\/www.totem-formation.fr\/es\/#website"},"datePublished":"2015-06-25T09:05:40+00:00","dateModified":"2025-05-26T18:11:29+00:00","description":"La alquimia del valor a\u00f1adido directivo es una mentalidad que incluye la ense\u00f1anza, el compromiso y la capacidad de desafiarse a uno mismo.","breadcrumb":{"@id":"https:\/\/www.totem-formation.fr\/es\/valor-anadido-de-gestion\/#breadcrumb"},"inLanguage":"es","potentialAction":[{"@type":"ReadAction","target":["https:\/\/www.totem-formation.fr\/es\/valor-anadido-de-gestion\/"]}]},{"@type":"BreadcrumbList","@id":"https:\/\/www.totem-formation.fr\/es\/valor-anadido-de-gestion\/#breadcrumb","itemListElement":[{"@type":"ListItem","position":1,"name":"Accueil","item":"https:\/\/www.totem-formation.fr\/es\/inicio-nuevo\/"},{"@type":"ListItem","position":2,"name":"Valor a\u00f1adido de gesti\u00f3n"}]},{"@type":"WebSite","@id":"https:\/\/www.totem-formation.fr\/es\/#website","url":"https:\/\/www.totem-formation.fr\/es\/","name":"Totem","description":"Conseil et Formation","publisher":{"@id":"https:\/\/www.totem-formation.fr\/es\/#organization"},"potentialAction":[{"@type":"SearchAction","target":{"@type":"EntryPoint","urlTemplate":"https:\/\/www.totem-formation.fr\/es\/?s={search_term_string}"},"query-input":{"@type":"PropertyValueSpecification","valueRequired":true,"valueName":"search_term_string"}}],"inLanguage":"es"},{"@type":"Organization","@id":"https:\/\/www.totem-formation.fr\/es\/#organization","name":"Totem Formation","url":"https:\/\/www.totem-formation.fr\/es\/","logo":{"@type":"ImageObject","inLanguage":"es","@id":"https:\/\/www.totem-formation.fr\/es\/#\/schema\/logo\/image\/","url":"https:\/\/www.totem-formation.fr\/wp-content\/uploads\/2015\/07\/logo-totem-moyen.png","contentUrl":"https:\/\/www.totem-formation.fr\/wp-content\/uploads\/2015\/07\/logo-totem-moyen.png","width":400,"height":130,"caption":"Totem Formation"},"image":{"@id":"https:\/\/www.totem-formation.fr\/es\/#\/schema\/logo\/image\/"},"sameAs":["http:\/\/www.facebook.com\/TotemConseilFormation","https:\/\/x.com\/totem_cpl"]}]}},"_links":{"self":[{"href":"https:\/\/www.totem-formation.fr\/es\/wp-json\/wp\/v2\/pages\/15390","targetHints":{"allow":["GET"]}}],"collection":[{"href":"https:\/\/www.totem-formation.fr\/es\/wp-json\/wp\/v2\/pages"}],"about":[{"href":"https:\/\/www.totem-formation.fr\/es\/wp-json\/wp\/v2\/types\/page"}],"author":[{"embeddable":true,"href":"https:\/\/www.totem-formation.fr\/es\/wp-json\/wp\/v2\/users\/1"}],"replies":[{"embeddable":true,"href":"https:\/\/www.totem-formation.fr\/es\/wp-json\/wp\/v2\/comments?post=15390"}],"version-history":[{"count":3,"href":"https:\/\/www.totem-formation.fr\/es\/wp-json\/wp\/v2\/pages\/15390\/revisions"}],"predecessor-version":[{"id":15582,"href":"https:\/\/www.totem-formation.fr\/es\/wp-json\/wp\/v2\/pages\/15390\/revisions\/15582"}],"wp:attachment":[{"href":"https:\/\/www.totem-formation.fr\/es\/wp-json\/wp\/v2\/media?parent=15390"}],"curies":[{"name":"wp","href":"https:\/\/api.w.org\/{rel}","templated":true}]}}