{"id":15383,"date":"2015-06-25T10:15:03","date_gmt":"2015-06-25T09:15:03","guid":{"rendered":"https:\/\/www.totem-formation.fr\/ponte-en-contacto-con\/"},"modified":"2025-05-26T19:15:17","modified_gmt":"2025-05-26T18:15:17","slug":"ponte-en-contacto-con","status":"publish","type":"page","link":"https:\/\/www.totem-formation.fr\/es\/ponte-en-contacto-con\/","title":{"rendered":"Ponte en contacto con"},"content":{"rendered":"<div class=\"wpb-content-wrapper\"><p>[vc_row full_width=\u00bbstretch_row\u00bb css=\u00bb.vc_custom_1594906286135{background-color: #e64f29 !important;}\u00bb][vc_column][vc_single_image image=\u00bb14993&#8243; img_size=\u00bblarge\u00bb alignment=\u00bbcenter\u00bb][vc_column_text css_animation=\u00bbnone\u00bb]<\/p>\n<p style=\"text-align: center;\"><span style=\"color: #ffffff;\">Formaci\u00f3n para alcanzar tus objetivos empresariales<\/span><br \/>\n<span style=\"color: #ffffff;\">24 Rue de Sur\u00e8ne, 75008 Par\u00eds<\/span><br \/>\n<span style=\"color: #ffffff;\">Tel. Tel.: <strong>01 56 81 10 50<\/strong> - Fax: 01 43 54 52 37<\/span><br \/>\n<span style=\"color: #ffffff;\">Correo electr\u00f3nico: <a style=\"color: #ffffff;\" href=\"mailto:contact@totem-formation.fr\">contact@totem-formation.fr<\/a><\/span><\/p>\n<p>[\/vc_column_text][\/vc_column][\/vc_row][vc_row css=\u00bb.vc_custom_1594906330145{margin-bottom: 0px !important;border-bottom-width: 0px !important;padding-top: 50px !important;padding-bottom: 0px !important;}\u00bb][vc_column css=\u00bb.vc_custom_1594906217237{margin-bottom: 0px !important;border-bottom-width: 0px !important;padding-bottom: 0px !important;}\u00bb][lab_contact_form name_title=\u00bbNombre\u00bb email_title=\u00bbEnv\u00eda un correo electr\u00f3nico a\u00bb message_title=\u00bbMensaje\u00bb show_subject_field=\u00bb\u00bb submit_title=\u00bbEnv\u00eda\u00bb submit_success=\u00bbGracias por tu mensaje. Nos pondremos en contacto contigo lo antes posible.\u00bb alert_errors=\u00bbyes\u00bb][vc_row_inner][vc_column_inner width=\u00bb1\/3&#8243;][vc_single_image image=\u00bb13780&#8243; img_size=\u00bblarge\u00bb alignment=\u00bbcenter\u00bb][vc_column_text]<\/p>\n<p style=\"text-align: center;\"><strong>L\u00edneas de metro 8, 12, 14<\/strong><br \/>\nEstaci\u00f3n Madeleine<\/p>\n<p>[\/vc_column_text][\/vc_column_inner][vc_column_inner width=\u00bb1\/3&#8243;][vc_single_image image=\u00bb13779&#8243; img_size=\u00bblarge\u00bb alignment=\u00bbcenter\u00bb][vc_column_text]<\/p>\n<p style=\"text-align: center;\"><strong>Autob\u00fas <\/strong>24, 42, 52, 84, 94<\/p>\n<p>[\/vc_column_text][\/vc_column_inner][vc_column_inner width=\u00bb1\/3&#8243;][vc_single_image image=\u00bb13777&#8243; img_size=\u00bblarge\u00bb alignment=\u00bbcenter\u00bb][vc_column_text]<\/p>\n<p style=\"text-align: center;\">Estaci\u00f3n <strong>V\u00e9lib <\/strong>n\u00b08005<\/p>\n<p style=\"text-align: center;\">Plaza de la Madeleine<\/p>\n<p>[\/vc_column_text][\/vc_column_inner][\/vc_row_inner][vc_single_image image=\u00bb13693&#8243; img_size=\u00bbfull\u00bb css=\u00bb.vc_custom_1594906200986{margin-bottom: 0px !important;border-bottom-width: 0px !important;padding-bottom: 0px !important;}\u00bb][\/vc_column][\/vc_row]<\/p>\n<\/div>","protected":false},"excerpt":{"rendered":"<p>[vc_row full_width=\u00bbstretch_row\u00bb css=\u00bb.vc_custom_1594906286135{background-color: #e64f29 !important;}\u00bb][vc_column][vc_single_image image=\u00bb14993&#8243; img_size=\u00bblarge\u00bb alignment=\u00bbcenter\u00bb][vc_column_text css_animation=\u00bbnone\u00bb] Formaci\u00f3n para alcanzar tus objetivos empresariales 24 Rue de Sur\u00e8ne, 75008 Par\u00eds Tel. Tel.: 01 56 81 10 50 - Fax: 01 43 54 52 37 Correo electr\u00f3nico: contact@totem-formation.fr [\/vc_column_text][\/vc_column][\/vc_row][vc_row css=\u00bb.vc_custom_1594906330145{margin-bottom: 0px !important;border-bottom-width: 0px !important;padding-top: 50px !important;padding-bottom: 0px !important;}\u00bb][vc_column css=\u00bb.vc_custom_1594906217237{margin-bottom: 0px !important;border-bottom-width: 0px !important;padding-bottom: 0px !important;}\u00bb][lab_contact_form&hellip;<\/p>\n","protected":false},"author":1,"featured_media":0,"parent":0,"menu_order":0,"comment_status":"open","ping_status":"open","template":"","meta":{"_acf_changed":false,"footnotes":""},"class_list":["post-15383","page","type-page","status-publish","hentry"],"acf":[],"yoast_head":"<!-- This site is optimized with the Yoast SEO plugin v25.1 - https:\/\/yoast.com\/wordpress\/plugins\/seo\/ -->\n<title>Contacto - Totem Conseil &amp; Formation<\/title>\n<meta name=\"description\" content=\"Formaci\u00f3n para alcanzar tus objetivos empresariales. 21 Rue Valette, 75005 Par\u00eds Tel. 01 56 81 10 50 - Fax: 01 43 54 52 37 E-mail: contact@totem-formation.fr\" \/>\n<meta name=\"robots\" content=\"index, follow, max-snippet:-1, max-image-preview:large, max-video-preview:-1\" \/>\n<link rel=\"canonical\" href=\"https:\/\/www.totem-formation.fr\/es\/ponte-en-contacto-con\/\" \/>\n<meta property=\"og:locale\" content=\"es_ES\" \/>\n<meta property=\"og:type\" content=\"article\" \/>\n<meta property=\"og:title\" content=\"Contacto - Totem Conseil &amp; Formation\" \/>\n<meta property=\"og:description\" content=\"Formaci\u00f3n para alcanzar tus objetivos empresariales. 21 Rue Valette, 75005 Par\u00eds Tel. 01 56 81 10 50 - Fax: 01 43 54 52 37 E-mail: contact@totem-formation.fr\" \/>\n<meta property=\"og:url\" content=\"https:\/\/www.totem-formation.fr\/es\/ponte-en-contacto-con\/\" \/>\n<meta property=\"og:site_name\" content=\"Totem\" \/>\n<meta property=\"article:publisher\" content=\"http:\/\/www.facebook.com\/TotemConseilFormation\" \/>\n<meta property=\"article:modified_time\" content=\"2025-05-26T18:15:17+00:00\" \/>\n<meta name=\"twitter:card\" content=\"summary_large_image\" \/>\n<meta name=\"twitter:site\" content=\"@totem_cpl\" \/>\n<meta name=\"twitter:label1\" content=\"Tiempo de lectura\" \/>\n\t<meta name=\"twitter:data1\" content=\"1 minuto\" \/>\n<script type=\"application\/ld+json\" class=\"yoast-schema-graph\">{\"@context\":\"https:\/\/schema.org\",\"@graph\":[{\"@type\":\"WebPage\",\"@id\":\"https:\/\/www.totem-formation.fr\/es\/ponte-en-contacto-con\/\",\"url\":\"https:\/\/www.totem-formation.fr\/es\/ponte-en-contacto-con\/\",\"name\":\"Contacto - Totem Conseil & Formation\",\"isPartOf\":{\"@id\":\"https:\/\/www.totem-formation.fr\/es\/#website\"},\"datePublished\":\"2015-06-25T09:15:03+00:00\",\"dateModified\":\"2025-05-26T18:15:17+00:00\",\"description\":\"Formaci\u00f3n para alcanzar tus objetivos empresariales. 21 Rue Valette, 75005 Par\u00eds Tel. 01 56 81 10 50 - Fax: 01 43 54 52 37 E-mail: contact@totem-formation.fr\",\"breadcrumb\":{\"@id\":\"https:\/\/www.totem-formation.fr\/es\/ponte-en-contacto-con\/#breadcrumb\"},\"inLanguage\":\"es\",\"potentialAction\":[{\"@type\":\"ReadAction\",\"target\":[\"https:\/\/www.totem-formation.fr\/es\/ponte-en-contacto-con\/\"]}]},{\"@type\":\"BreadcrumbList\",\"@id\":\"https:\/\/www.totem-formation.fr\/es\/ponte-en-contacto-con\/#breadcrumb\",\"itemListElement\":[{\"@type\":\"ListItem\",\"position\":1,\"name\":\"Accueil\",\"item\":\"https:\/\/www.totem-formation.fr\/es\/inicio-nuevo\/\"},{\"@type\":\"ListItem\",\"position\":2,\"name\":\"Ponte en contacto con\"}]},{\"@type\":\"WebSite\",\"@id\":\"https:\/\/www.totem-formation.fr\/es\/#website\",\"url\":\"https:\/\/www.totem-formation.fr\/es\/\",\"name\":\"Totem\",\"description\":\"Conseil et Formation\",\"publisher\":{\"@id\":\"https:\/\/www.totem-formation.fr\/es\/#organization\"},\"potentialAction\":[{\"@type\":\"SearchAction\",\"target\":{\"@type\":\"EntryPoint\",\"urlTemplate\":\"https:\/\/www.totem-formation.fr\/es\/?s={search_term_string}\"},\"query-input\":{\"@type\":\"PropertyValueSpecification\",\"valueRequired\":true,\"valueName\":\"search_term_string\"}}],\"inLanguage\":\"es\"},{\"@type\":\"Organization\",\"@id\":\"https:\/\/www.totem-formation.fr\/es\/#organization\",\"name\":\"Totem Formation\",\"url\":\"https:\/\/www.totem-formation.fr\/es\/\",\"logo\":{\"@type\":\"ImageObject\",\"inLanguage\":\"es\",\"@id\":\"https:\/\/www.totem-formation.fr\/es\/#\/schema\/logo\/image\/\",\"url\":\"https:\/\/www.totem-formation.fr\/wp-content\/uploads\/2015\/07\/logo-totem-moyen.png\",\"contentUrl\":\"https:\/\/www.totem-formation.fr\/wp-content\/uploads\/2015\/07\/logo-totem-moyen.png\",\"width\":400,\"height\":130,\"caption\":\"Totem Formation\"},\"image\":{\"@id\":\"https:\/\/www.totem-formation.fr\/es\/#\/schema\/logo\/image\/\"},\"sameAs\":[\"http:\/\/www.facebook.com\/TotemConseilFormation\",\"https:\/\/x.com\/totem_cpl\"]}]}<\/script>\n<!-- \/ Yoast SEO plugin. -->","yoast_head_json":{"title":"Contacto - Totem Conseil & Formation","description":"Formaci\u00f3n para alcanzar tus objetivos empresariales. 21 Rue Valette, 75005 Par\u00eds Tel. 01 56 81 10 50 - Fax: 01 43 54 52 37 E-mail: contact@totem-formation.fr","robots":{"index":"index","follow":"follow","max-snippet":"max-snippet:-1","max-image-preview":"max-image-preview:large","max-video-preview":"max-video-preview:-1"},"canonical":"https:\/\/www.totem-formation.fr\/es\/ponte-en-contacto-con\/","og_locale":"es_ES","og_type":"article","og_title":"Contacto - Totem Conseil & Formation","og_description":"Formaci\u00f3n para alcanzar tus objetivos empresariales. 21 Rue Valette, 75005 Par\u00eds Tel. 01 56 81 10 50 - Fax: 01 43 54 52 37 E-mail: contact@totem-formation.fr","og_url":"https:\/\/www.totem-formation.fr\/es\/ponte-en-contacto-con\/","og_site_name":"Totem","article_publisher":"http:\/\/www.facebook.com\/TotemConseilFormation","article_modified_time":"2025-05-26T18:15:17+00:00","twitter_card":"summary_large_image","twitter_site":"@totem_cpl","twitter_misc":{"Tiempo de lectura":"1 minuto"},"schema":{"@context":"https:\/\/schema.org","@graph":[{"@type":"WebPage","@id":"https:\/\/www.totem-formation.fr\/es\/ponte-en-contacto-con\/","url":"https:\/\/www.totem-formation.fr\/es\/ponte-en-contacto-con\/","name":"Contacto - Totem Conseil & Formation","isPartOf":{"@id":"https:\/\/www.totem-formation.fr\/es\/#website"},"datePublished":"2015-06-25T09:15:03+00:00","dateModified":"2025-05-26T18:15:17+00:00","description":"Formaci\u00f3n para alcanzar tus objetivos empresariales. 21 Rue Valette, 75005 Par\u00eds Tel. 01 56 81 10 50 - Fax: 01 43 54 52 37 E-mail: contact@totem-formation.fr","breadcrumb":{"@id":"https:\/\/www.totem-formation.fr\/es\/ponte-en-contacto-con\/#breadcrumb"},"inLanguage":"es","potentialAction":[{"@type":"ReadAction","target":["https:\/\/www.totem-formation.fr\/es\/ponte-en-contacto-con\/"]}]},{"@type":"BreadcrumbList","@id":"https:\/\/www.totem-formation.fr\/es\/ponte-en-contacto-con\/#breadcrumb","itemListElement":[{"@type":"ListItem","position":1,"name":"Accueil","item":"https:\/\/www.totem-formation.fr\/es\/inicio-nuevo\/"},{"@type":"ListItem","position":2,"name":"Ponte en contacto con"}]},{"@type":"WebSite","@id":"https:\/\/www.totem-formation.fr\/es\/#website","url":"https:\/\/www.totem-formation.fr\/es\/","name":"Totem","description":"Conseil et Formation","publisher":{"@id":"https:\/\/www.totem-formation.fr\/es\/#organization"},"potentialAction":[{"@type":"SearchAction","target":{"@type":"EntryPoint","urlTemplate":"https:\/\/www.totem-formation.fr\/es\/?s={search_term_string}"},"query-input":{"@type":"PropertyValueSpecification","valueRequired":true,"valueName":"search_term_string"}}],"inLanguage":"es"},{"@type":"Organization","@id":"https:\/\/www.totem-formation.fr\/es\/#organization","name":"Totem Formation","url":"https:\/\/www.totem-formation.fr\/es\/","logo":{"@type":"ImageObject","inLanguage":"es","@id":"https:\/\/www.totem-formation.fr\/es\/#\/schema\/logo\/image\/","url":"https:\/\/www.totem-formation.fr\/wp-content\/uploads\/2015\/07\/logo-totem-moyen.png","contentUrl":"https:\/\/www.totem-formation.fr\/wp-content\/uploads\/2015\/07\/logo-totem-moyen.png","width":400,"height":130,"caption":"Totem Formation"},"image":{"@id":"https:\/\/www.totem-formation.fr\/es\/#\/schema\/logo\/image\/"},"sameAs":["http:\/\/www.facebook.com\/TotemConseilFormation","https:\/\/x.com\/totem_cpl"]}]}},"_links":{"self":[{"href":"https:\/\/www.totem-formation.fr\/es\/wp-json\/wp\/v2\/pages\/15383","targetHints":{"allow":["GET"]}}],"collection":[{"href":"https:\/\/www.totem-formation.fr\/es\/wp-json\/wp\/v2\/pages"}],"about":[{"href":"https:\/\/www.totem-formation.fr\/es\/wp-json\/wp\/v2\/types\/page"}],"author":[{"embeddable":true,"href":"https:\/\/www.totem-formation.fr\/es\/wp-json\/wp\/v2\/users\/1"}],"replies":[{"embeddable":true,"href":"https:\/\/www.totem-formation.fr\/es\/wp-json\/wp\/v2\/comments?post=15383"}],"version-history":[{"count":6,"href":"https:\/\/www.totem-formation.fr\/es\/wp-json\/wp\/v2\/pages\/15383\/revisions"}],"predecessor-version":[{"id":15873,"href":"https:\/\/www.totem-formation.fr\/es\/wp-json\/wp\/v2\/pages\/15383\/revisions\/15873"}],"wp:attachment":[{"href":"https:\/\/www.totem-formation.fr\/es\/wp-json\/wp\/v2\/media?parent=15383"}],"curies":[{"name":"wp","href":"https:\/\/api.w.org\/{rel}","templated":true}]}}