{"id":15378,"date":"2020-07-15T08:09:56","date_gmt":"2020-07-15T07:09:56","guid":{"rendered":"https:\/\/www.totem-formation.fr\/ventas-y-prospeccion\/"},"modified":"2025-05-26T19:14:32","modified_gmt":"2025-05-26T18:14:32","slug":"ventas-y-prospeccion","status":"publish","type":"page","link":"https:\/\/www.totem-formation.fr\/es\/ventas-y-prospeccion\/","title":{"rendered":"VENTAS Y PROSPECCI\u00d3N"},"content":{"rendered":"<div class=\"wpb-content-wrapper\"><p>[vc_row full_width=\u00bbstretch_row\u00bb parallax=\u00bbcontent-moving\u00bb parallax_image=\u00bb14765&#8243;][vc_column][vc_custom_heading text=\u00bbVENTAS Y PROSPECCI\u00d3N\u00bb font_container=\u00bbtag:h1|font_size:48|text_align:left|color:%23ffffff\u00bb use_theme_fonts=\u00bbyes\u00bb css=\u00bb.vc_custom_1594798837130{padding-top: 50px !important;padding-bottom: 60px !important;}\u00bb][\/vc_column][\/vc_row][vc_row css=\u00bb.vc_custom_1594798856862{padding-top: 50px !important;}\u00bb][vc_column][vc_column_text css=\u00bb.vc_custom_1596309204659{padding-top: 35px !important;padding-bottom: 35px !important;}\u00bb]<\/p>\n<h2>HAZ REALIDAD TODAS TUS OPORTUNIDADES Y CONS\u00cdGUELAS<\/h2>\n<p>&nbsp;<\/p>\n<p>Un <strong>curso de ventas<\/strong> en Totem significa :[\/vc_column_text][\/vc_column][\/vc_row][vc_row][vc_column width=\u00bb1\/3&#8243;][vc_row_inner][vc_column_inner width=\u00bb1\/4&#8243;][vc_icon type=\u00bbentypo\u00bb icon_entypo=\u00bbentypo-icon entypo-icon-chart-bar\u00bb color=\u00bbcustom\u00bb size=\u00bbxl\u00bb custom_color=\u00bb#f0592b\u00bb][\/vc_column_inner][vc_column_inner width=\u00bb3\/4&#8243;][vc_column_text]<\/p>\n<div class=\"page\" title=\"P\u00e1gina 6\">\n<div class=\"layoutArea\">\n<div class=\"column\">\n<p><strong>Mejorar las<\/strong> relaciones con los clientes<\/p>\n<\/div>\n<\/div>\n<\/div>\n<p>[\/vc_column_text][\/vc_column_inner][\/vc_row_inner][vc_empty_space height=\u00bb30px\u00bb][vc_row_inner][vc_column_inner width=\u00bb1\/4&#8243;][vc_icon type=\u00bbentypo\u00bb icon_entypo=\u00bbentypo-icon entypo-icon-users\u00bb color=\u00bbcustom\u00bb size=\u00bbxl\u00bb custom_color=\u00bb#f0592b\u00bb][\/vc_column_inner][vc_column_inner width=\u00bb3\/4&#8243;][vc_column_text]<\/p>\n<div class=\"page\" title=\"P\u00e1gina 6\">\n<div class=\"layoutArea\">\n<div class=\"column\">\n<p><strong>Fidelizar a<\/strong> los empleados<\/p>\n<\/div>\n<\/div>\n<\/div>\n<p>[\/vc_column_text][\/vc_column_inner][\/vc_row_inner][vc_empty_space height=\u00bb30px\u00bb][\/vc_column][vc_column width=\u00bb1\/3&#8243;][vc_row_inner][vc_column_inner width=\u00bb1\/4&#8243;][vc_icon type=\u00bbentypo\u00bb icon_entypo=\u00bbentypo-icon entypo-icon-user-add\u00bb color=\u00bbcustom\u00bb size=\u00bbxl\u00bb custom_color=\u00bb#f0592b\u00bb][\/vc_column_inner][vc_column_inner width=\u00bb3\/4&#8243;][vc_column_text]<\/p>\n<div class=\"page\" title=\"P\u00e1gina 6\">\n<div class=\"layoutArea\">\n<div class=\"column\">\n<p><strong>Ganar<\/strong> en confianza y soltura<\/p>\n<\/div>\n<\/div>\n<\/div>\n<p>[\/vc_column_text][\/vc_column_inner][\/vc_row_inner][vc_empty_space height=\u00bb30px\u00bb][vc_row_inner][vc_column_inner width=\u00bb1\/4&#8243;][vc_icon type=\u00bblinecons\u00bb icon_linecons=\u00bbvc_li vc_li-params\u00bb color=\u00bbcustom\u00bb size=\u00bbxl\u00bb custom_color=\u00bb#f0592b\u00bb][\/vc_column_inner][vc_column_inner width=\u00bb3\/4&#8243;][vc_column_text]<\/p>\n<div class=\"page\" title=\"P\u00e1gina 6\">\n<div class=\"layoutArea\">\n<div class=\"column\">\n<p><strong>Implica<\/strong> y desarrolla a tu N+1 en el coaching<\/p>\n<\/div>\n<\/div>\n<\/div>\n<p>[\/vc_column_text][\/vc_column_inner][\/vc_row_inner][vc_empty_space height=\u00bb30px\u00bb][\/vc_column][vc_column width=\u00bb1\/3&#8243;][vc_row_inner][vc_column_inner width=\u00bb1\/4&#8243;][vc_icon type=\u00bblinecons\u00bb icon_linecons=\u00bbvc_li vc_li-paperplane\u00bb color=\u00bbcustom\u00bb size=\u00bbxl\u00bb custom_color=\u00bb#f0592b\u00bb][\/vc_column_inner][vc_column_inner width=\u00bb3\/4&#8243;][vc_column_text]<\/p>\n<div class=\"page\" title=\"P\u00e1gina 6\">\n<div class=\"layoutArea\">\n<div class=\"column\">\n<p><strong>Impulsa<\/strong> los resultados de tu empresa<\/p>\n<\/div>\n<\/div>\n<\/div>\n<p>[\/vc_column_text][\/vc_column_inner][\/vc_row_inner][vc_empty_space height=\u00bb30px\u00bb][vc_row_inner][vc_column_inner width=\u00bb1\/4&#8243;][vc_icon type=\u00bbentypo\u00bb icon_entypo=\u00bbentypo-icon entypo-icon-gauge\u00bb color=\u00bbcustom\u00bb size=\u00bbxl\u00bb custom_color=\u00bb#f0592b\u00bb][\/vc_column_inner][vc_column_inner width=\u00bb3\/4&#8243;][vc_column_text]<\/p>\n<p style=\"text-align: left;\"><b><\/b><b>Medir<\/b> los resultados a lo largo del tiempo<\/p>\n<p>[\/vc_column_text][\/vc_column_inner][\/vc_row_inner][\/vc_column][\/vc_row][vc_row][vc_column][vc_column_text css=\u00bb.vc_custom_1594997221487{padding-top: 35px !important;padding-bottom: 35px !important;}\u00bb]<strong>Nuestros cursos de formaci\u00f3n en Ventas y Prospecci\u00f3n<\/strong> se adaptan a tus necesidades y contexto. Nuestros cursos est\u00e1n hechos a medida para garantizar tus ambiciones de resultados, tanto en el contenido como en la forma. <\/p>\n<p>&nbsp;<\/p>\n<p>Para nosotros es un honor transmitir a tus equipos <strong>los \u00faltimos avances y m\u00e9todos en ventas y prospecci\u00f3n<\/strong>, al tiempo que promovemos tu identidad corporativa y contextualizamos nuestros escenarios para adaptarlos a tu entorno empresarial. Tus empleados y directivos son <strong>escuchados, desafiados y cambiados<\/strong> a largo plazo. <\/p>\n<p>&nbsp;<\/p>\n<p>Algunos <strong>ejemplos de cursos de formaci\u00f3n<\/strong> creados en colaboraci\u00f3n con nuestros socios:<\/p>\n<ul>\n<li>Enfoques de venta para mejorar el cierre y la preferencia del cliente<em>(contextualizados seg\u00fan el entorno empresarial<\/em>),<\/li>\n<li>Los factores de \u00e9xito de una campa\u00f1a de prospecci\u00f3n de ventas y su despliegue nacional,<\/li>\n<li>Palancas de acci\u00f3n para enganchar a un posible cliente<em>(con contacto contextualizado<\/em>),<\/li>\n<li>Venta a distancia,<\/li>\n<li>\u00bfC\u00f3mo podemos influir y generar la preferencia del cliente?<\/li>\n<li>Influir y convencer en una plataforma de televenta,<\/li>\n<li>Desarrollar sus posiciones en los supermercados,<\/li>\n<li>Genera la preferencia del cliente de CHD.<\/li>\n<\/ul>\n<p>&nbsp;<\/p>\n<blockquote><p>Lo m\u00e1s dif\u00edcil es decidirse a actuar, el resto es s\u00f3lo tenacidad. - Amelia Earhart <\/p><\/blockquote>\n<p>[\/vc_column_text][\/vc_column][\/vc_row][vc_row full_width=\u00bbstretch_row\u00bb css=\u00bb.vc_custom_1595850722360{background-color: #e64f29 !important;}\u00bb][vc_column][vc_btn title=\u00bbPide presupuesto para este programa\u00bb style=\u00bbcustom\u00bb custom_background=\u00bb#ffffff\u00bb custom_text=\u00bb#000000&#8243; size=\u00bblg\u00bb align=\u00bbcenter\u00bb link=\u00bburl:https%3A%2F%2Fwww.totem-formation.fr%2Fes%2Fponte-en-contacto-con%2F|title:Pide%20presupuesto%20para%20este%20programa|\u00bb css=\u00bb.vc_custom_1595850887291{padding-bottom: 15px !important;}\u00bb][\/vc_column][\/vc_row]<\/p>\n<\/div>","protected":false},"excerpt":{"rendered":"<p>[vc_row full_width=\u00bbstretch_row\u00bb parallax=\u00bbcontent-moving\u00bb parallax_image=\u00bb14765&#8243;][vc_column][vc_custom_heading text=\u00bbVENTAS Y PROSPECCI\u00d3N\u00bb font_container=\u00bbtag:h1|font_size:48|text_align:left|color:%23ffffff\u00bb use_theme_fonts=\u00bbyes\u00bb css=\u00bb.vc_custom_1594798837130{padding-top: 50px !important;padding-bottom: 60px !important;}\u00bb][\/vc_column][\/vc_row][vc_row css=\u00bb.vc_custom_1594798856862{padding-top: 50px !important;}\u00bb][vc_column][vc_column_text css=\u00bb.vc_custom_1596309204659{padding-top: 35px !important;padding-bottom: 35px !important;}\u00bb] HAZ REALIDAD TODAS TUS OPORTUNIDADES Y CONS\u00cdGUELAS &nbsp; Un curso de ventas en Totem significa :[\/vc_column_text][\/vc_column][\/vc_row][vc_row][vc_column width=\u00bb1\/3&#8243;][vc_row_inner][vc_column_inner width=\u00bb1\/4&#8243;][vc_icon type=\u00bbentypo\u00bb icon_entypo=\u00bbentypo-icon entypo-icon-chart-bar\u00bb color=\u00bbcustom\u00bb size=\u00bbxl\u00bb custom_color=\u00bb#f0592b\u00bb][\/vc_column_inner][vc_column_inner width=\u00bb3\/4&#8243;][vc_column_text] Mejorar las relaciones con los clientes [\/vc_column_text][\/vc_column_inner][\/vc_row_inner][vc_empty_space height=\u00bb30px\u00bb][vc_row_inner][vc_column_inner&hellip;<\/p>\n","protected":false},"author":1,"featured_media":0,"parent":0,"menu_order":0,"comment_status":"closed","ping_status":"closed","template":"","meta":{"_acf_changed":false,"footnotes":""},"class_list":["post-15378","page","type-page","status-publish","hentry"],"acf":[],"yoast_head":"<!-- This site is optimized with the Yoast SEO plugin v25.1 - https:\/\/yoast.com\/wordpress\/plugins\/seo\/ -->\n<title>VENTAS Y PROSPECCI\u00d3N - Totem<\/title>\n<meta name=\"robots\" content=\"index, follow, max-snippet:-1, max-image-preview:large, max-video-preview:-1\" \/>\n<link rel=\"canonical\" href=\"https:\/\/www.totem-formation.fr\/es\/ventas-y-prospeccion\/\" \/>\n<meta property=\"og:locale\" content=\"es_ES\" \/>\n<meta property=\"og:type\" content=\"article\" \/>\n<meta property=\"og:title\" content=\"VENTAS Y PROSPECCI\u00d3N - Totem\" \/>\n<meta property=\"og:description\" content=\"[vc_row full_width=\u00bbstretch_row\u00bb parallax=\u00bbcontent-moving\u00bb parallax_image=\u00bb14765&#8243;][vc_column][vc_custom_heading text=\u00bbVENTAS Y PROSPECCI\u00d3N\u00bb font_container=\u00bbtag:h1|font_size:48|text_align:left|color:%23ffffff\u00bb use_theme_fonts=\u00bbyes\u00bb css=\u00bb.vc_custom_1594798837130{padding-top: 50px !important;padding-bottom: 60px !important;}\u00bb][\/vc_column][\/vc_row][vc_row css=\u00bb.vc_custom_1594798856862{padding-top: 50px !important;}\u00bb][vc_column][vc_column_text css=\u00bb.vc_custom_1596309204659{padding-top: 35px !important;padding-bottom: 35px !important;}\u00bb] HAZ REALIDAD TODAS TUS OPORTUNIDADES Y CONS\u00cdGUELAS &nbsp; Un curso de ventas en Totem significa :[\/vc_column_text][\/vc_column][\/vc_row][vc_row][vc_column width=\u00bb1\/3&#8243;][vc_row_inner][vc_column_inner width=\u00bb1\/4&#8243;][vc_icon type=\u00bbentypo\u00bb icon_entypo=\u00bbentypo-icon entypo-icon-chart-bar\u00bb color=\u00bbcustom\u00bb size=\u00bbxl\u00bb custom_color=\u00bb#f0592b\u00bb][\/vc_column_inner][vc_column_inner width=\u00bb3\/4&#8243;][vc_column_text] Mejorar las relaciones con los clientes [\/vc_column_text][\/vc_column_inner][\/vc_row_inner][vc_empty_space height=\u00bb30px\u00bb][vc_row_inner][vc_column_inner&hellip;\" \/>\n<meta property=\"og:url\" content=\"https:\/\/www.totem-formation.fr\/es\/ventas-y-prospeccion\/\" \/>\n<meta property=\"og:site_name\" content=\"Totem\" \/>\n<meta property=\"article:publisher\" content=\"http:\/\/www.facebook.com\/TotemConseilFormation\" \/>\n<meta property=\"article:modified_time\" content=\"2025-05-26T18:14:32+00:00\" \/>\n<meta name=\"twitter:card\" content=\"summary_large_image\" \/>\n<meta name=\"twitter:site\" content=\"@totem_cpl\" \/>\n<meta name=\"twitter:label1\" content=\"Tiempo de lectura\" \/>\n\t<meta name=\"twitter:data1\" content=\"4 minutos\" \/>\n<script type=\"application\/ld+json\" class=\"yoast-schema-graph\">{\"@context\":\"https:\/\/schema.org\",\"@graph\":[{\"@type\":\"WebPage\",\"@id\":\"https:\/\/www.totem-formation.fr\/es\/ventas-y-prospeccion\/\",\"url\":\"https:\/\/www.totem-formation.fr\/es\/ventas-y-prospeccion\/\",\"name\":\"VENTAS Y PROSPECCI\u00d3N - Totem\",\"isPartOf\":{\"@id\":\"https:\/\/www.totem-formation.fr\/es\/#website\"},\"datePublished\":\"2020-07-15T07:09:56+00:00\",\"dateModified\":\"2025-05-26T18:14:32+00:00\",\"breadcrumb\":{\"@id\":\"https:\/\/www.totem-formation.fr\/es\/ventas-y-prospeccion\/#breadcrumb\"},\"inLanguage\":\"es\",\"potentialAction\":[{\"@type\":\"ReadAction\",\"target\":[\"https:\/\/www.totem-formation.fr\/es\/ventas-y-prospeccion\/\"]}]},{\"@type\":\"BreadcrumbList\",\"@id\":\"https:\/\/www.totem-formation.fr\/es\/ventas-y-prospeccion\/#breadcrumb\",\"itemListElement\":[{\"@type\":\"ListItem\",\"position\":1,\"name\":\"Accueil\",\"item\":\"https:\/\/www.totem-formation.fr\/es\/inicio-nuevo\/\"},{\"@type\":\"ListItem\",\"position\":2,\"name\":\"VENTAS Y PROSPECCI\u00d3N\"}]},{\"@type\":\"WebSite\",\"@id\":\"https:\/\/www.totem-formation.fr\/es\/#website\",\"url\":\"https:\/\/www.totem-formation.fr\/es\/\",\"name\":\"Totem\",\"description\":\"Conseil et Formation\",\"publisher\":{\"@id\":\"https:\/\/www.totem-formation.fr\/es\/#organization\"},\"potentialAction\":[{\"@type\":\"SearchAction\",\"target\":{\"@type\":\"EntryPoint\",\"urlTemplate\":\"https:\/\/www.totem-formation.fr\/es\/?s={search_term_string}\"},\"query-input\":{\"@type\":\"PropertyValueSpecification\",\"valueRequired\":true,\"valueName\":\"search_term_string\"}}],\"inLanguage\":\"es\"},{\"@type\":\"Organization\",\"@id\":\"https:\/\/www.totem-formation.fr\/es\/#organization\",\"name\":\"Totem Formation\",\"url\":\"https:\/\/www.totem-formation.fr\/es\/\",\"logo\":{\"@type\":\"ImageObject\",\"inLanguage\":\"es\",\"@id\":\"https:\/\/www.totem-formation.fr\/es\/#\/schema\/logo\/image\/\",\"url\":\"https:\/\/www.totem-formation.fr\/wp-content\/uploads\/2015\/07\/logo-totem-moyen.png\",\"contentUrl\":\"https:\/\/www.totem-formation.fr\/wp-content\/uploads\/2015\/07\/logo-totem-moyen.png\",\"width\":400,\"height\":130,\"caption\":\"Totem Formation\"},\"image\":{\"@id\":\"https:\/\/www.totem-formation.fr\/es\/#\/schema\/logo\/image\/\"},\"sameAs\":[\"http:\/\/www.facebook.com\/TotemConseilFormation\",\"https:\/\/x.com\/totem_cpl\"]}]}<\/script>\n<!-- \/ Yoast SEO plugin. -->","yoast_head_json":{"title":"VENTAS Y PROSPECCI\u00d3N - Totem","robots":{"index":"index","follow":"follow","max-snippet":"max-snippet:-1","max-image-preview":"max-image-preview:large","max-video-preview":"max-video-preview:-1"},"canonical":"https:\/\/www.totem-formation.fr\/es\/ventas-y-prospeccion\/","og_locale":"es_ES","og_type":"article","og_title":"VENTAS Y PROSPECCI\u00d3N - Totem","og_description":"[vc_row full_width=\u00bbstretch_row\u00bb parallax=\u00bbcontent-moving\u00bb parallax_image=\u00bb14765&#8243;][vc_column][vc_custom_heading text=\u00bbVENTAS Y PROSPECCI\u00d3N\u00bb font_container=\u00bbtag:h1|font_size:48|text_align:left|color:%23ffffff\u00bb use_theme_fonts=\u00bbyes\u00bb css=\u00bb.vc_custom_1594798837130{padding-top: 50px !important;padding-bottom: 60px !important;}\u00bb][\/vc_column][\/vc_row][vc_row css=\u00bb.vc_custom_1594798856862{padding-top: 50px !important;}\u00bb][vc_column][vc_column_text css=\u00bb.vc_custom_1596309204659{padding-top: 35px !important;padding-bottom: 35px !important;}\u00bb] HAZ REALIDAD TODAS TUS OPORTUNIDADES Y CONS\u00cdGUELAS &nbsp; Un curso de ventas en Totem significa :[\/vc_column_text][\/vc_column][\/vc_row][vc_row][vc_column width=\u00bb1\/3&#8243;][vc_row_inner][vc_column_inner width=\u00bb1\/4&#8243;][vc_icon type=\u00bbentypo\u00bb icon_entypo=\u00bbentypo-icon entypo-icon-chart-bar\u00bb color=\u00bbcustom\u00bb size=\u00bbxl\u00bb custom_color=\u00bb#f0592b\u00bb][\/vc_column_inner][vc_column_inner width=\u00bb3\/4&#8243;][vc_column_text] Mejorar las relaciones con los clientes [\/vc_column_text][\/vc_column_inner][\/vc_row_inner][vc_empty_space height=\u00bb30px\u00bb][vc_row_inner][vc_column_inner&hellip;","og_url":"https:\/\/www.totem-formation.fr\/es\/ventas-y-prospeccion\/","og_site_name":"Totem","article_publisher":"http:\/\/www.facebook.com\/TotemConseilFormation","article_modified_time":"2025-05-26T18:14:32+00:00","twitter_card":"summary_large_image","twitter_site":"@totem_cpl","twitter_misc":{"Tiempo de lectura":"4 minutos"},"schema":{"@context":"https:\/\/schema.org","@graph":[{"@type":"WebPage","@id":"https:\/\/www.totem-formation.fr\/es\/ventas-y-prospeccion\/","url":"https:\/\/www.totem-formation.fr\/es\/ventas-y-prospeccion\/","name":"VENTAS Y PROSPECCI\u00d3N - Totem","isPartOf":{"@id":"https:\/\/www.totem-formation.fr\/es\/#website"},"datePublished":"2020-07-15T07:09:56+00:00","dateModified":"2025-05-26T18:14:32+00:00","breadcrumb":{"@id":"https:\/\/www.totem-formation.fr\/es\/ventas-y-prospeccion\/#breadcrumb"},"inLanguage":"es","potentialAction":[{"@type":"ReadAction","target":["https:\/\/www.totem-formation.fr\/es\/ventas-y-prospeccion\/"]}]},{"@type":"BreadcrumbList","@id":"https:\/\/www.totem-formation.fr\/es\/ventas-y-prospeccion\/#breadcrumb","itemListElement":[{"@type":"ListItem","position":1,"name":"Accueil","item":"https:\/\/www.totem-formation.fr\/es\/inicio-nuevo\/"},{"@type":"ListItem","position":2,"name":"VENTAS Y PROSPECCI\u00d3N"}]},{"@type":"WebSite","@id":"https:\/\/www.totem-formation.fr\/es\/#website","url":"https:\/\/www.totem-formation.fr\/es\/","name":"Totem","description":"Conseil et Formation","publisher":{"@id":"https:\/\/www.totem-formation.fr\/es\/#organization"},"potentialAction":[{"@type":"SearchAction","target":{"@type":"EntryPoint","urlTemplate":"https:\/\/www.totem-formation.fr\/es\/?s={search_term_string}"},"query-input":{"@type":"PropertyValueSpecification","valueRequired":true,"valueName":"search_term_string"}}],"inLanguage":"es"},{"@type":"Organization","@id":"https:\/\/www.totem-formation.fr\/es\/#organization","name":"Totem Formation","url":"https:\/\/www.totem-formation.fr\/es\/","logo":{"@type":"ImageObject","inLanguage":"es","@id":"https:\/\/www.totem-formation.fr\/es\/#\/schema\/logo\/image\/","url":"https:\/\/www.totem-formation.fr\/wp-content\/uploads\/2015\/07\/logo-totem-moyen.png","contentUrl":"https:\/\/www.totem-formation.fr\/wp-content\/uploads\/2015\/07\/logo-totem-moyen.png","width":400,"height":130,"caption":"Totem Formation"},"image":{"@id":"https:\/\/www.totem-formation.fr\/es\/#\/schema\/logo\/image\/"},"sameAs":["http:\/\/www.facebook.com\/TotemConseilFormation","https:\/\/x.com\/totem_cpl"]}]}},"_links":{"self":[{"href":"https:\/\/www.totem-formation.fr\/es\/wp-json\/wp\/v2\/pages\/15378","targetHints":{"allow":["GET"]}}],"collection":[{"href":"https:\/\/www.totem-formation.fr\/es\/wp-json\/wp\/v2\/pages"}],"about":[{"href":"https:\/\/www.totem-formation.fr\/es\/wp-json\/wp\/v2\/types\/page"}],"author":[{"embeddable":true,"href":"https:\/\/www.totem-formation.fr\/es\/wp-json\/wp\/v2\/users\/1"}],"replies":[{"embeddable":true,"href":"https:\/\/www.totem-formation.fr\/es\/wp-json\/wp\/v2\/comments?post=15378"}],"version-history":[{"count":8,"href":"https:\/\/www.totem-formation.fr\/es\/wp-json\/wp\/v2\/pages\/15378\/revisions"}],"predecessor-version":[{"id":15832,"href":"https:\/\/www.totem-formation.fr\/es\/wp-json\/wp\/v2\/pages\/15378\/revisions\/15832"}],"wp:attachment":[{"href":"https:\/\/www.totem-formation.fr\/es\/wp-json\/wp\/v2\/media?parent=15378"}],"curies":[{"name":"wp","href":"https:\/\/api.w.org\/{rel}","templated":true}]}}