{"id":15318,"date":"2015-06-25T10:05:57","date_gmt":"2015-06-25T09:05:57","guid":{"rendered":"https:\/\/www.totem-formation.fr\/ensenanza\/"},"modified":"2025-05-26T19:11:29","modified_gmt":"2025-05-26T18:11:29","slug":"ensenanza","status":"publish","type":"page","link":"https:\/\/www.totem-formation.fr\/es\/ensenanza\/","title":{"rendered":"Ense\u00f1anza"},"content":{"rendered":"<div class=\"wpb-content-wrapper\"><p>[vc_row][vc_column width=\u00bb2\/3&#8243; css=\u00bb.vc_custom_1435332034719{padding-bottom: 35px !important;}\u00bb popover_placement=\u00bbtop\u00bb][vc_column_text]<\/p>\n<h1>Ense\u00f1anza<\/h1>\n<p><strong><b>Antes de nuestros cursos de formaci\u00f3n, todos los documentos preparatorios se ponen a disposici\u00f3n de los participantes en nuestro lugar de trabajo del Sistema de Gesti\u00f3n del Aprendizaje.<\/b><\/strong><\/p>\n<p>De este modo, a trav\u00e9s de una <strong>interfaz digital<\/strong>, todo el mundo puede familiarizarse con el contenido, familiarizarse con los conceptos tratados y formalizar el trabajo preparatorio.<\/p>\n<p>Durante <strong>la formaci\u00f3n<\/strong>, adem\u00e1s de los conceptos y t\u00e9cnicas compartidos con los participantes, nuestros consultores se centran en la aplicaci\u00f3n y las actividades de formaci\u00f3n. Los ejercicios de formaci\u00f3n y los juegos de rol permiten no s\u00f3lo <strong>comprender<\/strong>, sino tambi\u00e9n <strong>practicar<\/strong>.[\/vc_column_text][vc_column_text css=\u00bb.vc_custom_1549553573238{padding-bottom: 10px !important;}\u00bb]<\/p>\n<blockquote><p><b>\u201cAprender a saber, aprender a hacer, aprender a hacer saber\u201d.<br \/>\n<\/b><strong>Louis Pauwels<\/strong><\/p><\/blockquote>\n<p>&nbsp;<\/p>\n<h2>Los cuatro pilares de la pedagog\u00eda ToTEM<\/h2>\n<p><strong>Puesta en com\u00fan interactiva<\/strong><br \/>\nNuestros formadores se aseguran de que todo el grupo comprenda los resultados esperados: <em>\u00bfqu\u00e9 estamos haciendo y por qu\u00e9 lo hacemos<\/em>?<\/p>\n<p><strong>Sensibilizaci\u00f3n<\/strong><br \/>\nSe invita a los participantes en una promoci\u00f3n a cuestionarse a s\u00ed mismos, a tomar conciencia de las diferencias de pr\u00e1cticas dentro del grupo y a probar nuevas formas de hacer las cosas.<\/p>\n<p><strong>Aplicaci\u00f3n<\/strong><br \/>\nLos participantes plasman las competencias que han adquirido en un plan de acci\u00f3n personal; a medida que avanza la formaci\u00f3n, escriben lo que han aprendido en cada secuencia, las \u00e1reas de trabajo que han identificado y c\u00f3mo pueden aplicarlas en la pr\u00e1ctica, todo lo cual se formaliza y comparte con el formador y su N+1.<\/p>\n<p><strong>Formaci\u00f3n<\/strong><br \/>\nSe proponen ejercicios pr\u00e1cticos para que cada participante pueda no s\u00f3lo aplicar las t\u00e9cnicas aprendidas, sino tambi\u00e9n adquirir reflejos reales en el d\u00eda a d\u00eda.[\/vc_column_text][\/vc_column][vc_column width=\u00bb1\/3&#8243;][vc_single_image image=\u00bb13189&#8243; img_size=\u00bblarge\u00bb popover_placement=\u00bbtop\u00bb][vc_button2 title=\u00bbCoaching\u00bb color=\u00bborange\u00bb size=\u00bblg\u00bb link=\u00bburl:https%3A%2F%2Fwww.totem-formation.fr%2Fes%2Feficacia-del-coaching%2F|\u00bb][vc_button2 title=\u00bbRendimiento comercial\u00bb color=\u00bborange\u00bb size=\u00bblg\u00bb link=\u00bburl:https%3A%2F%2Fwww.totem-formation.fr%2Fes%2Frendimiento-comercial%2F|\u00bb][vc_button2 title=\u00bbGesti\u00f3n\u00bb color=\u00bborange\u00bb size=\u00bblg\u00bb link=\u00bburl:https%3A%2F%2Fwww.totem-formation.fr%2Fes%2Fvalor-anadido-de-gestion%2F|\u00bb][vc_button2 title=\u00bbAplicaci\u00f3n sobre el terreno\u00bb color=\u00bborange\u00bb size=\u00bblg\u00bb link=\u00bburl:https%3A%2F%2Fwww.totem-formation.fr%2Fes%2Faplicacion-sobre-el-terreno%2F|\u00bb][\/vc_column][\/vc_row]<\/p>\n<\/div>","protected":false},"excerpt":{"rendered":"<p>[vc_row][vc_column width=\u00bb2\/3&#8243; css=\u00bb.vc_custom_1435332034719{padding-bottom: 35px !important;}\u00bb popover_placement=\u00bbtop\u00bb][vc_column_text] Ense\u00f1anza Antes de nuestros cursos de formaci\u00f3n, todos los documentos preparatorios se ponen a disposici\u00f3n de los participantes en nuestro lugar de trabajo del Sistema de Gesti\u00f3n del Aprendizaje. De este modo, a trav\u00e9s de una interfaz digital, todo el mundo puede familiarizarse con el contenido, familiarizarse con los&hellip;<\/p>\n","protected":false},"author":1,"featured_media":0,"parent":0,"menu_order":0,"comment_status":"open","ping_status":"open","template":"","meta":{"_acf_changed":false,"footnotes":""},"class_list":["post-15318","page","type-page","status-publish","hentry"],"acf":[],"yoast_head":"<!-- This site is optimized with the Yoast SEO plugin v25.1 - https:\/\/yoast.com\/wordpress\/plugins\/seo\/ -->\n<title>Ense\u00f1anza TOTEM - Totem Consultor\u00eda y Formaci\u00f3n<\/title>\n<meta name=\"description\" content=\"Los manuales se proporcionar\u00e1n unos d\u00edas antes para que puedas familiarizarte con el contenido y los conceptos tratados.\" \/>\n<meta name=\"robots\" content=\"index, follow, max-snippet:-1, max-image-preview:large, max-video-preview:-1\" \/>\n<link rel=\"canonical\" href=\"https:\/\/www.totem-formation.fr\/es\/ensenanza\/\" \/>\n<meta property=\"og:locale\" content=\"es_ES\" \/>\n<meta property=\"og:type\" content=\"article\" \/>\n<meta property=\"og:title\" content=\"Ense\u00f1anza TOTEM - Totem Consultor\u00eda y Formaci\u00f3n\" \/>\n<meta property=\"og:description\" content=\"Los manuales se proporcionar\u00e1n unos d\u00edas antes para que puedas familiarizarte con el contenido y los conceptos tratados.\" \/>\n<meta property=\"og:url\" content=\"https:\/\/www.totem-formation.fr\/es\/ensenanza\/\" \/>\n<meta property=\"og:site_name\" content=\"Totem\" \/>\n<meta property=\"article:publisher\" content=\"http:\/\/www.facebook.com\/TotemConseilFormation\" \/>\n<meta property=\"article:modified_time\" content=\"2025-05-26T18:11:29+00:00\" \/>\n<meta name=\"twitter:card\" content=\"summary_large_image\" \/>\n<meta name=\"twitter:site\" content=\"@totem_cpl\" \/>\n<meta name=\"twitter:label1\" content=\"Tiempo de lectura\" \/>\n\t<meta name=\"twitter:data1\" content=\"2 minutos\" \/>\n<script type=\"application\/ld+json\" class=\"yoast-schema-graph\">{\"@context\":\"https:\/\/schema.org\",\"@graph\":[{\"@type\":\"WebPage\",\"@id\":\"https:\/\/www.totem-formation.fr\/es\/ensenanza\/\",\"url\":\"https:\/\/www.totem-formation.fr\/es\/ensenanza\/\",\"name\":\"Ense\u00f1anza TOTEM - Totem Consultor\u00eda y Formaci\u00f3n\",\"isPartOf\":{\"@id\":\"https:\/\/www.totem-formation.fr\/es\/#website\"},\"datePublished\":\"2015-06-25T09:05:57+00:00\",\"dateModified\":\"2025-05-26T18:11:29+00:00\",\"description\":\"Los manuales se proporcionar\u00e1n unos d\u00edas antes para que puedas familiarizarte con el contenido y los conceptos tratados.\",\"breadcrumb\":{\"@id\":\"https:\/\/www.totem-formation.fr\/es\/ensenanza\/#breadcrumb\"},\"inLanguage\":\"es\",\"potentialAction\":[{\"@type\":\"ReadAction\",\"target\":[\"https:\/\/www.totem-formation.fr\/es\/ensenanza\/\"]}]},{\"@type\":\"BreadcrumbList\",\"@id\":\"https:\/\/www.totem-formation.fr\/es\/ensenanza\/#breadcrumb\",\"itemListElement\":[{\"@type\":\"ListItem\",\"position\":1,\"name\":\"Accueil\",\"item\":\"https:\/\/www.totem-formation.fr\/es\/inicio-nuevo\/\"},{\"@type\":\"ListItem\",\"position\":2,\"name\":\"Ense\u00f1anza\"}]},{\"@type\":\"WebSite\",\"@id\":\"https:\/\/www.totem-formation.fr\/es\/#website\",\"url\":\"https:\/\/www.totem-formation.fr\/es\/\",\"name\":\"Totem\",\"description\":\"Conseil et Formation\",\"publisher\":{\"@id\":\"https:\/\/www.totem-formation.fr\/es\/#organization\"},\"potentialAction\":[{\"@type\":\"SearchAction\",\"target\":{\"@type\":\"EntryPoint\",\"urlTemplate\":\"https:\/\/www.totem-formation.fr\/es\/?s={search_term_string}\"},\"query-input\":{\"@type\":\"PropertyValueSpecification\",\"valueRequired\":true,\"valueName\":\"search_term_string\"}}],\"inLanguage\":\"es\"},{\"@type\":\"Organization\",\"@id\":\"https:\/\/www.totem-formation.fr\/es\/#organization\",\"name\":\"Totem Formation\",\"url\":\"https:\/\/www.totem-formation.fr\/es\/\",\"logo\":{\"@type\":\"ImageObject\",\"inLanguage\":\"es\",\"@id\":\"https:\/\/www.totem-formation.fr\/es\/#\/schema\/logo\/image\/\",\"url\":\"https:\/\/www.totem-formation.fr\/wp-content\/uploads\/2015\/07\/logo-totem-moyen.png\",\"contentUrl\":\"https:\/\/www.totem-formation.fr\/wp-content\/uploads\/2015\/07\/logo-totem-moyen.png\",\"width\":400,\"height\":130,\"caption\":\"Totem Formation\"},\"image\":{\"@id\":\"https:\/\/www.totem-formation.fr\/es\/#\/schema\/logo\/image\/\"},\"sameAs\":[\"http:\/\/www.facebook.com\/TotemConseilFormation\",\"https:\/\/x.com\/totem_cpl\"]}]}<\/script>\n<!-- \/ Yoast SEO plugin. -->","yoast_head_json":{"title":"Ense\u00f1anza TOTEM - Totem Consultor\u00eda y Formaci\u00f3n","description":"Los manuales se proporcionar\u00e1n unos d\u00edas antes para que puedas familiarizarte con el contenido y los conceptos tratados.","robots":{"index":"index","follow":"follow","max-snippet":"max-snippet:-1","max-image-preview":"max-image-preview:large","max-video-preview":"max-video-preview:-1"},"canonical":"https:\/\/www.totem-formation.fr\/es\/ensenanza\/","og_locale":"es_ES","og_type":"article","og_title":"Ense\u00f1anza TOTEM - Totem Consultor\u00eda y Formaci\u00f3n","og_description":"Los manuales se proporcionar\u00e1n unos d\u00edas antes para que puedas familiarizarte con el contenido y los conceptos tratados.","og_url":"https:\/\/www.totem-formation.fr\/es\/ensenanza\/","og_site_name":"Totem","article_publisher":"http:\/\/www.facebook.com\/TotemConseilFormation","article_modified_time":"2025-05-26T18:11:29+00:00","twitter_card":"summary_large_image","twitter_site":"@totem_cpl","twitter_misc":{"Tiempo de lectura":"2 minutos"},"schema":{"@context":"https:\/\/schema.org","@graph":[{"@type":"WebPage","@id":"https:\/\/www.totem-formation.fr\/es\/ensenanza\/","url":"https:\/\/www.totem-formation.fr\/es\/ensenanza\/","name":"Ense\u00f1anza TOTEM - Totem Consultor\u00eda y Formaci\u00f3n","isPartOf":{"@id":"https:\/\/www.totem-formation.fr\/es\/#website"},"datePublished":"2015-06-25T09:05:57+00:00","dateModified":"2025-05-26T18:11:29+00:00","description":"Los manuales se proporcionar\u00e1n unos d\u00edas antes para que puedas familiarizarte con el contenido y los conceptos tratados.","breadcrumb":{"@id":"https:\/\/www.totem-formation.fr\/es\/ensenanza\/#breadcrumb"},"inLanguage":"es","potentialAction":[{"@type":"ReadAction","target":["https:\/\/www.totem-formation.fr\/es\/ensenanza\/"]}]},{"@type":"BreadcrumbList","@id":"https:\/\/www.totem-formation.fr\/es\/ensenanza\/#breadcrumb","itemListElement":[{"@type":"ListItem","position":1,"name":"Accueil","item":"https:\/\/www.totem-formation.fr\/es\/inicio-nuevo\/"},{"@type":"ListItem","position":2,"name":"Ense\u00f1anza"}]},{"@type":"WebSite","@id":"https:\/\/www.totem-formation.fr\/es\/#website","url":"https:\/\/www.totem-formation.fr\/es\/","name":"Totem","description":"Conseil et Formation","publisher":{"@id":"https:\/\/www.totem-formation.fr\/es\/#organization"},"potentialAction":[{"@type":"SearchAction","target":{"@type":"EntryPoint","urlTemplate":"https:\/\/www.totem-formation.fr\/es\/?s={search_term_string}"},"query-input":{"@type":"PropertyValueSpecification","valueRequired":true,"valueName":"search_term_string"}}],"inLanguage":"es"},{"@type":"Organization","@id":"https:\/\/www.totem-formation.fr\/es\/#organization","name":"Totem Formation","url":"https:\/\/www.totem-formation.fr\/es\/","logo":{"@type":"ImageObject","inLanguage":"es","@id":"https:\/\/www.totem-formation.fr\/es\/#\/schema\/logo\/image\/","url":"https:\/\/www.totem-formation.fr\/wp-content\/uploads\/2015\/07\/logo-totem-moyen.png","contentUrl":"https:\/\/www.totem-formation.fr\/wp-content\/uploads\/2015\/07\/logo-totem-moyen.png","width":400,"height":130,"caption":"Totem Formation"},"image":{"@id":"https:\/\/www.totem-formation.fr\/es\/#\/schema\/logo\/image\/"},"sameAs":["http:\/\/www.facebook.com\/TotemConseilFormation","https:\/\/x.com\/totem_cpl"]}]}},"_links":{"self":[{"href":"https:\/\/www.totem-formation.fr\/es\/wp-json\/wp\/v2\/pages\/15318","targetHints":{"allow":["GET"]}}],"collection":[{"href":"https:\/\/www.totem-formation.fr\/es\/wp-json\/wp\/v2\/pages"}],"about":[{"href":"https:\/\/www.totem-formation.fr\/es\/wp-json\/wp\/v2\/types\/page"}],"author":[{"embeddable":true,"href":"https:\/\/www.totem-formation.fr\/es\/wp-json\/wp\/v2\/users\/1"}],"replies":[{"embeddable":true,"href":"https:\/\/www.totem-formation.fr\/es\/wp-json\/wp\/v2\/comments?post=15318"}],"version-history":[{"count":15,"href":"https:\/\/www.totem-formation.fr\/es\/wp-json\/wp\/v2\/pages\/15318\/revisions"}],"predecessor-version":[{"id":15590,"href":"https:\/\/www.totem-formation.fr\/es\/wp-json\/wp\/v2\/pages\/15318\/revisions\/15590"}],"wp:attachment":[{"href":"https:\/\/www.totem-formation.fr\/es\/wp-json\/wp\/v2\/media?parent=15318"}],"curies":[{"name":"wp","href":"https:\/\/api.w.org\/{rel}","templated":true}]}}