{"id":15286,"date":"2015-06-25T10:05:20","date_gmt":"2015-06-25T09:05:20","guid":{"rendered":"https:\/\/www.totem-formation.fr\/rendimiento-comercial\/"},"modified":"2025-05-26T19:11:29","modified_gmt":"2025-05-26T18:11:29","slug":"rendimiento-comercial","status":"publish","type":"page","link":"https:\/\/www.totem-formation.fr\/es\/rendimiento-comercial\/","title":{"rendered":"Rendimiento comercial"},"content":{"rendered":"<div class=\"wpb-content-wrapper\"><p>[vc_row][vc_column][vc_separator color=\u00bbblack\u00bb style=\u00bbshadow\u00bb][\/vc_column][\/vc_row][vc_row row_type=\u00bbnormal\u00bb parallax_bg=\u00bb\u00bb css=\u00bb.vc_custom_1436256604136{padding-top: 35px !important;padding-bottom: 35px !important;}\u00bb gmbt_prlx_bg_type=\u00bbparallax\u00bb gmbt_prlx_break_parents=\u00bb0&#8243; gmbt_prlx_smooth_scrolling=\u00bb\u00bb gmbt_prlx_video_youtube_mute=\u00bb\u00bb gmbt_prlx_video_youtube_loop_trigger=\u00bb0&#8243; gmbt_prlx_video_aspect_ratio=\u00bb16:9&#8243; gmbt_prlx_parallax=\u00bbnone\u00bb gmbt_prlx_speed=\u00bb0.3&#8243; gmbt_prlx_enable_mobile=\u00bb\u00bb][vc_column width=\u00bb2\/3&#8243;][vc_column_text]<\/p>\n<h1>Rendimiento comercial<\/h1>\n<p><strong>En un clima econ\u00f3mico tenso, las empresas necesitan m\u00e1s que nunca formar a sus equipos para afrontar los retos de un negocio complejo.<\/strong><\/p>\n<p>En Totem, nuestra principal ambici\u00f3n es ense\u00f1ar a los vendedores a \u201cponerse en el lugar del cliente\u201d para comprender mejor sus expectativas. Deben aprender a anticipar y optimizar su tiempo, a analizar las limitaciones y prioridades, a asesorar sin simplificar demasiado su mensaje y compartiendo sus conocimientos, y, por \u00faltimo, a comprometerse personalmente estando disponibles y respondiendo. As\u00ed podr\u00e1n identificar y aprovechar las oportunidades de negocio&#8230;[\/vc_column_text][vc_column_text css=\u00bb.vc_custom_1436257663075{padding-top: 35px !important;padding-bottom: 35px !important;}\u00bb]<\/p>\n<blockquote><p><b> <\/b><b>\u201cPara ganar el bien, el saber hacer es mejor que el saber\u201d<\/b><br \/>\nBeaumarchais, El barbero de Sevilla<\/p><\/blockquote>\n<h2><\/h2>\n<p>[\/vc_column_text][vc_column_text css=\u00bb.vc_custom_1487923212303{padding-top: 35px !important;padding-bottom: 0px !important;}\u00bb]<\/p>\n<h4><b><\/b><span style=\"color: #333333;\"><b>La respuesta TOTEM : <\/b><strong>un enfoque de responsabilidad compartida<\/strong><\/span><b><br \/>\n<\/b><\/h4>\n<p>El papel del cliente es decidir, y el del vendedor ayudarle a tomar la decisi\u00f3n correcta.<\/p>\n<p><span style=\"color: #f0592b;\">-<\/span> <span style=\"color: #333333;\">Caracterizo la situaci\u00f3n de venta<br \/>\n - Decido: \u201cIntenci\u00f3n de venta\u201d<br \/>\n - Desarrollo t\u00e9cnicas de venta ad hoc<br \/>\n - Mido el efecto producido<br \/>\n<\/span>[\/vc_column_text][vc_column_text css=\u00bb.vc_custom_1487923190953{padding-top: 35px !important;}\u00bb]<\/p>\n<h4><b><\/b><span style=\"color: #333333;\"><b>Los itinerarios de venta ToTEM : <\/b><strong>M\u00f3dulos progresivos para situaciones de venta complejas<\/strong><\/span><b><br \/>\n<\/b><\/h4>\n<p>Creemos que pasar de un m\u00f3dulo a otro no es autom\u00e1tico. \u00bfPor qu\u00e9 desarrollar un principio de elegibilidad? Para que los vendedores sean m\u00e1s responsables en sus esfuerzos por aplicar los m\u00f3dulos y para dar sentido al entrenamiento del director.  <\/p>\n<p><span style=\"color: #f0592b;\">-<\/span><span style=\"color: #333333;\"><strong> M\u00f3dulo 1:<\/strong> Informar y convencer a un cliente cooperativo o reticente<br \/>\n<\/span><span style=\"color: #f0592b;\">-<\/span> <span style=\"color: #333333;\"><strong>M\u00f3dulo 2:<\/strong> Influir en un cliente que expresa verdadera objeci\u00f3n o indiferencia<br \/>\n<\/span><span style=\"color: #f0592b;\">-<\/span><strong> <span style=\"color: #333333;\">M\u00f3dulo 3:<\/span><\/strong><span style=\"color: #333333;\"> Marcar la diferencia en una situaci\u00f3n de negociaci\u00f3n. <\/span>[\/vc_column_text][vc_column_text css=\u00bb.vc_custom_1442394730323{padding-top: 35px !important;padding-bottom: 35px !important;}\u00bb]<\/p>\n<h4><b><\/b><span style=\"color: #333333;\"><b>Diferenciaci\u00f3n t\u00f3tem : <\/b><strong>la creaci\u00f3n de campus y escuelas de ventas<\/strong><\/span><b><br \/>\n<\/b><\/h4>\n<p>Desde hace varios a\u00f1os, Totem desarrolla campus y escuelas de ventas internas para transmitir su saber hacer a sus clientes. Al ayudar a las empresas a formar a sus equipos para responder mejor a los retos empresariales, alimentamos sus ambiciones de la mejor manera posible. Los equipos de direcci\u00f3n est\u00e1n muy implicados, los comerciales est\u00e1n capacitados desde el principio, y estos \u201csistemas propios\u201d les permiten desarrollar una autonom\u00eda real en la actualizaci\u00f3n de la formaci\u00f3n para adaptarla a su entorno empresarial. Para nuestros clientes, la rentabilidad de la inversi\u00f3n derivada de la creaci\u00f3n de estas estructuras es incuestionable.[\/vc_column_text][\/vc_column][vc_column width=\u00bb1\/3&#8243;][vc_single_image image=\u00bb13189&#8243; img_size=\u00bblarge\u00bb][vc_column_text]<b>REFERENCIAS DE CLIENTES<br \/>\n<\/b><strong>Sedes de ventas<\/strong><strong>nacionales:<\/strong><br \/>\nMondelez, Delpeyrat, Lotus<\/p>\n<p><strong>Sedes de ventas internacionales:<\/strong><br \/>\nBoiron, Remy Cointreau, Heineken[\/vc_column_text][vc_btn title=\u00bbEficacia del Coaching\u00bb color=\u00bbwarning\u00bb size=\u00bblg\u00bb link=\u00bburl:http%3A%2F%2Fwww.totem-formation.fr%2Fefficacite-coaching%2F|title:Eficacia%20de%20la%20incubaci%C3%B3n|\u00bb][vc_btn title=\u00bbGesti\u00f3n\u00bb color=\u00bbwarning\u00bb size=\u00bblg\u00bb link=\u00bburl:https%3A%2F%2Fwww.totem-formation.fr%2Fes%2Fvalor-anadido-de-gestion%2F|title:Gesti%C3%B3n|\u00bb][vc_btn title=\u00bbEnse\u00f1anza\u00bb color=\u00bbwarning\u00bb size=\u00bblg\u00bb link=\u00bburl:https%3A%2F%2Fwww.totem-formation.fr%2Fes%2Fensenanza%2F|title:Ense%C3%B1anza|\u00bb][vc_btn title=\u00bbAplicaci\u00f3n de campo\u00bb color=\u00bbwarning\u00bb size=\u00bblg\u00bb link=\u00bburl:https%3A%2F%2Fwww.totem-formation.fr%2Fes%2Faplicacion-sobre-el-terreno%2F|title:Aplicaci%C3%B3n%20de%20campo|\u00bb][\/vc_column][\/vc_row]<\/p>\n<\/div>","protected":false},"excerpt":{"rendered":"<p>[vc_row][vc_column][vc_separator color=\u00bbblack\u00bb style=\u00bbshadow\u00bb][\/vc_column][\/vc_row][vc_row row_type=\u00bbnormal\u00bb parallax_bg=\u00bb\u00bb css=\u00bb.vc_custom_1436256604136{padding-top: 35px !important;padding-bottom: 35px !important;}\u00bb gmbt_prlx_bg_type=\u00bbparallax\u00bb gmbt_prlx_break_parents=\u00bb0&#8243; gmbt_prlx_smooth_scrolling=\u00bb\u00bb gmbt_prlx_video_youtube_mute=\u00bb\u00bb gmbt_prlx_video_youtube_loop_trigger=\u00bb0&#8243; gmbt_prlx_video_aspect_ratio=\u00bb16:9&#8243; gmbt_prlx_parallax=\u00bbnone\u00bb gmbt_prlx_speed=\u00bb0.3&#8243; gmbt_prlx_enable_mobile=\u00bb\u00bb][vc_column width=\u00bb2\/3&#8243;][vc_column_text] Rendimiento comercial En un clima econ\u00f3mico tenso, las empresas necesitan m\u00e1s que nunca formar a sus equipos para afrontar los retos de un negocio complejo. En Totem, nuestra principal ambici\u00f3n es ense\u00f1ar a los vendedores&hellip;<\/p>\n","protected":false},"author":1,"featured_media":0,"parent":0,"menu_order":0,"comment_status":"open","ping_status":"open","template":"","meta":{"_acf_changed":false,"footnotes":""},"class_list":["post-15286","page","type-page","status-publish","hentry"],"acf":[],"yoast_head":"<!-- This site is optimized with the Yoast SEO plugin v25.1 - https:\/\/yoast.com\/wordpress\/plugins\/seo\/ -->\n<title>Rendimiento comercial - Totem<\/title>\n<meta name=\"description\" content=\"En Totem, nuestra principal ambici\u00f3n es ense\u00f1ar a los vendedores a \u201cponerse en el lugar del cliente\u201d para comprender mejor sus expectativas.\" \/>\n<meta name=\"robots\" content=\"index, follow, max-snippet:-1, max-image-preview:large, max-video-preview:-1\" \/>\n<link rel=\"canonical\" href=\"https:\/\/www.totem-formation.fr\/es\/rendimiento-comercial\/\" \/>\n<meta property=\"og:locale\" content=\"es_ES\" \/>\n<meta property=\"og:type\" content=\"article\" \/>\n<meta property=\"og:title\" content=\"Rendimiento comercial - Totem\" \/>\n<meta property=\"og:description\" content=\"En Totem, nuestra principal ambici\u00f3n es ense\u00f1ar a los vendedores a \u201cponerse en el lugar del cliente\u201d para comprender mejor sus expectativas.\" \/>\n<meta property=\"og:url\" content=\"https:\/\/www.totem-formation.fr\/es\/rendimiento-comercial\/\" \/>\n<meta property=\"og:site_name\" content=\"Totem\" \/>\n<meta property=\"article:publisher\" content=\"http:\/\/www.facebook.com\/TotemConseilFormation\" \/>\n<meta property=\"article:modified_time\" content=\"2025-05-26T18:11:29+00:00\" \/>\n<meta name=\"twitter:card\" content=\"summary_large_image\" \/>\n<meta name=\"twitter:site\" content=\"@totem_cpl\" \/>\n<meta name=\"twitter:label1\" content=\"Tiempo de lectura\" \/>\n\t<meta name=\"twitter:data1\" content=\"3 minutos\" \/>\n<script type=\"application\/ld+json\" class=\"yoast-schema-graph\">{\"@context\":\"https:\/\/schema.org\",\"@graph\":[{\"@type\":\"WebPage\",\"@id\":\"https:\/\/www.totem-formation.fr\/es\/rendimiento-comercial\/\",\"url\":\"https:\/\/www.totem-formation.fr\/es\/rendimiento-comercial\/\",\"name\":\"Rendimiento comercial - Totem\",\"isPartOf\":{\"@id\":\"https:\/\/www.totem-formation.fr\/es\/#website\"},\"datePublished\":\"2015-06-25T09:05:20+00:00\",\"dateModified\":\"2025-05-26T18:11:29+00:00\",\"description\":\"En Totem, nuestra principal ambici\u00f3n es ense\u00f1ar a los vendedores a \u201cponerse en el lugar del cliente\u201d para comprender mejor sus expectativas.\",\"breadcrumb\":{\"@id\":\"https:\/\/www.totem-formation.fr\/es\/rendimiento-comercial\/#breadcrumb\"},\"inLanguage\":\"es\",\"potentialAction\":[{\"@type\":\"ReadAction\",\"target\":[\"https:\/\/www.totem-formation.fr\/es\/rendimiento-comercial\/\"]}]},{\"@type\":\"BreadcrumbList\",\"@id\":\"https:\/\/www.totem-formation.fr\/es\/rendimiento-comercial\/#breadcrumb\",\"itemListElement\":[{\"@type\":\"ListItem\",\"position\":1,\"name\":\"Accueil\",\"item\":\"https:\/\/www.totem-formation.fr\/es\/inicio-nuevo\/\"},{\"@type\":\"ListItem\",\"position\":2,\"name\":\"Rendimiento comercial\"}]},{\"@type\":\"WebSite\",\"@id\":\"https:\/\/www.totem-formation.fr\/es\/#website\",\"url\":\"https:\/\/www.totem-formation.fr\/es\/\",\"name\":\"Totem\",\"description\":\"Conseil et Formation\",\"publisher\":{\"@id\":\"https:\/\/www.totem-formation.fr\/es\/#organization\"},\"potentialAction\":[{\"@type\":\"SearchAction\",\"target\":{\"@type\":\"EntryPoint\",\"urlTemplate\":\"https:\/\/www.totem-formation.fr\/es\/?s={search_term_string}\"},\"query-input\":{\"@type\":\"PropertyValueSpecification\",\"valueRequired\":true,\"valueName\":\"search_term_string\"}}],\"inLanguage\":\"es\"},{\"@type\":\"Organization\",\"@id\":\"https:\/\/www.totem-formation.fr\/es\/#organization\",\"name\":\"Totem Formation\",\"url\":\"https:\/\/www.totem-formation.fr\/es\/\",\"logo\":{\"@type\":\"ImageObject\",\"inLanguage\":\"es\",\"@id\":\"https:\/\/www.totem-formation.fr\/es\/#\/schema\/logo\/image\/\",\"url\":\"https:\/\/www.totem-formation.fr\/wp-content\/uploads\/2015\/07\/logo-totem-moyen.png\",\"contentUrl\":\"https:\/\/www.totem-formation.fr\/wp-content\/uploads\/2015\/07\/logo-totem-moyen.png\",\"width\":400,\"height\":130,\"caption\":\"Totem Formation\"},\"image\":{\"@id\":\"https:\/\/www.totem-formation.fr\/es\/#\/schema\/logo\/image\/\"},\"sameAs\":[\"http:\/\/www.facebook.com\/TotemConseilFormation\",\"https:\/\/x.com\/totem_cpl\"]}]}<\/script>\n<!-- \/ Yoast SEO plugin. -->","yoast_head_json":{"title":"Rendimiento comercial - Totem","description":"En Totem, nuestra principal ambici\u00f3n es ense\u00f1ar a los vendedores a \u201cponerse en el lugar del cliente\u201d para comprender mejor sus expectativas.","robots":{"index":"index","follow":"follow","max-snippet":"max-snippet:-1","max-image-preview":"max-image-preview:large","max-video-preview":"max-video-preview:-1"},"canonical":"https:\/\/www.totem-formation.fr\/es\/rendimiento-comercial\/","og_locale":"es_ES","og_type":"article","og_title":"Rendimiento comercial - Totem","og_description":"En Totem, nuestra principal ambici\u00f3n es ense\u00f1ar a los vendedores a \u201cponerse en el lugar del cliente\u201d para comprender mejor sus expectativas.","og_url":"https:\/\/www.totem-formation.fr\/es\/rendimiento-comercial\/","og_site_name":"Totem","article_publisher":"http:\/\/www.facebook.com\/TotemConseilFormation","article_modified_time":"2025-05-26T18:11:29+00:00","twitter_card":"summary_large_image","twitter_site":"@totem_cpl","twitter_misc":{"Tiempo de lectura":"3 minutos"},"schema":{"@context":"https:\/\/schema.org","@graph":[{"@type":"WebPage","@id":"https:\/\/www.totem-formation.fr\/es\/rendimiento-comercial\/","url":"https:\/\/www.totem-formation.fr\/es\/rendimiento-comercial\/","name":"Rendimiento comercial - Totem","isPartOf":{"@id":"https:\/\/www.totem-formation.fr\/es\/#website"},"datePublished":"2015-06-25T09:05:20+00:00","dateModified":"2025-05-26T18:11:29+00:00","description":"En Totem, nuestra principal ambici\u00f3n es ense\u00f1ar a los vendedores a \u201cponerse en el lugar del cliente\u201d para comprender mejor sus expectativas.","breadcrumb":{"@id":"https:\/\/www.totem-formation.fr\/es\/rendimiento-comercial\/#breadcrumb"},"inLanguage":"es","potentialAction":[{"@type":"ReadAction","target":["https:\/\/www.totem-formation.fr\/es\/rendimiento-comercial\/"]}]},{"@type":"BreadcrumbList","@id":"https:\/\/www.totem-formation.fr\/es\/rendimiento-comercial\/#breadcrumb","itemListElement":[{"@type":"ListItem","position":1,"name":"Accueil","item":"https:\/\/www.totem-formation.fr\/es\/inicio-nuevo\/"},{"@type":"ListItem","position":2,"name":"Rendimiento comercial"}]},{"@type":"WebSite","@id":"https:\/\/www.totem-formation.fr\/es\/#website","url":"https:\/\/www.totem-formation.fr\/es\/","name":"Totem","description":"Conseil et Formation","publisher":{"@id":"https:\/\/www.totem-formation.fr\/es\/#organization"},"potentialAction":[{"@type":"SearchAction","target":{"@type":"EntryPoint","urlTemplate":"https:\/\/www.totem-formation.fr\/es\/?s={search_term_string}"},"query-input":{"@type":"PropertyValueSpecification","valueRequired":true,"valueName":"search_term_string"}}],"inLanguage":"es"},{"@type":"Organization","@id":"https:\/\/www.totem-formation.fr\/es\/#organization","name":"Totem Formation","url":"https:\/\/www.totem-formation.fr\/es\/","logo":{"@type":"ImageObject","inLanguage":"es","@id":"https:\/\/www.totem-formation.fr\/es\/#\/schema\/logo\/image\/","url":"https:\/\/www.totem-formation.fr\/wp-content\/uploads\/2015\/07\/logo-totem-moyen.png","contentUrl":"https:\/\/www.totem-formation.fr\/wp-content\/uploads\/2015\/07\/logo-totem-moyen.png","width":400,"height":130,"caption":"Totem Formation"},"image":{"@id":"https:\/\/www.totem-formation.fr\/es\/#\/schema\/logo\/image\/"},"sameAs":["http:\/\/www.facebook.com\/TotemConseilFormation","https:\/\/x.com\/totem_cpl"]}]}},"_links":{"self":[{"href":"https:\/\/www.totem-formation.fr\/es\/wp-json\/wp\/v2\/pages\/15286","targetHints":{"allow":["GET"]}}],"collection":[{"href":"https:\/\/www.totem-formation.fr\/es\/wp-json\/wp\/v2\/pages"}],"about":[{"href":"https:\/\/www.totem-formation.fr\/es\/wp-json\/wp\/v2\/types\/page"}],"author":[{"embeddable":true,"href":"https:\/\/www.totem-formation.fr\/es\/wp-json\/wp\/v2\/users\/1"}],"replies":[{"embeddable":true,"href":"https:\/\/www.totem-formation.fr\/es\/wp-json\/wp\/v2\/comments?post=15286"}],"version-history":[{"count":3,"href":"https:\/\/www.totem-formation.fr\/es\/wp-json\/wp\/v2\/pages\/15286\/revisions"}],"predecessor-version":[{"id":15595,"href":"https:\/\/www.totem-formation.fr\/es\/wp-json\/wp\/v2\/pages\/15286\/revisions\/15595"}],"wp:attachment":[{"href":"https:\/\/www.totem-formation.fr\/es\/wp-json\/wp\/v2\/media?parent=15286"}],"curies":[{"name":"wp","href":"https:\/\/api.w.org\/{rel}","templated":true}]}}