{"id":15275,"date":"2013-10-24T12:04:06","date_gmt":"2013-10-24T11:04:06","guid":{"rendered":"https:\/\/www.totem-formation.fr\/informacion-legal\/"},"modified":"2025-05-26T19:11:55","modified_gmt":"2025-05-26T18:11:55","slug":"informacion-legal","status":"publish","type":"page","link":"https:\/\/www.totem-formation.fr\/es\/informacion-legal\/","title":{"rendered":"Informaci\u00f3n legal"},"content":{"rendered":"<div class=\"wpb-content-wrapper\"><p>[vc_row css=\u00bb.vc_custom_1595835862419{padding-top: 50px !important;padding-bottom: 50px !important;}\u00bb][vc_column][vc_column_text]El sitio web de Totem Formation est\u00e1 alojado en phpnet.<\/p>\n<p>TOTEM CPL, 24 Rue de Sur\u00e8ne, 75008 PAR\u00cdS. Sarl au capital de 8.100 \u20ac - RCS PARIS B 433 821 725<br \/>\n\u00abd\u00e9claration d \u201cactivit\u00e9 enregistr\u00e9e sous le n\u00b0 11 75 34 51 375 aupr\u00e8s du pr\u00e9fet de r\u00e9gion d\u201d Ile-de-France\u00bb. <\/p>\n<hr>\n<p><strong>Acogida de participantes con discapacidad<\/strong><br \/>\nComo establecimiento abierto al p\u00fablico (ERP), nuestra organizaci\u00f3n de formaci\u00f3n Totem hace todo lo posible para acoger a personas con discapacidad, con el fin de garantizar la igualdad de derechos y oportunidades en el acceso a la formaci\u00f3n y las cualificaciones. Cf. Art. D5211-2 y ss. del C\u00f3digo Laboral. En particular con referencia a la <a href=\"https:\/\/www.legifrance.gouv.fr\/affichTexte.do?cidTexte=JORFTEXT000000809647\" target=\"_blank\" rel=\"noopener noreferrer\">Ley de 11\/02\/2005 sobre igualdad de derechos y oportunidades, participaci\u00f3n y ciudadan\u00eda de las personas con discapacidad<\/a>.    <\/p>\n<ul>\n<li><strong>Desarrollando la accesibilidad de los cursos de formaci\u00f3n:<\/strong> pensando y organizando la acogida de las personas discapacitadas incluso antes de que asistan a los cursos de formaci\u00f3n (entrevistas previas, preparaci\u00f3n individual, visita virtual a la consulta para validar las disposiciones y adaptaciones necesarias).<\/li>\n<li><strong>Desarrollando la capacidad de sus equipos para compensar la discapacidad<\/strong> de los alumnos, siempre que sea necesario: apoyo reforzado y adaptado durante la formaci\u00f3n, seguimiento individual, coaching descendente en los lugares de trabajo.<\/li>\n<li><strong>Garantizar que todas las instalaciones del<\/strong> centro de formaci\u00f3n <strong>sean accesibles<\/strong>. Nuestro establecimiento cumple las normas de accesibilidad para discapacitados, c.f. Decreto n\u00ba 2017-431 de 28 de marzo de 2017 sobre el registro p\u00fablico de accesibilidad. <\/li>\n<\/ul>\n<p>[\/vc_column_text][\/vc_column][\/vc_row]<\/p>\n<\/div>","protected":false},"excerpt":{"rendered":"<p>[vc_row css=\u00bb.vc_custom_1595835862419{padding-top: 50px !important;padding-bottom: 50px !important;}\u00bb][vc_column][vc_column_text]El sitio web de Totem Formation est\u00e1 alojado en phpnet. TOTEM CPL, 24 Rue de Sur\u00e8ne, 75008 PAR\u00cdS. Sarl au capital de 8.100 \u20ac - RCS PARIS B 433 821 725 \u00abd\u00e9claration d \u201cactivit\u00e9 enregistr\u00e9e sous le n\u00b0 11 75 34 51 375 aupr\u00e8s du pr\u00e9fet de r\u00e9gion d\u201d Ile-de-France\u00bb.&hellip;<\/p>\n","protected":false},"author":1,"featured_media":0,"parent":0,"menu_order":0,"comment_status":"closed","ping_status":"closed","template":"","meta":{"_acf_changed":false,"footnotes":""},"class_list":["post-15275","page","type-page","status-publish","hentry"],"acf":[],"yoast_head":"<!-- This site is optimized with the Yoast SEO plugin v25.1 - https:\/\/yoast.com\/wordpress\/plugins\/seo\/ -->\n<title>Informaci\u00f3n legal - Totem Consultor\u00eda y Formaci\u00f3n<\/title>\n<meta name=\"robots\" content=\"index, follow, max-snippet:-1, max-image-preview:large, max-video-preview:-1\" \/>\n<link rel=\"canonical\" href=\"https:\/\/www.totem-formation.fr\/es\/informacion-legal\/\" \/>\n<meta property=\"og:locale\" content=\"es_ES\" \/>\n<meta property=\"og:type\" content=\"article\" \/>\n<meta property=\"og:title\" content=\"Informaci\u00f3n legal - Totem Consultor\u00eda y Formaci\u00f3n\" \/>\n<meta property=\"og:description\" content=\"[vc_row css=\u00bb.vc_custom_1595835862419{padding-top: 50px !important;padding-bottom: 50px !important;}\u00bb][vc_column][vc_column_text]El sitio web de Totem Formation est\u00e1 alojado en phpnet. TOTEM CPL, 24 Rue de Sur\u00e8ne, 75008 PAR\u00cdS. Sarl au capital de 8.100 \u20ac - RCS PARIS B 433 821 725 \u00abd\u00e9claration d \u201cactivit\u00e9 enregistr\u00e9e sous le n\u00b0 11 75 34 51 375 aupr\u00e8s du pr\u00e9fet de r\u00e9gion d\u201d Ile-de-France\u00bb.&hellip;\" \/>\n<meta property=\"og:url\" content=\"https:\/\/www.totem-formation.fr\/es\/informacion-legal\/\" \/>\n<meta property=\"og:site_name\" content=\"Totem\" \/>\n<meta property=\"article:publisher\" content=\"http:\/\/www.facebook.com\/TotemConseilFormation\" \/>\n<meta property=\"article:modified_time\" content=\"2025-05-26T18:11:55+00:00\" \/>\n<meta name=\"twitter:card\" content=\"summary_large_image\" \/>\n<meta name=\"twitter:site\" content=\"@totem_cpl\" \/>\n<meta name=\"twitter:label1\" content=\"Tiempo de lectura\" \/>\n\t<meta name=\"twitter:data1\" content=\"1 minuto\" \/>\n<script type=\"application\/ld+json\" class=\"yoast-schema-graph\">{\"@context\":\"https:\/\/schema.org\",\"@graph\":[{\"@type\":\"WebPage\",\"@id\":\"https:\/\/www.totem-formation.fr\/es\/informacion-legal\/\",\"url\":\"https:\/\/www.totem-formation.fr\/es\/informacion-legal\/\",\"name\":\"Informaci\u00f3n legal - Totem Consultor\u00eda y Formaci\u00f3n\",\"isPartOf\":{\"@id\":\"https:\/\/www.totem-formation.fr\/es\/#website\"},\"datePublished\":\"2013-10-24T11:04:06+00:00\",\"dateModified\":\"2025-05-26T18:11:55+00:00\",\"breadcrumb\":{\"@id\":\"https:\/\/www.totem-formation.fr\/es\/informacion-legal\/#breadcrumb\"},\"inLanguage\":\"es\",\"potentialAction\":[{\"@type\":\"ReadAction\",\"target\":[\"https:\/\/www.totem-formation.fr\/es\/informacion-legal\/\"]}]},{\"@type\":\"BreadcrumbList\",\"@id\":\"https:\/\/www.totem-formation.fr\/es\/informacion-legal\/#breadcrumb\",\"itemListElement\":[{\"@type\":\"ListItem\",\"position\":1,\"name\":\"Accueil\",\"item\":\"https:\/\/www.totem-formation.fr\/es\/inicio-nuevo\/\"},{\"@type\":\"ListItem\",\"position\":2,\"name\":\"Informaci\u00f3n legal\"}]},{\"@type\":\"WebSite\",\"@id\":\"https:\/\/www.totem-formation.fr\/es\/#website\",\"url\":\"https:\/\/www.totem-formation.fr\/es\/\",\"name\":\"Totem\",\"description\":\"Conseil et Formation\",\"publisher\":{\"@id\":\"https:\/\/www.totem-formation.fr\/es\/#organization\"},\"potentialAction\":[{\"@type\":\"SearchAction\",\"target\":{\"@type\":\"EntryPoint\",\"urlTemplate\":\"https:\/\/www.totem-formation.fr\/es\/?s={search_term_string}\"},\"query-input\":{\"@type\":\"PropertyValueSpecification\",\"valueRequired\":true,\"valueName\":\"search_term_string\"}}],\"inLanguage\":\"es\"},{\"@type\":\"Organization\",\"@id\":\"https:\/\/www.totem-formation.fr\/es\/#organization\",\"name\":\"Totem Formation\",\"url\":\"https:\/\/www.totem-formation.fr\/es\/\",\"logo\":{\"@type\":\"ImageObject\",\"inLanguage\":\"es\",\"@id\":\"https:\/\/www.totem-formation.fr\/es\/#\/schema\/logo\/image\/\",\"url\":\"https:\/\/www.totem-formation.fr\/wp-content\/uploads\/2015\/07\/logo-totem-moyen.png\",\"contentUrl\":\"https:\/\/www.totem-formation.fr\/wp-content\/uploads\/2015\/07\/logo-totem-moyen.png\",\"width\":400,\"height\":130,\"caption\":\"Totem Formation\"},\"image\":{\"@id\":\"https:\/\/www.totem-formation.fr\/es\/#\/schema\/logo\/image\/\"},\"sameAs\":[\"http:\/\/www.facebook.com\/TotemConseilFormation\",\"https:\/\/x.com\/totem_cpl\"]}]}<\/script>\n<!-- \/ Yoast SEO plugin. -->","yoast_head_json":{"title":"Informaci\u00f3n legal - Totem Consultor\u00eda y Formaci\u00f3n","robots":{"index":"index","follow":"follow","max-snippet":"max-snippet:-1","max-image-preview":"max-image-preview:large","max-video-preview":"max-video-preview:-1"},"canonical":"https:\/\/www.totem-formation.fr\/es\/informacion-legal\/","og_locale":"es_ES","og_type":"article","og_title":"Informaci\u00f3n legal - Totem Consultor\u00eda y Formaci\u00f3n","og_description":"[vc_row css=\u00bb.vc_custom_1595835862419{padding-top: 50px !important;padding-bottom: 50px !important;}\u00bb][vc_column][vc_column_text]El sitio web de Totem Formation est\u00e1 alojado en phpnet. TOTEM CPL, 24 Rue de Sur\u00e8ne, 75008 PAR\u00cdS. Sarl au capital de 8.100 \u20ac - RCS PARIS B 433 821 725 \u00abd\u00e9claration d \u201cactivit\u00e9 enregistr\u00e9e sous le n\u00b0 11 75 34 51 375 aupr\u00e8s du pr\u00e9fet de r\u00e9gion d\u201d Ile-de-France\u00bb.&hellip;","og_url":"https:\/\/www.totem-formation.fr\/es\/informacion-legal\/","og_site_name":"Totem","article_publisher":"http:\/\/www.facebook.com\/TotemConseilFormation","article_modified_time":"2025-05-26T18:11:55+00:00","twitter_card":"summary_large_image","twitter_site":"@totem_cpl","twitter_misc":{"Tiempo de lectura":"1 minuto"},"schema":{"@context":"https:\/\/schema.org","@graph":[{"@type":"WebPage","@id":"https:\/\/www.totem-formation.fr\/es\/informacion-legal\/","url":"https:\/\/www.totem-formation.fr\/es\/informacion-legal\/","name":"Informaci\u00f3n legal - Totem Consultor\u00eda y Formaci\u00f3n","isPartOf":{"@id":"https:\/\/www.totem-formation.fr\/es\/#website"},"datePublished":"2013-10-24T11:04:06+00:00","dateModified":"2025-05-26T18:11:55+00:00","breadcrumb":{"@id":"https:\/\/www.totem-formation.fr\/es\/informacion-legal\/#breadcrumb"},"inLanguage":"es","potentialAction":[{"@type":"ReadAction","target":["https:\/\/www.totem-formation.fr\/es\/informacion-legal\/"]}]},{"@type":"BreadcrumbList","@id":"https:\/\/www.totem-formation.fr\/es\/informacion-legal\/#breadcrumb","itemListElement":[{"@type":"ListItem","position":1,"name":"Accueil","item":"https:\/\/www.totem-formation.fr\/es\/inicio-nuevo\/"},{"@type":"ListItem","position":2,"name":"Informaci\u00f3n legal"}]},{"@type":"WebSite","@id":"https:\/\/www.totem-formation.fr\/es\/#website","url":"https:\/\/www.totem-formation.fr\/es\/","name":"Totem","description":"Conseil et Formation","publisher":{"@id":"https:\/\/www.totem-formation.fr\/es\/#organization"},"potentialAction":[{"@type":"SearchAction","target":{"@type":"EntryPoint","urlTemplate":"https:\/\/www.totem-formation.fr\/es\/?s={search_term_string}"},"query-input":{"@type":"PropertyValueSpecification","valueRequired":true,"valueName":"search_term_string"}}],"inLanguage":"es"},{"@type":"Organization","@id":"https:\/\/www.totem-formation.fr\/es\/#organization","name":"Totem Formation","url":"https:\/\/www.totem-formation.fr\/es\/","logo":{"@type":"ImageObject","inLanguage":"es","@id":"https:\/\/www.totem-formation.fr\/es\/#\/schema\/logo\/image\/","url":"https:\/\/www.totem-formation.fr\/wp-content\/uploads\/2015\/07\/logo-totem-moyen.png","contentUrl":"https:\/\/www.totem-formation.fr\/wp-content\/uploads\/2015\/07\/logo-totem-moyen.png","width":400,"height":130,"caption":"Totem Formation"},"image":{"@id":"https:\/\/www.totem-formation.fr\/es\/#\/schema\/logo\/image\/"},"sameAs":["http:\/\/www.facebook.com\/TotemConseilFormation","https:\/\/x.com\/totem_cpl"]}]}},"_links":{"self":[{"href":"https:\/\/www.totem-formation.fr\/es\/wp-json\/wp\/v2\/pages\/15275","targetHints":{"allow":["GET"]}}],"collection":[{"href":"https:\/\/www.totem-formation.fr\/es\/wp-json\/wp\/v2\/pages"}],"about":[{"href":"https:\/\/www.totem-formation.fr\/es\/wp-json\/wp\/v2\/types\/page"}],"author":[{"embeddable":true,"href":"https:\/\/www.totem-formation.fr\/es\/wp-json\/wp\/v2\/users\/1"}],"replies":[{"embeddable":true,"href":"https:\/\/www.totem-formation.fr\/es\/wp-json\/wp\/v2\/comments?post=15275"}],"version-history":[{"count":2,"href":"https:\/\/www.totem-formation.fr\/es\/wp-json\/wp\/v2\/pages\/15275\/revisions"}],"predecessor-version":[{"id":15277,"href":"https:\/\/www.totem-formation.fr\/es\/wp-json\/wp\/v2\/pages\/15275\/revisions\/15277"}],"wp:attachment":[{"href":"https:\/\/www.totem-formation.fr\/es\/wp-json\/wp\/v2\/media?parent=15275"}],"curies":[{"name":"wp","href":"https:\/\/api.w.org\/{rel}","templated":true}]}}