{"id":15320,"date":"2013-10-24T12:04:06","date_gmt":"2013-10-24T11:04:06","guid":{"rendered":"https:\/\/www.totem-formation.fr\/terms-of-use\/"},"modified":"2025-07-11T17:31:14","modified_gmt":"2025-07-11T16:31:14","slug":"terms-of-use","status":"publish","type":"page","link":"https:\/\/www.totem-formation.fr\/en\/terms-of-use\/","title":{"rendered":"Terms of use"},"content":{"rendered":"<div class=\"wpb-content-wrapper\"><p>[vc_row css=&#8221;.vc_custom_1595835862419{padding-top: 50px !important;padding-bottom: 50px !important;}&#8221;][vc_column][vc_column_text]The Totem Formation website is hosted by phpnet.<\/p>\n<p>TOTEM CPL, 24 Rue de Sur\u00e8ne, 75008 PARIS. Sarl au capital de 8.100 \u20ac &#8211; RCS PARIS B 433 821 725<br \/>\n\u201cd\u00e9claration d&#8217;activit\u00e9 enregistr\u00e9e sous le n\u00b0 11 75 34 51 375 aupr\u00e8s du pr\u00e9fet de r\u00e9gion d&#8217;Ile-de-France\u201d. <\/p>\n<hr>\n<p><strong>Welcoming disabled participants<\/strong><br \/>\nAs an establishment open to the public (ERP), our Totem training organization makes every effort to welcome disabled people, in order to guarantee equal rights and opportunities for access to training and qualifications. Cf. Art. D5211-2 et seq. of the French Labor Code. Particularly in reference to the <a href=\"https:\/\/www.legifrance.gouv.fr\/affichTexte.do?cidTexte=JORFTEXT000000809647\" target=\"_blank\" rel=\"noopener noreferrer\">Law of 02\/11\/2005 for equal rights and opportunities, participation and citizenship of disabled people<\/a>.    <\/p>\n<ul>\n<li><strong>By developing the pedagogical accessibility of training courses:<\/strong> by thinking about and organizing the reception of disabled people even before receiving them for training (prior interviews, individual preparation, virtual visit to the practice to validate the necessary arrangements and adaptations).<\/li>\n<li><strong>By developing our teams&#8217; ability to compensate for the disability<\/strong> of trainees, wherever necessary: reinforced and adapted support during training, individual follow-up, downstream coaching on the job sites.<\/li>\n<li><strong>Ensuring the accessibility of all the<\/strong> training center&#8217;s <strong>premises<\/strong>. Our facility complies with Handicap accessibility standards, c.f. Decree N\u00b02017-431, dated March 28, 2017, relating to the public accessibility register. <\/li>\n<\/ul>\n<p>[\/vc_column_text][\/vc_column][\/vc_row]<\/p>\n<\/div>","protected":false},"excerpt":{"rendered":"<p>[vc_row css=&#8221;.vc_custom_1595835862419{padding-top: 50px !important;padding-bottom: 50px !important;}&#8221;][vc_column][vc_column_text]The Totem Formation website is hosted by phpnet. TOTEM CPL, 24 Rue de Sur\u00e8ne, 75008 PARIS. Sarl au capital de 8.100 \u20ac &#8211; RCS PARIS B 433 821 725 \u201cd\u00e9claration d&#8217;activit\u00e9 enregistr\u00e9e sous le n\u00b0 11 75 34 51 375 aupr\u00e8s du pr\u00e9fet de r\u00e9gion d&#8217;Ile-de-France\u201d. Welcoming disabled participants As&hellip;<\/p>\n","protected":false},"author":1,"featured_media":0,"parent":0,"menu_order":0,"comment_status":"closed","ping_status":"closed","template":"","meta":{"_acf_changed":false,"footnotes":""},"class_list":["post-15320","page","type-page","status-publish","hentry"],"acf":[],"yoast_head":"<!-- This site is optimized with the Yoast SEO plugin v25.1 - https:\/\/yoast.com\/wordpress\/plugins\/seo\/ -->\n<title>Terms of use - Totem Consulting and Training<\/title>\n<meta name=\"robots\" content=\"index, follow, max-snippet:-1, max-image-preview:large, max-video-preview:-1\" \/>\n<link rel=\"canonical\" href=\"https:\/\/www.totem-formation.fr\/en\/terms-of-use\/\" \/>\n<meta property=\"og:locale\" content=\"en_US\" \/>\n<meta property=\"og:type\" content=\"article\" \/>\n<meta property=\"og:title\" content=\"Terms of use - Totem Consulting and Training\" \/>\n<meta property=\"og:description\" content=\"[vc_row css=&#8221;.vc_custom_1595835862419{padding-top: 50px !important;padding-bottom: 50px !important;}&#8221;][vc_column][vc_column_text]The Totem Formation website is hosted by phpnet. TOTEM CPL, 24 Rue de Sur\u00e8ne, 75008 PARIS. Sarl au capital de 8.100 \u20ac &#8211; RCS PARIS B 433 821 725 \u201cd\u00e9claration d&#8217;activit\u00e9 enregistr\u00e9e sous le n\u00b0 11 75 34 51 375 aupr\u00e8s du pr\u00e9fet de r\u00e9gion d&#8217;Ile-de-France\u201d. Welcoming disabled participants As&hellip;\" \/>\n<meta property=\"og:url\" content=\"https:\/\/www.totem-formation.fr\/en\/terms-of-use\/\" \/>\n<meta property=\"og:site_name\" content=\"Totem\" \/>\n<meta property=\"article:publisher\" content=\"http:\/\/www.facebook.com\/TotemConseilFormation\" \/>\n<meta property=\"article:modified_time\" content=\"2025-07-11T16:31:14+00:00\" \/>\n<meta name=\"twitter:card\" content=\"summary_large_image\" \/>\n<meta name=\"twitter:site\" content=\"@totem_cpl\" \/>\n<meta name=\"twitter:label1\" content=\"Est. reading time\" \/>\n\t<meta name=\"twitter:data1\" content=\"1 minute\" \/>\n<script type=\"application\/ld+json\" class=\"yoast-schema-graph\">{\"@context\":\"https:\/\/schema.org\",\"@graph\":[{\"@type\":\"WebPage\",\"@id\":\"https:\/\/www.totem-formation.fr\/en\/terms-of-use\/\",\"url\":\"https:\/\/www.totem-formation.fr\/en\/terms-of-use\/\",\"name\":\"Terms of use - Totem Consulting and Training\",\"isPartOf\":{\"@id\":\"https:\/\/www.totem-formation.fr\/en\/#website\"},\"datePublished\":\"2013-10-24T11:04:06+00:00\",\"dateModified\":\"2025-07-11T16:31:14+00:00\",\"breadcrumb\":{\"@id\":\"https:\/\/www.totem-formation.fr\/en\/terms-of-use\/#breadcrumb\"},\"inLanguage\":\"en-US\",\"potentialAction\":[{\"@type\":\"ReadAction\",\"target\":[\"https:\/\/www.totem-formation.fr\/en\/terms-of-use\/\"]}]},{\"@type\":\"BreadcrumbList\",\"@id\":\"https:\/\/www.totem-formation.fr\/en\/terms-of-use\/#breadcrumb\",\"itemListElement\":[{\"@type\":\"ListItem\",\"position\":1,\"name\":\"Accueil\",\"item\":\"https:\/\/www.totem-formation.fr\/en\/home-new\/\"},{\"@type\":\"ListItem\",\"position\":2,\"name\":\"Terms of use\"}]},{\"@type\":\"WebSite\",\"@id\":\"https:\/\/www.totem-formation.fr\/en\/#website\",\"url\":\"https:\/\/www.totem-formation.fr\/en\/\",\"name\":\"Totem\",\"description\":\"Conseil et Formation\",\"publisher\":{\"@id\":\"https:\/\/www.totem-formation.fr\/en\/#organization\"},\"potentialAction\":[{\"@type\":\"SearchAction\",\"target\":{\"@type\":\"EntryPoint\",\"urlTemplate\":\"https:\/\/www.totem-formation.fr\/en\/?s={search_term_string}\"},\"query-input\":{\"@type\":\"PropertyValueSpecification\",\"valueRequired\":true,\"valueName\":\"search_term_string\"}}],\"inLanguage\":\"en-US\"},{\"@type\":\"Organization\",\"@id\":\"https:\/\/www.totem-formation.fr\/en\/#organization\",\"name\":\"Totem Formation\",\"url\":\"https:\/\/www.totem-formation.fr\/en\/\",\"logo\":{\"@type\":\"ImageObject\",\"inLanguage\":\"en-US\",\"@id\":\"https:\/\/www.totem-formation.fr\/en\/#\/schema\/logo\/image\/\",\"url\":\"https:\/\/www.totem-formation.fr\/wp-content\/uploads\/2015\/07\/logo-totem-moyen.png\",\"contentUrl\":\"https:\/\/www.totem-formation.fr\/wp-content\/uploads\/2015\/07\/logo-totem-moyen.png\",\"width\":400,\"height\":130,\"caption\":\"Totem Formation\"},\"image\":{\"@id\":\"https:\/\/www.totem-formation.fr\/en\/#\/schema\/logo\/image\/\"},\"sameAs\":[\"http:\/\/www.facebook.com\/TotemConseilFormation\",\"https:\/\/x.com\/totem_cpl\"]}]}<\/script>\n<!-- \/ Yoast SEO plugin. -->","yoast_head_json":{"title":"Terms of use - Totem Consulting and Training","robots":{"index":"index","follow":"follow","max-snippet":"max-snippet:-1","max-image-preview":"max-image-preview:large","max-video-preview":"max-video-preview:-1"},"canonical":"https:\/\/www.totem-formation.fr\/en\/terms-of-use\/","og_locale":"en_US","og_type":"article","og_title":"Terms of use - Totem Consulting and Training","og_description":"[vc_row css=&#8221;.vc_custom_1595835862419{padding-top: 50px !important;padding-bottom: 50px !important;}&#8221;][vc_column][vc_column_text]The Totem Formation website is hosted by phpnet. TOTEM CPL, 24 Rue de Sur\u00e8ne, 75008 PARIS. Sarl au capital de 8.100 \u20ac &#8211; RCS PARIS B 433 821 725 \u201cd\u00e9claration d&#8217;activit\u00e9 enregistr\u00e9e sous le n\u00b0 11 75 34 51 375 aupr\u00e8s du pr\u00e9fet de r\u00e9gion d&#8217;Ile-de-France\u201d. Welcoming disabled participants As&hellip;","og_url":"https:\/\/www.totem-formation.fr\/en\/terms-of-use\/","og_site_name":"Totem","article_publisher":"http:\/\/www.facebook.com\/TotemConseilFormation","article_modified_time":"2025-07-11T16:31:14+00:00","twitter_card":"summary_large_image","twitter_site":"@totem_cpl","twitter_misc":{"Est. reading time":"1 minute"},"schema":{"@context":"https:\/\/schema.org","@graph":[{"@type":"WebPage","@id":"https:\/\/www.totem-formation.fr\/en\/terms-of-use\/","url":"https:\/\/www.totem-formation.fr\/en\/terms-of-use\/","name":"Terms of use - Totem Consulting and Training","isPartOf":{"@id":"https:\/\/www.totem-formation.fr\/en\/#website"},"datePublished":"2013-10-24T11:04:06+00:00","dateModified":"2025-07-11T16:31:14+00:00","breadcrumb":{"@id":"https:\/\/www.totem-formation.fr\/en\/terms-of-use\/#breadcrumb"},"inLanguage":"en-US","potentialAction":[{"@type":"ReadAction","target":["https:\/\/www.totem-formation.fr\/en\/terms-of-use\/"]}]},{"@type":"BreadcrumbList","@id":"https:\/\/www.totem-formation.fr\/en\/terms-of-use\/#breadcrumb","itemListElement":[{"@type":"ListItem","position":1,"name":"Accueil","item":"https:\/\/www.totem-formation.fr\/en\/home-new\/"},{"@type":"ListItem","position":2,"name":"Terms of use"}]},{"@type":"WebSite","@id":"https:\/\/www.totem-formation.fr\/en\/#website","url":"https:\/\/www.totem-formation.fr\/en\/","name":"Totem","description":"Conseil et Formation","publisher":{"@id":"https:\/\/www.totem-formation.fr\/en\/#organization"},"potentialAction":[{"@type":"SearchAction","target":{"@type":"EntryPoint","urlTemplate":"https:\/\/www.totem-formation.fr\/en\/?s={search_term_string}"},"query-input":{"@type":"PropertyValueSpecification","valueRequired":true,"valueName":"search_term_string"}}],"inLanguage":"en-US"},{"@type":"Organization","@id":"https:\/\/www.totem-formation.fr\/en\/#organization","name":"Totem Formation","url":"https:\/\/www.totem-formation.fr\/en\/","logo":{"@type":"ImageObject","inLanguage":"en-US","@id":"https:\/\/www.totem-formation.fr\/en\/#\/schema\/logo\/image\/","url":"https:\/\/www.totem-formation.fr\/wp-content\/uploads\/2015\/07\/logo-totem-moyen.png","contentUrl":"https:\/\/www.totem-formation.fr\/wp-content\/uploads\/2015\/07\/logo-totem-moyen.png","width":400,"height":130,"caption":"Totem Formation"},"image":{"@id":"https:\/\/www.totem-formation.fr\/en\/#\/schema\/logo\/image\/"},"sameAs":["http:\/\/www.facebook.com\/TotemConseilFormation","https:\/\/x.com\/totem_cpl"]}]}},"_links":{"self":[{"href":"https:\/\/www.totem-formation.fr\/en\/wp-json\/wp\/v2\/pages\/15320","targetHints":{"allow":["GET"]}}],"collection":[{"href":"https:\/\/www.totem-formation.fr\/en\/wp-json\/wp\/v2\/pages"}],"about":[{"href":"https:\/\/www.totem-formation.fr\/en\/wp-json\/wp\/v2\/types\/page"}],"author":[{"embeddable":true,"href":"https:\/\/www.totem-formation.fr\/en\/wp-json\/wp\/v2\/users\/1"}],"replies":[{"embeddable":true,"href":"https:\/\/www.totem-formation.fr\/en\/wp-json\/wp\/v2\/comments?post=15320"}],"version-history":[{"count":9,"href":"https:\/\/www.totem-formation.fr\/en\/wp-json\/wp\/v2\/pages\/15320\/revisions"}],"predecessor-version":[{"id":16479,"href":"https:\/\/www.totem-formation.fr\/en\/wp-json\/wp\/v2\/pages\/15320\/revisions\/16479"}],"wp:attachment":[{"href":"https:\/\/www.totem-formation.fr\/en\/wp-json\/wp\/v2\/media?parent=15320"}],"curies":[{"name":"wp","href":"https:\/\/api.w.org\/{rel}","templated":true}]}}